{"id":79881,"date":"2025-03-27T16:09:49","date_gmt":"2025-03-27T16:09:49","guid":{"rendered":"https:\/\/onlinehardwareshop.de\/index.php\/produkt\/turtle-beach-kone-xp-air-wireless-gaming-maus-wei-2\/"},"modified":"2025-05-14T12:26:23","modified_gmt":"2025-05-14T12:26:23","slug":"turtle-beach-kone-xp-air-wireless-gaming-maus-wei","status":"publish","type":"product","link":"https:\/\/onlinehardwareshop.de\/index.php\/produkt\/turtle-beach-kone-xp-air-wireless-gaming-maus-wei\/","title":{"rendered":"Turtle Beach Kone XP AIR Wireless Gaming-Maus Wei&#xDF;"},"content":{"rendered":"<p>Spiele pr\u00e4zise mit der Turtle Beach Kone XP AIR Wireless Gaming-Maus Wei\u00df und \u00fcberliste deine Gegner. Diese kabellose Gaming-Maus verf\u00fcgt \u00fcber optische TITAN-Switches. Dadurch h\u00e4lt die Gaming-Maus besonders lange. Spielst du viele unterschiedliche Games? Mit einem einstellbaren dpi von bis zu 19.000 verwendest du deine Maus f\u00fcr eine Partie Warzone, aber auch f\u00fcr einen ruhigen Abend mit The Sims. Mit den zehn Tasten legst du bis zu 29 Aktionen im Spiel fest, sodass du mit einem Klick auf die Taste ein Spezialangriff ausf\u00fchrst. Du spielst bis zu 100 Stunden lang, ohne die Maus aufzuladen, sodass du problemlos lange am St\u00fcck zockst. Ist die Gaming-Maus leer? Mit der mitgelieferten Ladestation l\u00e4dst du die Maus innerhalb von zehn Minuten wieder so weit auf, dass du sie weitere f\u00fcnf Stunden nutzen kannst. \u00dcber die Swarm II Software passt du noch mehr Einstellungen wie beispielsweise Makros und Lichteffekte an. So hast du immer die perfekte Maus in der Hand.<\/p>\n","protected":false},"excerpt":{"rendered":"<p>Spiele pr\u00e4zise mit der Turtle Beach Kone XP AIR Wireless Gaming-Maus Wei\u00df und \u00fcberliste deine Gegner. Diese kabellose Gaming-Maus verf\u00fcgt \u00fcber optische TITAN-Switches. Dadurch h\u00e4lt die Gaming-Maus besonders lange. Spielst du viele unterschiedliche Games? Mit einem einstellbaren dpi von bis zu 19.000 verwendest du deine Maus f\u00fcr eine Partie Warzone, aber auch f\u00fcr einen ruhigen Abend mit The Sims. Mit den zehn Tasten legst du bis zu 29 Aktionen im Spiel fest, sodass du mit einem Klick auf die Taste ein Spezialangriff ausf\u00fchrst. Du spielst bis zu 100 Stunden lang, ohne die Maus aufzuladen, sodass du problemlos lange am St\u00fcck zockst. Ist die Gaming-Maus leer? Mit der mitgelieferten Ladestation l\u00e4dst du die Maus innerhalb von zehn Minuten wieder so weit auf, dass du sie weitere f\u00fcnf Stunden nutzen kannst. \u00dcber die Swarm II Software passt du noch mehr Einstellungen wie beispielsweise Makros und Lichteffekte an. So hast du immer die perfekte Maus in der Hand.<\/p>\n","protected":false},"featured_media":0,"comment_status":"closed","ping_status":"open","template":"","meta":{"_acf_changed":false},"brand":[20632],"product_brand":[],"product_cat":[33],"product_tag":[3752],"class_list":{"0":"post-79881","1":"product","2":"type-product","3":"status-publish","5":"brand-turtle-beach","6":"product_cat-muse","7":"product_tag-gaming-muizen","8":"pa_condition-new","9":"pa_coolblue-de-verzending-morgen-gratis-geliefert","10":"pa_ean-27405","11":"pa_mpn-tura43-bx-ganb","13":"first","14":"instock","15":"product-type-external"},"acf":[],"_links":{"self":[{"href":"https:\/\/onlinehardwareshop.de\/index.php\/wp-json\/wp\/v2\/product\/79881","targetHints":{"allow":["GET"]}}],"collection":[{"href":"https:\/\/onlinehardwareshop.de\/index.php\/wp-json\/wp\/v2\/product"}],"about":[{"href":"https:\/\/onlinehardwareshop.de\/index.php\/wp-json\/wp\/v2\/types\/product"}],"replies":[{"embeddable":true,"href":"https:\/\/onlinehardwareshop.de\/index.php\/wp-json\/wp\/v2\/comments?post=79881"}],"wp:attachment":[{"href":"https:\/\/onlinehardwareshop.de\/index.php\/wp-json\/wp\/v2\/media?parent=79881"}],"wp:term":[{"taxonomy":"brand","embeddable":true,"href":"https:\/\/onlinehardwareshop.de\/index.php\/wp-json\/wp\/v2\/brand?post=79881"},{"taxonomy":"product_brand","embeddable":true,"href":"https:\/\/onlinehardwareshop.de\/index.php\/wp-json\/wp\/v2\/product_brand?post=79881"},{"taxonomy":"product_cat","embeddable":true,"href":"https:\/\/onlinehardwareshop.de\/index.php\/wp-json\/wp\/v2\/product_cat?post=79881"},{"taxonomy":"product_tag","embeddable":true,"href":"https:\/\/onlinehardwareshop.de\/index.php\/wp-json\/wp\/v2\/product_tag?post=79881"}],"curies":[{"name":"wp","href":"https:\/\/api.w.org\/{rel}","templated":true}]}}