{"id":79862,"date":"2024-07-11T09:28:40","date_gmt":"2024-07-11T09:28:40","guid":{"rendered":"https:\/\/onlinehardwareshop.de\/index.php\/produkt\/makita-djv182zj-30-ah-akku-und-ladegert-2\/"},"modified":"2025-05-14T12:24:53","modified_gmt":"2025-05-14T12:24:53","slug":"makita-djv182zj-30-ah-akku-und-ladegert","status":"publish","type":"product","link":"https:\/\/onlinehardwareshop.de\/index.php\/produkt\/makita-djv182zj-30-ah-akku-und-ladegert\/","title":{"rendered":"Makita DJV182ZJ + 3,0-Ah-Akku und Ladeger&#xE4;t"},"content":{"rendered":"<p>Zu dieser Makita DJV182ZJ Stichs\u00e4ge erh\u00e4ltst du auch einen 3,0-Ah-Akku und ein Ladeger\u00e4t mitgeliefert. Daher legst du direkt mit dem S\u00e4gen von runden und schr\u00e4gen Linien los. Du s\u00e4gst bis zu 135\u00a0mm dicke Holzbretter und bis zu 10\u00a0mm tiefes Metall. Auch schr\u00e4ges S\u00e4gen (auf Gehrung) ist m\u00f6glich. Die Stichs\u00e4ge hat drei Pendelstufen, mit denen du dich blitzschnell durch das Material arbeitest. Zudem passt du die Geschwindigkeit der S\u00e4ge an das zu bearbeitende Material an. So wird das S\u00e4geblatt nie zu hei\u00df und du erh\u00e4ltst das bestm\u00f6gliche Resultat. Die Makita DJV182ZJ + 3,0-Ah-Akku und Ladeger\u00e4t geh\u00f6ren zum Makita LXT 18V Akkusystem. Du nutzt den Akku daher auch f\u00fcr andere (Garten-)Ger\u00e4te desselben Systems.<\/p>\n","protected":false},"excerpt":{"rendered":"<p>Zu dieser Makita DJV182ZJ Stichs\u00e4ge erh\u00e4ltst du auch einen 3,0-Ah-Akku und ein Ladeger\u00e4t mitgeliefert. Daher legst du direkt mit dem S\u00e4gen von runden und schr\u00e4gen Linien los. Du s\u00e4gst bis zu 135\u00a0mm dicke Holzbretter und bis zu 10\u00a0mm tiefes Metall. Auch schr\u00e4ges S\u00e4gen (auf Gehrung) ist m\u00f6glich. Die Stichs\u00e4ge hat drei Pendelstufen, mit denen du dich blitzschnell durch das Material arbeitest. Zudem passt du die Geschwindigkeit der S\u00e4ge an das zu bearbeitende Material an. So wird das S\u00e4geblatt nie zu hei\u00df und du erh\u00e4ltst das bestm\u00f6gliche Resultat. Die Makita DJV182ZJ + 3,0-Ah-Akku und Ladeger\u00e4t geh\u00f6ren zum Makita LXT 18V Akkusystem. Du nutzt den Akku daher auch f\u00fcr andere (Garten-)Ger\u00e4te desselben Systems.<\/p>\n","protected":false},"featured_media":0,"comment_status":"closed","ping_status":"open","template":"","meta":{"_acf_changed":false},"brand":[42],"product_brand":[],"product_cat":[43],"product_tag":[2773],"class_list":{"0":"post-79862","1":"product","2":"type-product","3":"status-publish","5":"brand-makita","6":"product_cat-stichsgen","7":"product_tag-accu-decoupeerzagen","8":"pa_condition-new","9":"pa_coolblue-de-verzending-morgen-gratis-geliefert","10":"pa_ean-20589","12":"first","13":"instock","14":"product-type-external"},"acf":[],"_links":{"self":[{"href":"https:\/\/onlinehardwareshop.de\/index.php\/wp-json\/wp\/v2\/product\/79862","targetHints":{"allow":["GET"]}}],"collection":[{"href":"https:\/\/onlinehardwareshop.de\/index.php\/wp-json\/wp\/v2\/product"}],"about":[{"href":"https:\/\/onlinehardwareshop.de\/index.php\/wp-json\/wp\/v2\/types\/product"}],"replies":[{"embeddable":true,"href":"https:\/\/onlinehardwareshop.de\/index.php\/wp-json\/wp\/v2\/comments?post=79862"}],"wp:attachment":[{"href":"https:\/\/onlinehardwareshop.de\/index.php\/wp-json\/wp\/v2\/media?parent=79862"}],"wp:term":[{"taxonomy":"brand","embeddable":true,"href":"https:\/\/onlinehardwareshop.de\/index.php\/wp-json\/wp\/v2\/brand?post=79862"},{"taxonomy":"product_brand","embeddable":true,"href":"https:\/\/onlinehardwareshop.de\/index.php\/wp-json\/wp\/v2\/product_brand?post=79862"},{"taxonomy":"product_cat","embeddable":true,"href":"https:\/\/onlinehardwareshop.de\/index.php\/wp-json\/wp\/v2\/product_cat?post=79862"},{"taxonomy":"product_tag","embeddable":true,"href":"https:\/\/onlinehardwareshop.de\/index.php\/wp-json\/wp\/v2\/product_tag?post=79862"}],"curies":[{"name":"wp","href":"https:\/\/api.w.org\/{rel}","templated":true}]}}