{"id":79861,"date":"2024-01-25T12:03:11","date_gmt":"2024-01-25T12:03:11","guid":{"rendered":"https:\/\/onlinehardwareshop.de\/index.php\/produkt\/makita-djv181zj-30-ah-akku-und-ladegert-2\/"},"modified":"2025-05-14T12:24:48","modified_gmt":"2025-05-14T12:24:48","slug":"makita-djv181zj-30-ah-akku-und-ladegert","status":"publish","type":"product","link":"https:\/\/onlinehardwareshop.de\/index.php\/produkt\/makita-djv181zj-30-ah-akku-und-ladegert\/","title":{"rendered":"Makita DJV181ZJ + 3,0-Ah-Akku und Ladeger&#xE4;t"},"content":{"rendered":"<p>Zu dieser Variante der Makita DJV181ZJ bekommst du auch einen 3,0-Ah-Akku und ein Ladeger\u00e4t mitgeliefert. Daher legst du direkt mit dem S\u00e4gen von Ecken und gekr\u00fcmmten Linien los. Du s\u00e4gst bis zu 135\u00a0mm dicke Bretter und bis zu 10\u00a0mm starkes Metall. Dank des T-Griffes nutzt du das Ger\u00e4t auch kopf\u00fcber. So kommst du problemlos an schwer erreichbare Stellen. Mit den drei Pendelstufen arbeitest du dich blitzschnell durch dein Werkst\u00fcck. Zudem passt du die Geschwindigkeit der S\u00e4ge an das zu bearbeitende Material an. Die Makita DJV181ZJ + 3,0-Ah-Akku und Ladeger\u00e4t geh\u00f6ren zum Makita LXT 18V Akkusystem. Du nutzt den Akku daher auch f\u00fcr andere (Garten-)Ger\u00e4te desselben Systems.<\/p>\n","protected":false},"excerpt":{"rendered":"<p>Zu dieser Variante der Makita DJV181ZJ bekommst du auch einen 3,0-Ah-Akku und ein Ladeger\u00e4t mitgeliefert. Daher legst du direkt mit dem S\u00e4gen von Ecken und gekr\u00fcmmten Linien los. Du s\u00e4gst bis zu 135\u00a0mm dicke Bretter und bis zu 10\u00a0mm starkes Metall. Dank des T-Griffes nutzt du das Ger\u00e4t auch kopf\u00fcber. So kommst du problemlos an schwer erreichbare Stellen. Mit den drei Pendelstufen arbeitest du dich blitzschnell durch dein Werkst\u00fcck. Zudem passt du die Geschwindigkeit der S\u00e4ge an das zu bearbeitende Material an. Die Makita DJV181ZJ + 3,0-Ah-Akku und Ladeger\u00e4t geh\u00f6ren zum Makita LXT 18V Akkusystem. Du nutzt den Akku daher auch f\u00fcr andere (Garten-)Ger\u00e4te desselben Systems.<\/p>\n","protected":false},"featured_media":0,"comment_status":"closed","ping_status":"open","template":"","meta":{"_acf_changed":false},"brand":[42],"product_brand":[],"product_cat":[43],"product_tag":[2773],"class_list":{"0":"post-79861","1":"product","2":"type-product","3":"status-publish","5":"brand-makita","6":"product_cat-stichsgen","7":"product_tag-accu-decoupeerzagen","8":"pa_condition-new","9":"pa_coolblue-de-verzending-morgen-gratis-geliefert","10":"pa_ean-20588","12":"first","13":"instock","14":"product-type-external"},"acf":[],"_links":{"self":[{"href":"https:\/\/onlinehardwareshop.de\/index.php\/wp-json\/wp\/v2\/product\/79861","targetHints":{"allow":["GET"]}}],"collection":[{"href":"https:\/\/onlinehardwareshop.de\/index.php\/wp-json\/wp\/v2\/product"}],"about":[{"href":"https:\/\/onlinehardwareshop.de\/index.php\/wp-json\/wp\/v2\/types\/product"}],"replies":[{"embeddable":true,"href":"https:\/\/onlinehardwareshop.de\/index.php\/wp-json\/wp\/v2\/comments?post=79861"}],"wp:attachment":[{"href":"https:\/\/onlinehardwareshop.de\/index.php\/wp-json\/wp\/v2\/media?parent=79861"}],"wp:term":[{"taxonomy":"brand","embeddable":true,"href":"https:\/\/onlinehardwareshop.de\/index.php\/wp-json\/wp\/v2\/brand?post=79861"},{"taxonomy":"product_brand","embeddable":true,"href":"https:\/\/onlinehardwareshop.de\/index.php\/wp-json\/wp\/v2\/product_brand?post=79861"},{"taxonomy":"product_cat","embeddable":true,"href":"https:\/\/onlinehardwareshop.de\/index.php\/wp-json\/wp\/v2\/product_cat?post=79861"},{"taxonomy":"product_tag","embeddable":true,"href":"https:\/\/onlinehardwareshop.de\/index.php\/wp-json\/wp\/v2\/product_tag?post=79861"}],"curies":[{"name":"wp","href":"https:\/\/api.w.org\/{rel}","templated":true}]}}