{"id":79860,"date":"2024-10-18T09:47:14","date_gmt":"2024-10-18T09:47:14","guid":{"rendered":"https:\/\/onlinehardwareshop.de\/index.php\/produkt\/makita-djv184z-makita-starterset-dc18sdbl1830b-2\/"},"modified":"2025-05-14T12:24:43","modified_gmt":"2025-05-14T12:24:43","slug":"makita-djv184z-makita-starterset-dc18sdbl1830b","status":"publish","type":"product","link":"https:\/\/onlinehardwareshop.de\/index.php\/produkt\/makita-djv184z-makita-starterset-dc18sdbl1830b\/","title":{"rendered":"Makita DJV184Z + Makita Starterset DC18SD+BL1830B"},"content":{"rendered":"<p>Mit dem Makita DJV184Z + Makita Starterset DC18SD+BL1830B f\u00fchrst du sofort unterschiedliche S\u00e4gearbeiten aus. Du s\u00e4gst krumme Linien und Ecken bis zu 135\u00a0mm tief in Holz und bis zu 20\u00a0mm tief in Metall. Das erm\u00f6glicht dir auch das Zuschneiden dicker Bretter und Platten. Mit den drei Pendelstufen arbeitest du dich blitzschnell durch dein Werkst\u00fcck. Zudem passt du die Geschwindigkeit der S\u00e4ge an das zu bearbeitende Material an. Daher wird das S\u00e4geblatt nie zu hei\u00df. Die gew\u00e4hlte Drehzahl bleibt immer gleich, sodass du bei schweren Arbeiten keine Kraft verlierst. Der mitgelieferte 2,5-Ah-Akku geh\u00f6rt zum Makita LXT 18V Akkusystem. Du nutzt den Akku daher auch f\u00fcr andere (Garten-)Ger\u00e4te desselben Systems.<\/p>\n","protected":false},"excerpt":{"rendered":"<p>Mit dem Makita DJV184Z + Makita Starterset DC18SD+BL1830B f\u00fchrst du sofort unterschiedliche S\u00e4gearbeiten aus. Du s\u00e4gst krumme Linien und Ecken bis zu 135\u00a0mm tief in Holz und bis zu 20\u00a0mm tief in Metall. Das erm\u00f6glicht dir auch das Zuschneiden dicker Bretter und Platten. Mit den drei Pendelstufen arbeitest du dich blitzschnell durch dein Werkst\u00fcck. Zudem passt du die Geschwindigkeit der S\u00e4ge an das zu bearbeitende Material an. Daher wird das S\u00e4geblatt nie zu hei\u00df. Die gew\u00e4hlte Drehzahl bleibt immer gleich, sodass du bei schweren Arbeiten keine Kraft verlierst. Der mitgelieferte 2,5-Ah-Akku geh\u00f6rt zum Makita LXT 18V Akkusystem. Du nutzt den Akku daher auch f\u00fcr andere (Garten-)Ger\u00e4te desselben Systems.<\/p>\n","protected":false},"featured_media":0,"comment_status":"closed","ping_status":"open","template":"","meta":{"_acf_changed":false},"brand":[42],"product_brand":[],"product_cat":[43],"product_tag":[2773],"class_list":{"0":"post-79860","1":"product","2":"type-product","3":"status-publish","5":"brand-makita","6":"product_cat-stichsgen","7":"product_tag-accu-decoupeerzagen","8":"pa_condition-new","9":"pa_coolblue-de-verzending-morgen-gratis-geliefert","10":"pa_ean-20587","12":"first","13":"instock","14":"product-type-external"},"acf":[],"_links":{"self":[{"href":"https:\/\/onlinehardwareshop.de\/index.php\/wp-json\/wp\/v2\/product\/79860","targetHints":{"allow":["GET"]}}],"collection":[{"href":"https:\/\/onlinehardwareshop.de\/index.php\/wp-json\/wp\/v2\/product"}],"about":[{"href":"https:\/\/onlinehardwareshop.de\/index.php\/wp-json\/wp\/v2\/types\/product"}],"replies":[{"embeddable":true,"href":"https:\/\/onlinehardwareshop.de\/index.php\/wp-json\/wp\/v2\/comments?post=79860"}],"wp:attachment":[{"href":"https:\/\/onlinehardwareshop.de\/index.php\/wp-json\/wp\/v2\/media?parent=79860"}],"wp:term":[{"taxonomy":"brand","embeddable":true,"href":"https:\/\/onlinehardwareshop.de\/index.php\/wp-json\/wp\/v2\/brand?post=79860"},{"taxonomy":"product_brand","embeddable":true,"href":"https:\/\/onlinehardwareshop.de\/index.php\/wp-json\/wp\/v2\/product_brand?post=79860"},{"taxonomy":"product_cat","embeddable":true,"href":"https:\/\/onlinehardwareshop.de\/index.php\/wp-json\/wp\/v2\/product_cat?post=79860"},{"taxonomy":"product_tag","embeddable":true,"href":"https:\/\/onlinehardwareshop.de\/index.php\/wp-json\/wp\/v2\/product_tag?post=79860"}],"curies":[{"name":"wp","href":"https:\/\/api.w.org\/{rel}","templated":true}]}}