{"id":79849,"date":"2024-09-11T06:40:18","date_gmt":"2024-09-11T06:40:18","guid":{"rendered":"https:\/\/onlinehardwareshop.de\/index.php\/produkt\/hp-laserjet-m209dw-1-zustzlicher-schwarzer-toner-2\/"},"modified":"2025-05-14T12:23:47","modified_gmt":"2025-05-14T12:23:47","slug":"hp-laserjet-m209dw-1-zustzlicher-schwarzer-toner","status":"publish","type":"product","link":"https:\/\/onlinehardwareshop.de\/index.php\/produkt\/hp-laserjet-m209dw-1-zustzlicher-schwarzer-toner\/","title":{"rendered":"HP LaserJet M209dw + 1 zus&#xE4;tzlicher schwarzer Toner"},"content":{"rendered":"<p>Erhalte ausreichend Tinte f\u00fcr deine Textdokumente mit dem Set aus HP LaserJet M209dw + 1 zus\u00e4tzlicher schwarzer Toner. Der HP LaserJet M209dw ist ein kompakter Laserdrucker f\u00fcr ein kleines B\u00fcro. Aufgrund seiner geringen Gr\u00f6\u00dfe l\u00e4sst sich der Drucker problemlos auf deinem Schreibtisch platzieren. Der LaserJet Drucker druckt Schwarz-Wei\u00df-Dokumente mit einer Druckgeschwindigkeit von 29 Seiten pro Minute schnell aus. Drucke automatisch beidseitig und spare Papier. Steht gleich ein gesch\u00e4ftliches Meeting an und du ben\u00f6tigst noch ein Dokument? Dann drucke es schnell von deinem Smartphone oder Tablet \u00fcber WiFi Direct aus.   Drucker mit dynamischer Sicherheit  Bestimmte HP-Drucker sind daf\u00fcr ausgelegt, nur mit Patronen zu funktionieren, die neue oder wiederverwendete HP-Chips oder elektronische HP-Schaltkreise aufweisen. Diese Drucker nutzen dynamische Sicherheitsfunktionen, um Patronen zu blockieren, die mit einem Chip oder einer elektronischen Schaltung ausgestattet sind, die nicht von HP stammen. Die Wirksamkeit dieser Funktionen wird durch regelm\u00e4\u00dfige Firmware-Updates garantiert, sodass auch Patronen blockiert werden, die fr\u00fcher durchaus funktioniert haben. Wiederverwendete HP-Chips und elektronische HP-Schaltungen erm\u00f6glichen die Nutzung wiederverwendeter, recycelter und neu bef\u00fcllter Patronen.<\/p>\n","protected":false},"excerpt":{"rendered":"<p>Erhalte ausreichend Tinte f\u00fcr deine Textdokumente mit dem Set aus HP LaserJet M209dw + 1 zus\u00e4tzlicher schwarzer Toner. Der HP LaserJet M209dw ist ein kompakter Laserdrucker f\u00fcr ein kleines B\u00fcro. Aufgrund seiner geringen Gr\u00f6\u00dfe l\u00e4sst sich der Drucker problemlos auf deinem Schreibtisch platzieren. Der LaserJet Drucker druckt Schwarz-Wei\u00df-Dokumente mit einer Druckgeschwindigkeit von 29 Seiten pro Minute schnell aus. Drucke automatisch beidseitig und spare Papier. Steht gleich ein gesch\u00e4ftliches Meeting an und du ben\u00f6tigst noch ein Dokument? Dann drucke es schnell von deinem Smartphone oder Tablet \u00fcber WiFi Direct aus.   Drucker mit dynamischer Sicherheit  Bestimmte HP-Drucker sind daf\u00fcr ausgelegt, nur mit Patronen zu funktionieren, die neue oder wiederverwendete HP-Chips oder elektronische HP-Schaltkreise aufweisen. Diese Drucker nutzen dynamische Sicherheitsfunktionen, um Patronen zu blockieren, die mit einem Chip oder einer elektronischen Schaltung ausgestattet sind, die nicht von HP stammen. Die Wirksamkeit dieser Funktionen wird durch regelm\u00e4\u00dfige Firmware-Updates garantiert, sodass auch Patronen blockiert werden, die fr\u00fcher durchaus funktioniert haben. Wiederverwendete HP-Chips und elektronische HP-Schaltungen erm\u00f6glichen die Nutzung wiederverwendeter, recycelter und neu bef\u00fcllter Patronen.<\/p>\n","protected":false},"featured_media":0,"comment_status":"closed","ping_status":"open","template":"","meta":{"_acf_changed":false},"brand":[90],"product_brand":[],"product_cat":[2205],"product_tag":[4823],"class_list":{"0":"post-79849","1":"product","2":"type-product","3":"status-publish","5":"brand-hp","6":"product_cat-drucker","7":"product_tag-laserprinters","8":"pa_condition-new","9":"pa_coolblue-de-verzending-morgen-gratis-geliefert","10":"pa_ean-20572","12":"first","13":"instock","14":"product-type-external"},"acf":[],"_links":{"self":[{"href":"https:\/\/onlinehardwareshop.de\/index.php\/wp-json\/wp\/v2\/product\/79849","targetHints":{"allow":["GET"]}}],"collection":[{"href":"https:\/\/onlinehardwareshop.de\/index.php\/wp-json\/wp\/v2\/product"}],"about":[{"href":"https:\/\/onlinehardwareshop.de\/index.php\/wp-json\/wp\/v2\/types\/product"}],"replies":[{"embeddable":true,"href":"https:\/\/onlinehardwareshop.de\/index.php\/wp-json\/wp\/v2\/comments?post=79849"}],"wp:attachment":[{"href":"https:\/\/onlinehardwareshop.de\/index.php\/wp-json\/wp\/v2\/media?parent=79849"}],"wp:term":[{"taxonomy":"brand","embeddable":true,"href":"https:\/\/onlinehardwareshop.de\/index.php\/wp-json\/wp\/v2\/brand?post=79849"},{"taxonomy":"product_brand","embeddable":true,"href":"https:\/\/onlinehardwareshop.de\/index.php\/wp-json\/wp\/v2\/product_brand?post=79849"},{"taxonomy":"product_cat","embeddable":true,"href":"https:\/\/onlinehardwareshop.de\/index.php\/wp-json\/wp\/v2\/product_cat?post=79849"},{"taxonomy":"product_tag","embeddable":true,"href":"https:\/\/onlinehardwareshop.de\/index.php\/wp-json\/wp\/v2\/product_tag?post=79849"}],"curies":[{"name":"wp","href":"https:\/\/api.w.org\/{rel}","templated":true}]}}