{"id":79778,"date":"2024-10-29T17:52:51","date_gmt":"2024-10-29T17:52:51","guid":{"rendered":"https:\/\/onlinehardwareshop.de\/index.php\/produkt\/bose-quietcomfort-headphones-6\/"},"modified":"2025-05-14T12:16:16","modified_gmt":"2025-05-14T12:16:16","slug":"bose-quietcomfort-headphones-3","status":"publish","type":"product","link":"https:\/\/onlinehardwareshop.de\/index.php\/produkt\/bose-quietcomfort-headphones-3\/","title":{"rendered":"Bose QuietComfort Headphones"},"content":{"rendered":"<p>Mit dem Bose QuietComfort Headphones SC tauchst du v\u00f6llig in deine Lieblingsmusik ein. Dank Noise Cancelling h\u00f6rst du weniger von deiner Umgebung, sodass du deine Musik ohne st\u00f6rende Ger\u00e4usche genie\u00dft. Die Wind Block Technologie unterdr\u00fcckt das Rauschen des Windes stark. Dadurch h\u00f6rst du kein Rauschen, wenn du im Freien Musik h\u00f6rst. Hast du eine Bose Soundbar? Mit SimpleSync l\u00e4sst sich der Bose Kopfh\u00f6rer an die Soundbar anschlie\u00dfen, sodass du zum Beispiel Serien und Filme auf Netflix \u00fcber den Kopfh\u00f6rer h\u00f6rst. Mit der Bose Music App lassen sich die Musikeinstellungen zudem individuell anpassen, zum Beispiel die B\u00e4sse und H\u00f6hen. Dadurch h\u00f6rst du deine Lieblingsmusik so, wie du sie h\u00f6ren m\u00f6chtest. Mit einer Akkulaufzeit von 24 Stunden h\u00f6rst du sorglos den ganzen Tag Musik.   Hinweis: Zu diesem Kopfh\u00f6rer erh\u00e4ltst du ein weiches Transportetui. Dieses Softcase sch\u00fctzt weniger gut vor St\u00fcrzen und St\u00f6\u00dfen als ein Hardcase.<\/p>\n","protected":false},"excerpt":{"rendered":"<p>Mit dem Bose QuietComfort Headphones SC tauchst du v\u00f6llig in deine Lieblingsmusik ein. Dank Noise Cancelling h\u00f6rst du weniger von deiner Umgebung, sodass du deine Musik ohne st\u00f6rende Ger\u00e4usche genie\u00dft. Die Wind Block Technologie unterdr\u00fcckt das Rauschen des Windes stark. Dadurch h\u00f6rst du kein Rauschen, wenn du im Freien Musik h\u00f6rst. Hast du eine Bose Soundbar? Mit SimpleSync l\u00e4sst sich der Bose Kopfh\u00f6rer an die Soundbar anschlie\u00dfen, sodass du zum Beispiel Serien und Filme auf Netflix \u00fcber den Kopfh\u00f6rer h\u00f6rst. Mit der Bose Music App lassen sich die Musikeinstellungen zudem individuell anpassen, zum Beispiel die B\u00e4sse und H\u00f6hen. Dadurch h\u00f6rst du deine Lieblingsmusik so, wie du sie h\u00f6ren m\u00f6chtest. Mit einer Akkulaufzeit von 24 Stunden h\u00f6rst du sorglos den ganzen Tag Musik.   Hinweis: Zu diesem Kopfh\u00f6rer erh\u00e4ltst du ein weiches Transportetui. Dieses Softcase sch\u00fctzt weniger gut vor St\u00fcrzen und St\u00f6\u00dfen als ein Hardcase.<\/p>\n","protected":false},"featured_media":0,"comment_status":"closed","ping_status":"open","template":"","meta":{"_acf_changed":false},"brand":[3092],"product_brand":[],"product_cat":[1182],"product_tag":[5609],"class_list":{"0":"post-79778","1":"product","2":"type-product","3":"status-publish","5":"brand-bose","6":"product_cat-kopfhrer","7":"product_tag-hoofdtelefoons-met-noisecancelling","8":"pa_condition-new","9":"pa_coolblue-de-verzending-morgen-gratis-geliefert","10":"pa_ean-20435","11":"pa_mpn-884367-0900","13":"first","14":"instock","15":"product-type-external"},"acf":[],"_links":{"self":[{"href":"https:\/\/onlinehardwareshop.de\/index.php\/wp-json\/wp\/v2\/product\/79778","targetHints":{"allow":["GET"]}}],"collection":[{"href":"https:\/\/onlinehardwareshop.de\/index.php\/wp-json\/wp\/v2\/product"}],"about":[{"href":"https:\/\/onlinehardwareshop.de\/index.php\/wp-json\/wp\/v2\/types\/product"}],"replies":[{"embeddable":true,"href":"https:\/\/onlinehardwareshop.de\/index.php\/wp-json\/wp\/v2\/comments?post=79778"}],"wp:attachment":[{"href":"https:\/\/onlinehardwareshop.de\/index.php\/wp-json\/wp\/v2\/media?parent=79778"}],"wp:term":[{"taxonomy":"brand","embeddable":true,"href":"https:\/\/onlinehardwareshop.de\/index.php\/wp-json\/wp\/v2\/brand?post=79778"},{"taxonomy":"product_brand","embeddable":true,"href":"https:\/\/onlinehardwareshop.de\/index.php\/wp-json\/wp\/v2\/product_brand?post=79778"},{"taxonomy":"product_cat","embeddable":true,"href":"https:\/\/onlinehardwareshop.de\/index.php\/wp-json\/wp\/v2\/product_cat?post=79778"},{"taxonomy":"product_tag","embeddable":true,"href":"https:\/\/onlinehardwareshop.de\/index.php\/wp-json\/wp\/v2\/product_tag?post=79778"}],"curies":[{"name":"wp","href":"https:\/\/api.w.org\/{rel}","templated":true}]}}