{"id":79757,"date":"2024-03-24T02:19:15","date_gmt":"2024-03-24T02:19:15","guid":{"rendered":"https:\/\/onlinehardwareshop.de\/index.php\/produkt\/jbl-tour-one-m2-jbl-charge-5-schwarz-2\/"},"modified":"2025-05-14T12:14:37","modified_gmt":"2025-05-14T12:14:37","slug":"jbl-tour-one-m2-jbl-charge-5-schwarz","status":"publish","type":"product","link":"https:\/\/onlinehardwareshop.de\/index.php\/produkt\/jbl-tour-one-m2-jbl-charge-5-schwarz\/","title":{"rendered":"JBL Tour One M2 + JBL Charge 5 Schwarz"},"content":{"rendered":"<p>Mit diesem Set, bestehend aus JBL Tour One M2 + JBL Charge\u00a05 Schwarz, h\u00f6rst du \u00fcberall deine Lieblingsmusik. Dieses Set besteht aus einem Kopfh\u00f6rer und einem Bluetooth-Lautsprecher. Der Kopfh\u00f6rer verf\u00fcgt \u00fcber aktives Noise Cancelling. Mit dieser Technologie werden Rauschen und Umgebungsger\u00e4usche ged\u00e4mpft. Dadurch ist es nicht mehr n\u00f6tig, die Lautst\u00e4rke hochzudrehen, wenn du in Bus und Bahn unterwegs bist. Mit den vier integrierten Mikrofonen f\u00fchrst du deine Telefongespr\u00e4che klar und deutlich. Die Mikrofone sind mit der Smart Talk Funktion ausgestattet und erkennen dadurch deine Stimme. Wenn du jemandem anrufst, schaltet sich die Lautst\u00e4rke der Musik dank dieser Funktion herunter. Der JBL Charge\u00a05 ist der perfekte Lautsprecher f\u00fcr drau\u00dfen. Dank der IP67-Zertifizierung ist er wasserdicht und staubbest\u00e4ndig. Daher geht er von Wasser oder Sand nicht kaputt, wenn du ihn einen Tag mit an den Strand nimmst. Ist der Akku von deinem Smartphone leer? Mit der integrierten Powerbank l\u00e4dst du dein Handy unterwegs auf. So geht dir die Musik nicht so schnell aus.<\/p>\n","protected":false},"excerpt":{"rendered":"<p>Mit diesem Set, bestehend aus JBL Tour One M2 + JBL Charge\u00a05 Schwarz, h\u00f6rst du \u00fcberall deine Lieblingsmusik. Dieses Set besteht aus einem Kopfh\u00f6rer und einem Bluetooth-Lautsprecher. Der Kopfh\u00f6rer verf\u00fcgt \u00fcber aktives Noise Cancelling. Mit dieser Technologie werden Rauschen und Umgebungsger\u00e4usche ged\u00e4mpft. Dadurch ist es nicht mehr n\u00f6tig, die Lautst\u00e4rke hochzudrehen, wenn du in Bus und Bahn unterwegs bist. Mit den vier integrierten Mikrofonen f\u00fchrst du deine Telefongespr\u00e4che klar und deutlich. Die Mikrofone sind mit der Smart Talk Funktion ausgestattet und erkennen dadurch deine Stimme. Wenn du jemandem anrufst, schaltet sich die Lautst\u00e4rke der Musik dank dieser Funktion herunter. Der JBL Charge\u00a05 ist der perfekte Lautsprecher f\u00fcr drau\u00dfen. Dank der IP67-Zertifizierung ist er wasserdicht und staubbest\u00e4ndig. Daher geht er von Wasser oder Sand nicht kaputt, wenn du ihn einen Tag mit an den Strand nimmst. Ist der Akku von deinem Smartphone leer? Mit der integrierten Powerbank l\u00e4dst du dein Handy unterwegs auf. So geht dir die Musik nicht so schnell aus.<\/p>\n","protected":false},"featured_media":0,"comment_status":"closed","ping_status":"open","template":"","meta":{"_acf_changed":false},"brand":[5677],"product_brand":[],"product_cat":[1182],"product_tag":[5609],"class_list":{"0":"post-79757","1":"product","2":"type-product","3":"status-publish","5":"brand-jbl","6":"product_cat-kopfhrer","7":"product_tag-hoofdtelefoons-met-noisecancelling","8":"pa_condition-new","9":"pa_coolblue-de-verzending-morgen-gratis-geliefert","10":"pa_ean-20400","12":"first","13":"instock","14":"product-type-external"},"acf":[],"_links":{"self":[{"href":"https:\/\/onlinehardwareshop.de\/index.php\/wp-json\/wp\/v2\/product\/79757","targetHints":{"allow":["GET"]}}],"collection":[{"href":"https:\/\/onlinehardwareshop.de\/index.php\/wp-json\/wp\/v2\/product"}],"about":[{"href":"https:\/\/onlinehardwareshop.de\/index.php\/wp-json\/wp\/v2\/types\/product"}],"replies":[{"embeddable":true,"href":"https:\/\/onlinehardwareshop.de\/index.php\/wp-json\/wp\/v2\/comments?post=79757"}],"wp:attachment":[{"href":"https:\/\/onlinehardwareshop.de\/index.php\/wp-json\/wp\/v2\/media?parent=79757"}],"wp:term":[{"taxonomy":"brand","embeddable":true,"href":"https:\/\/onlinehardwareshop.de\/index.php\/wp-json\/wp\/v2\/brand?post=79757"},{"taxonomy":"product_brand","embeddable":true,"href":"https:\/\/onlinehardwareshop.de\/index.php\/wp-json\/wp\/v2\/product_brand?post=79757"},{"taxonomy":"product_cat","embeddable":true,"href":"https:\/\/onlinehardwareshop.de\/index.php\/wp-json\/wp\/v2\/product_cat?post=79757"},{"taxonomy":"product_tag","embeddable":true,"href":"https:\/\/onlinehardwareshop.de\/index.php\/wp-json\/wp\/v2\/product_tag?post=79757"}],"curies":[{"name":"wp","href":"https:\/\/api.w.org\/{rel}","templated":true}]}}