{"id":79755,"date":"2024-10-01T17:47:56","date_gmt":"2024-10-01T17:47:56","guid":{"rendered":"https:\/\/onlinehardwareshop.de\/index.php\/produkt\/jbl-tune-720bt-jbl-go-4-schwarz-2\/"},"modified":"2025-05-14T12:14:32","modified_gmt":"2025-05-14T12:14:32","slug":"jbl-tune-720bt-jbl-go-4-schwarz","status":"publish","type":"product","link":"https:\/\/onlinehardwareshop.de\/index.php\/produkt\/jbl-tune-720bt-jbl-go-4-schwarz\/","title":{"rendered":"JBL Tune 720BT + JBL GO 4 Schwarz"},"content":{"rendered":"<p>Mit dem Set aus JBL Tune 720BT + JBL GO\u00a04 Schwarz genie\u00dft du immer deine Lieblingsmusik. Dieses Set besteht aus einem Over-Ear-Kopfh\u00f6rer und einem Bluetooth-Lautsprecher. Der Akku des Kopfh\u00f6rers h\u00e4lt sage und schreibe 76 Stunden lang durch. Ist der Akku doch einmal leer? Dann lade ihn f\u00fcnf Minuten lang f\u00fcr weitere drei Stunden deiner Musik auf. Dieser JBL Kopfh\u00f6rer l\u00e4sst sich mit zwei Ger\u00e4ten gleichzeitig verbinden. So h\u00f6rst du auf deinem Laptop Musik und nimmst gleichzeitig Anrufe entgegen. Der JBL Bluetooth-Lautsprecher verf\u00fcgt \u00fcber Pro Sound. Dank dieser Technik profitierst du von kr\u00e4ftigem Sound und sattem Bass. Die Akkulaufzeit betr\u00e4gt 7 Stunden, sodass du den halben Tag mit deiner Lieblingsmusik versorgt bist. Mit Playtime Boost h\u00f6rst du noch zwei Stunden l\u00e4nger Musik. Das ist insbesondere praktisch, wenn du gerade kein Ladeger\u00e4t zur Hand hast, aber trotzdem Musik h\u00f6ren m\u00f6chtest. Playtime Boost schaltest du in der App ein.<\/p>\n","protected":false},"excerpt":{"rendered":"<p>Mit dem Set aus JBL Tune 720BT + JBL GO\u00a04 Schwarz genie\u00dft du immer deine Lieblingsmusik. Dieses Set besteht aus einem Over-Ear-Kopfh\u00f6rer und einem Bluetooth-Lautsprecher. Der Akku des Kopfh\u00f6rers h\u00e4lt sage und schreibe 76 Stunden lang durch. Ist der Akku doch einmal leer? Dann lade ihn f\u00fcnf Minuten lang f\u00fcr weitere drei Stunden deiner Musik auf. Dieser JBL Kopfh\u00f6rer l\u00e4sst sich mit zwei Ger\u00e4ten gleichzeitig verbinden. So h\u00f6rst du auf deinem Laptop Musik und nimmst gleichzeitig Anrufe entgegen. Der JBL Bluetooth-Lautsprecher verf\u00fcgt \u00fcber Pro Sound. Dank dieser Technik profitierst du von kr\u00e4ftigem Sound und sattem Bass. Die Akkulaufzeit betr\u00e4gt 7 Stunden, sodass du den halben Tag mit deiner Lieblingsmusik versorgt bist. Mit Playtime Boost h\u00f6rst du noch zwei Stunden l\u00e4nger Musik. Das ist insbesondere praktisch, wenn du gerade kein Ladeger\u00e4t zur Hand hast, aber trotzdem Musik h\u00f6ren m\u00f6chtest. Playtime Boost schaltest du in der App ein.<\/p>\n","protected":false},"featured_media":0,"comment_status":"closed","ping_status":"open","template":"","meta":{"_acf_changed":false},"brand":[5677],"product_brand":[],"product_cat":[1182],"product_tag":[1183],"class_list":{"0":"post-79755","1":"product","2":"type-product","3":"status-publish","5":"brand-jbl","6":"product_cat-kopfhrer","7":"product_tag-hoofdtelefoons-zonder-noisecancelling","8":"pa_condition-new","9":"pa_coolblue-de-verzending-morgen-gratis-geliefert","10":"pa_ean-30567","12":"first","13":"instock","14":"product-type-external"},"acf":[],"_links":{"self":[{"href":"https:\/\/onlinehardwareshop.de\/index.php\/wp-json\/wp\/v2\/product\/79755","targetHints":{"allow":["GET"]}}],"collection":[{"href":"https:\/\/onlinehardwareshop.de\/index.php\/wp-json\/wp\/v2\/product"}],"about":[{"href":"https:\/\/onlinehardwareshop.de\/index.php\/wp-json\/wp\/v2\/types\/product"}],"replies":[{"embeddable":true,"href":"https:\/\/onlinehardwareshop.de\/index.php\/wp-json\/wp\/v2\/comments?post=79755"}],"wp:attachment":[{"href":"https:\/\/onlinehardwareshop.de\/index.php\/wp-json\/wp\/v2\/media?parent=79755"}],"wp:term":[{"taxonomy":"brand","embeddable":true,"href":"https:\/\/onlinehardwareshop.de\/index.php\/wp-json\/wp\/v2\/brand?post=79755"},{"taxonomy":"product_brand","embeddable":true,"href":"https:\/\/onlinehardwareshop.de\/index.php\/wp-json\/wp\/v2\/product_brand?post=79755"},{"taxonomy":"product_cat","embeddable":true,"href":"https:\/\/onlinehardwareshop.de\/index.php\/wp-json\/wp\/v2\/product_cat?post=79755"},{"taxonomy":"product_tag","embeddable":true,"href":"https:\/\/onlinehardwareshop.de\/index.php\/wp-json\/wp\/v2\/product_tag?post=79755"}],"curies":[{"name":"wp","href":"https:\/\/api.w.org\/{rel}","templated":true}]}}