{"id":79731,"date":"2024-02-06T21:30:27","date_gmt":"2024-02-06T21:30:27","guid":{"rendered":"https:\/\/onlinehardwareshop.de\/index.php\/produkt\/corsair-vengeance-rgb-32gb-2x16gb-ddr5-dimm-6-000mhz-amd-expo-2\/"},"modified":"2025-05-14T12:11:47","modified_gmt":"2025-05-14T12:11:47","slug":"corsair-vengeance-rgb-32gb-2x16gb-ddr5-dimm-6-000mhz-amd-expo","status":"publish","type":"product","link":"https:\/\/onlinehardwareshop.de\/index.php\/produkt\/corsair-vengeance-rgb-32gb-2x16gb-ddr5-dimm-6-000mhz-amd-expo\/","title":{"rendered":"Corsair Vengeance RGB 32GB (2x16GB) DDR5 DIMM 6.000&#xA0;MHz AMD EXPO"},"content":{"rendered":"<p>Hinweis:Dieser DDR5 DIMM Speicher ist nur f\u00fcr PCs geeignet, nicht aber f\u00fcr Laptops oder Macs. Der Computer ben\u00f6tigt dazu einen DDR5-Anschluss. \u00dcberpr\u00fcfe dies \u00fcber Windows Taskmanager > Mehr Details > unter dem Reiter &#8222;Leistung&#8220;. Unter &#8222;Speicher&#8220; steht dann DDR5. Ein DDR5-Speichermodul funktioniert nicht mit einem DDR3- oder DDR4-Motherboard. Au\u00dferdem ben\u00f6tigst du mindestens einen Intel Prozessor der 12. Generation oder einen Zen\u00a04 AMD Prozessor.  Verpasse dem Speicher deines PCs mit dem Corsair Vengeance RGB 32\u00a0GB (2&#215;16\u00a0GB) DDR5 DIMM 6.000\u00a0MHz AMD EXPO RAM-Modul ein Upgrade. Du verwendest die beiden Speichermodule im Dual-Channel-Modus, sodass sie schneller arbeiten. Die Module haben eine Taktfrequenz von 6.000\u00a0MHz und eine CAS-Latenz von 30. Dadurch eignet sich das Modul auch zum Gaming. Au\u00dferdem passt sich das Modul automatisch an die maximale Taktfrequenz deines Motherboards an. M\u00f6chtest du lieber deine eigenen Einstellungen verwenden? Dank der XMP-Unterst\u00fctzung und der iCUE Software nimmst du einfach deine eigenen Modul-Einstellungen vor. Mit der RGB-Beleuchtung wertest du dein Modul sogar noch mehr auf. Du erh\u00e4ltst auf dieses Modul eine lebenslange Garantie.<\/p>\n","protected":false},"excerpt":{"rendered":"<p>Hinweis:Dieser DDR5 DIMM Speicher ist nur f\u00fcr PCs geeignet, nicht aber f\u00fcr Laptops oder Macs. Der Computer ben\u00f6tigt dazu einen DDR5-Anschluss. \u00dcberpr\u00fcfe dies \u00fcber Windows Taskmanager > Mehr Details > unter dem Reiter &#8222;Leistung&#8220;. Unter &#8222;Speicher&#8220; steht dann DDR5. Ein DDR5-Speichermodul funktioniert nicht mit einem DDR3- oder DDR4-Motherboard. Au\u00dferdem ben\u00f6tigst du mindestens einen Intel Prozessor der 12. Generation oder einen Zen\u00a04 AMD Prozessor.  Verpasse dem Speicher deines PCs mit dem Corsair Vengeance RGB 32\u00a0GB (2&#215;16\u00a0GB) DDR5 DIMM 6.000\u00a0MHz AMD EXPO RAM-Modul ein Upgrade. Du verwendest die beiden Speichermodule im Dual-Channel-Modus, sodass sie schneller arbeiten. Die Module haben eine Taktfrequenz von 6.000\u00a0MHz und eine CAS-Latenz von 30. Dadurch eignet sich das Modul auch zum Gaming. Au\u00dferdem passt sich das Modul automatisch an die maximale Taktfrequenz deines Motherboards an. M\u00f6chtest du lieber deine eigenen Einstellungen verwenden? Dank der XMP-Unterst\u00fctzung und der iCUE Software nimmst du einfach deine eigenen Modul-Einstellungen vor. Mit der RGB-Beleuchtung wertest du dein Modul sogar noch mehr auf. Du erh\u00e4ltst auf dieses Modul eine lebenslange Garantie.<\/p>\n","protected":false},"featured_media":0,"comment_status":"closed","ping_status":"open","template":"","meta":{"_acf_changed":false},"brand":[1900],"product_brand":[],"product_cat":[2796],"product_tag":[2797],"class_list":{"0":"post-79731","1":"product","2":"type-product","3":"status-publish","5":"brand-corsair","6":"product_cat-ram","7":"product_tag-intern-geheugen-voor-desktop","8":"pa_condition-new","9":"pa_coolblue-de-verzending-morgen-gratis-geliefert","10":"pa_ean-28095","11":"pa_mpn-cmh32gx5m2b6000z30k","13":"first","14":"instock","15":"product-type-external"},"acf":[],"_links":{"self":[{"href":"https:\/\/onlinehardwareshop.de\/index.php\/wp-json\/wp\/v2\/product\/79731","targetHints":{"allow":["GET"]}}],"collection":[{"href":"https:\/\/onlinehardwareshop.de\/index.php\/wp-json\/wp\/v2\/product"}],"about":[{"href":"https:\/\/onlinehardwareshop.de\/index.php\/wp-json\/wp\/v2\/types\/product"}],"replies":[{"embeddable":true,"href":"https:\/\/onlinehardwareshop.de\/index.php\/wp-json\/wp\/v2\/comments?post=79731"}],"wp:attachment":[{"href":"https:\/\/onlinehardwareshop.de\/index.php\/wp-json\/wp\/v2\/media?parent=79731"}],"wp:term":[{"taxonomy":"brand","embeddable":true,"href":"https:\/\/onlinehardwareshop.de\/index.php\/wp-json\/wp\/v2\/brand?post=79731"},{"taxonomy":"product_brand","embeddable":true,"href":"https:\/\/onlinehardwareshop.de\/index.php\/wp-json\/wp\/v2\/product_brand?post=79731"},{"taxonomy":"product_cat","embeddable":true,"href":"https:\/\/onlinehardwareshop.de\/index.php\/wp-json\/wp\/v2\/product_cat?post=79731"},{"taxonomy":"product_tag","embeddable":true,"href":"https:\/\/onlinehardwareshop.de\/index.php\/wp-json\/wp\/v2\/product_tag?post=79731"}],"curies":[{"name":"wp","href":"https:\/\/api.w.org\/{rel}","templated":true}]}}