{"id":79727,"date":"2025-01-11T09:46:28","date_gmt":"2025-01-11T09:46:28","guid":{"rendered":"https:\/\/onlinehardwareshop.de\/index.php\/produkt\/wisberg-wb7cmaf26b-2\/"},"modified":"2025-05-14T12:11:28","modified_gmt":"2025-05-14T12:11:28","slug":"wisberg-wb7cmaf26b","status":"publish","type":"product","link":"https:\/\/onlinehardwareshop.de\/index.php\/produkt\/wisberg-wb7cmaf26b\/","title":{"rendered":"Wisberg WB7CMAF26B"},"content":{"rendered":"<p>In der Wisberg WB7CMAF26B Kombi-Mikrowelle bereitest du deine Ofen-Snacks auf gesunde Weise zu. Mit der Hei\u00dfluftfunkton nutzt du kaum \u00d6l und deine Fr\u00fchlingsrollen werden besonders knusprig. Verwende die Backofenfunktion, um Kekse oder einen Auflauf zu backen. Bist du dir nicht sicher, welche Einstellungen die richtigen sind? Die Mikrowelle verf\u00fcgt \u00fcber 25 automatische Zubereitungsprogramme. W\u00e4hle einfach das Gewicht sowie die Art des Gerichts aus und die Mikrowelle stellt die richtige Zubereitungszeit und -weise ein. F\u00fcr selbstgemachte oder TK-Pizzen eignet sich die Pizzastufe. Damit wird der Rand sch\u00f6n knusprig und der Belag bleibt zart. Mit der Mikrowellenfunktion w\u00e4rmst du wiederum deine Fertiggerichte auf. Dank der Auftaufunktion taust du morgens spontan auch deine Butterbrote auf.<\/p>\n","protected":false},"excerpt":{"rendered":"<p>In der Wisberg WB7CMAF26B Kombi-Mikrowelle bereitest du deine Ofen-Snacks auf gesunde Weise zu. Mit der Hei\u00dfluftfunkton nutzt du kaum \u00d6l und deine Fr\u00fchlingsrollen werden besonders knusprig. Verwende die Backofenfunktion, um Kekse oder einen Auflauf zu backen. Bist du dir nicht sicher, welche Einstellungen die richtigen sind? Die Mikrowelle verf\u00fcgt \u00fcber 25 automatische Zubereitungsprogramme. W\u00e4hle einfach das Gewicht sowie die Art des Gerichts aus und die Mikrowelle stellt die richtige Zubereitungszeit und -weise ein. F\u00fcr selbstgemachte oder TK-Pizzen eignet sich die Pizzastufe. Damit wird der Rand sch\u00f6n knusprig und der Belag bleibt zart. Mit der Mikrowellenfunktion w\u00e4rmst du wiederum deine Fertiggerichte auf. Dank der Auftaufunktion taust du morgens spontan auch deine Butterbrote auf.<\/p>\n","protected":false},"featured_media":0,"comment_status":"closed","ping_status":"open","template":"","meta":{"_acf_changed":false},"brand":[16705],"product_brand":[],"product_cat":[927],"product_tag":[928],"class_list":{"0":"post-79727","1":"product","2":"type-product","3":"status-publish","5":"brand-wisberg","6":"product_cat-mikrowellen","7":"product_tag-vrijstaande-combimagnetrons","8":"pa_condition-new","9":"pa_coolblue-de-verzending-morgen-gratis-geliefert","10":"pa_ean-30514","11":"pa_mpn-ec9p042fy-s00f0a","13":"first","14":"instock","15":"product-type-external"},"acf":[],"_links":{"self":[{"href":"https:\/\/onlinehardwareshop.de\/index.php\/wp-json\/wp\/v2\/product\/79727","targetHints":{"allow":["GET"]}}],"collection":[{"href":"https:\/\/onlinehardwareshop.de\/index.php\/wp-json\/wp\/v2\/product"}],"about":[{"href":"https:\/\/onlinehardwareshop.de\/index.php\/wp-json\/wp\/v2\/types\/product"}],"replies":[{"embeddable":true,"href":"https:\/\/onlinehardwareshop.de\/index.php\/wp-json\/wp\/v2\/comments?post=79727"}],"wp:attachment":[{"href":"https:\/\/onlinehardwareshop.de\/index.php\/wp-json\/wp\/v2\/media?parent=79727"}],"wp:term":[{"taxonomy":"brand","embeddable":true,"href":"https:\/\/onlinehardwareshop.de\/index.php\/wp-json\/wp\/v2\/brand?post=79727"},{"taxonomy":"product_brand","embeddable":true,"href":"https:\/\/onlinehardwareshop.de\/index.php\/wp-json\/wp\/v2\/product_brand?post=79727"},{"taxonomy":"product_cat","embeddable":true,"href":"https:\/\/onlinehardwareshop.de\/index.php\/wp-json\/wp\/v2\/product_cat?post=79727"},{"taxonomy":"product_tag","embeddable":true,"href":"https:\/\/onlinehardwareshop.de\/index.php\/wp-json\/wp\/v2\/product_tag?post=79727"}],"curies":[{"name":"wp","href":"https:\/\/api.w.org\/{rel}","templated":true}]}}