{"id":79726,"date":"2024-10-20T16:27:06","date_gmt":"2024-10-20T16:27:06","guid":{"rendered":"https:\/\/onlinehardwareshop.de\/index.php\/produkt\/wisberg-wb5cm29b-2\/"},"modified":"2025-05-14T12:11:21","modified_gmt":"2025-05-14T12:11:21","slug":"wisberg-wb5cm29b","status":"publish","type":"product","link":"https:\/\/onlinehardwareshop.de\/index.php\/produkt\/wisberg-wb5cm29b\/","title":{"rendered":"Wisberg WB5CM29B"},"content":{"rendered":"<p>Mit der Wisberg WB5CM29B Kombi-Mikrowelle ist deine Suppe ganz schnell warm. Mit einer Leistung von 1.000 Watt w\u00e4rmt diese Mikrowelle deine Mahlzeiten im Handumdrehen auf. Auch \u00fcber die Zubereitung deiner Mahlzeit machst du dir kaum Gedanken. Mit den zehn automatischen Zubereitungsprogrammen gelingt dir n\u00e4mlich jedes Gericht genau so, wie du es magst. W\u00e4hle einfach das gew\u00fcnschte Gericht sowie das Gewicht aus und die Mikrowelle stellt das entsprechende Programm und die Zubereitungszeit ganz von selbst ein. Nutze die Backofenfunktionen und backe einen Kuchen, ein frisches Brot oder bereite eine Lasagne zu. Hast du vergessen, den Fisch aus dem Gefrierschrank zu holen, m\u00f6chtest aber mit dem Abendessen loslegen? Mit der Auftaufunktion ist der Fisch innerhalb weniger Minuten aufgetaut.<\/p>\n","protected":false},"excerpt":{"rendered":"<p>Mit der Wisberg WB5CM29B Kombi-Mikrowelle ist deine Suppe ganz schnell warm. Mit einer Leistung von 1.000 Watt w\u00e4rmt diese Mikrowelle deine Mahlzeiten im Handumdrehen auf. Auch \u00fcber die Zubereitung deiner Mahlzeit machst du dir kaum Gedanken. Mit den zehn automatischen Zubereitungsprogrammen gelingt dir n\u00e4mlich jedes Gericht genau so, wie du es magst. W\u00e4hle einfach das gew\u00fcnschte Gericht sowie das Gewicht aus und die Mikrowelle stellt das entsprechende Programm und die Zubereitungszeit ganz von selbst ein. Nutze die Backofenfunktionen und backe einen Kuchen, ein frisches Brot oder bereite eine Lasagne zu. Hast du vergessen, den Fisch aus dem Gefrierschrank zu holen, m\u00f6chtest aber mit dem Abendessen loslegen? Mit der Auftaufunktion ist der Fisch innerhalb weniger Minuten aufgetaut.<\/p>\n","protected":false},"featured_media":0,"comment_status":"closed","ping_status":"open","template":"","meta":{"_acf_changed":false},"brand":[16705],"product_brand":[],"product_cat":[927],"product_tag":[928],"class_list":{"0":"post-79726","1":"product","2":"type-product","3":"status-publish","5":"brand-wisberg","6":"product_cat-mikrowellen","7":"product_tag-vrijstaande-combimagnetrons","8":"pa_condition-new","9":"pa_coolblue-de-verzending-morgen-gratis-geliefert","10":"pa_ean-30209","11":"pa_mpn-ac0p042tc-s00e00","13":"first","14":"instock","15":"product-type-external"},"acf":[],"_links":{"self":[{"href":"https:\/\/onlinehardwareshop.de\/index.php\/wp-json\/wp\/v2\/product\/79726","targetHints":{"allow":["GET"]}}],"collection":[{"href":"https:\/\/onlinehardwareshop.de\/index.php\/wp-json\/wp\/v2\/product"}],"about":[{"href":"https:\/\/onlinehardwareshop.de\/index.php\/wp-json\/wp\/v2\/types\/product"}],"replies":[{"embeddable":true,"href":"https:\/\/onlinehardwareshop.de\/index.php\/wp-json\/wp\/v2\/comments?post=79726"}],"wp:attachment":[{"href":"https:\/\/onlinehardwareshop.de\/index.php\/wp-json\/wp\/v2\/media?parent=79726"}],"wp:term":[{"taxonomy":"brand","embeddable":true,"href":"https:\/\/onlinehardwareshop.de\/index.php\/wp-json\/wp\/v2\/brand?post=79726"},{"taxonomy":"product_brand","embeddable":true,"href":"https:\/\/onlinehardwareshop.de\/index.php\/wp-json\/wp\/v2\/product_brand?post=79726"},{"taxonomy":"product_cat","embeddable":true,"href":"https:\/\/onlinehardwareshop.de\/index.php\/wp-json\/wp\/v2\/product_cat?post=79726"},{"taxonomy":"product_tag","embeddable":true,"href":"https:\/\/onlinehardwareshop.de\/index.php\/wp-json\/wp\/v2\/product_tag?post=79726"}],"curies":[{"name":"wp","href":"https:\/\/api.w.org\/{rel}","templated":true}]}}