{"id":79725,"date":"2024-11-23T18:28:18","date_gmt":"2024-11-23T18:28:18","guid":{"rendered":"https:\/\/onlinehardwareshop.de\/index.php\/produkt\/wisberg-wb5cm26b-2\/"},"modified":"2025-05-14T12:11:16","modified_gmt":"2025-05-14T12:11:16","slug":"wisberg-wb5cm26b","status":"publish","type":"product","link":"https:\/\/onlinehardwareshop.de\/index.php\/produkt\/wisberg-wb5cm26b\/","title":{"rendered":"Wisberg WB5CM26B"},"content":{"rendered":"<p>In der Wisberg WB5CM26B Kombi-Mikrowelle bereitest du im Handumdrehen die leckersten Gerichte zu. Dank der zehn Automatik-Programme gelingt dir dein Gericht genau so, wie du es magst. W\u00e4hle einfach das gew\u00fcnschte Gericht sowie das Gewicht aus und die Mikrowelle stellt ganz von selbst das richtige Programm und die richtige Zubereitungszeit ein. Mit einem Fassungsverm\u00f6gen von 26 Litern hast du genug Platz f\u00fcr eine gro\u00dfe Auflaufform. Nutze die verschiedenen Backofenfunktionen und zaubere einen Kuchen, einen Auflauf oder selbstgemachte Pizzen auf den Tisch. Hast du vergessen, das H\u00e4hnchenfilet vorab aus dem Gefrierschrank zu holen, m\u00f6chtest aber mit der Zubereitung deines Currys loslegen? Dank der Auftaufunktion ist das H\u00e4hnchen innerhalb weniger Minuten fertig f\u00fcr die Zubereitung. Mit der Mikrowellenfunktion w\u00e4rmst du wiederum die Reste von gestern oder eine Suppe auf.<\/p>\n","protected":false},"excerpt":{"rendered":"<p>In der Wisberg WB5CM26B Kombi-Mikrowelle bereitest du im Handumdrehen die leckersten Gerichte zu. Dank der zehn Automatik-Programme gelingt dir dein Gericht genau so, wie du es magst. W\u00e4hle einfach das gew\u00fcnschte Gericht sowie das Gewicht aus und die Mikrowelle stellt ganz von selbst das richtige Programm und die richtige Zubereitungszeit ein. Mit einem Fassungsverm\u00f6gen von 26 Litern hast du genug Platz f\u00fcr eine gro\u00dfe Auflaufform. Nutze die verschiedenen Backofenfunktionen und zaubere einen Kuchen, einen Auflauf oder selbstgemachte Pizzen auf den Tisch. Hast du vergessen, das H\u00e4hnchenfilet vorab aus dem Gefrierschrank zu holen, m\u00f6chtest aber mit der Zubereitung deines Currys loslegen? Dank der Auftaufunktion ist das H\u00e4hnchen innerhalb weniger Minuten fertig f\u00fcr die Zubereitung. Mit der Mikrowellenfunktion w\u00e4rmst du wiederum die Reste von gestern oder eine Suppe auf.<\/p>\n","protected":false},"featured_media":0,"comment_status":"closed","ping_status":"open","template":"","meta":{"_acf_changed":false},"brand":[16705],"product_brand":[],"product_cat":[927],"product_tag":[928],"class_list":{"0":"post-79725","1":"product","2":"type-product","3":"status-publish","5":"brand-wisberg","6":"product_cat-mikrowellen","7":"product_tag-vrijstaande-combimagnetrons","8":"pa_condition-new","9":"pa_coolblue-de-verzending-morgen-gratis-geliefert","10":"pa_ean-30207","11":"pa_mpn-ac9p032tc-s00e00","13":"first","14":"instock","15":"product-type-external"},"acf":[],"_links":{"self":[{"href":"https:\/\/onlinehardwareshop.de\/index.php\/wp-json\/wp\/v2\/product\/79725","targetHints":{"allow":["GET"]}}],"collection":[{"href":"https:\/\/onlinehardwareshop.de\/index.php\/wp-json\/wp\/v2\/product"}],"about":[{"href":"https:\/\/onlinehardwareshop.de\/index.php\/wp-json\/wp\/v2\/types\/product"}],"replies":[{"embeddable":true,"href":"https:\/\/onlinehardwareshop.de\/index.php\/wp-json\/wp\/v2\/comments?post=79725"}],"wp:attachment":[{"href":"https:\/\/onlinehardwareshop.de\/index.php\/wp-json\/wp\/v2\/media?parent=79725"}],"wp:term":[{"taxonomy":"brand","embeddable":true,"href":"https:\/\/onlinehardwareshop.de\/index.php\/wp-json\/wp\/v2\/brand?post=79725"},{"taxonomy":"product_brand","embeddable":true,"href":"https:\/\/onlinehardwareshop.de\/index.php\/wp-json\/wp\/v2\/product_brand?post=79725"},{"taxonomy":"product_cat","embeddable":true,"href":"https:\/\/onlinehardwareshop.de\/index.php\/wp-json\/wp\/v2\/product_cat?post=79725"},{"taxonomy":"product_tag","embeddable":true,"href":"https:\/\/onlinehardwareshop.de\/index.php\/wp-json\/wp\/v2\/product_tag?post=79725"}],"curies":[{"name":"wp","href":"https:\/\/api.w.org\/{rel}","templated":true}]}}