{"id":79706,"date":"2024-07-31T11:20:58","date_gmt":"2024-07-31T11:20:58","guid":{"rendered":"https:\/\/onlinehardwareshop.de\/index.php\/produkt\/eufy-homebase-3-samsung-870-evo-1tb-ssd-2\/"},"modified":"2025-05-14T12:09:41","modified_gmt":"2025-05-14T12:09:41","slug":"eufy-homebase-3-samsung-870-evo-1tb-ssd","status":"publish","type":"product","link":"https:\/\/onlinehardwareshop.de\/index.php\/produkt\/eufy-homebase-3-samsung-870-evo-1tb-ssd\/","title":{"rendered":"eufy HomeBase 3 + Samsung 870 EVO 1TB SSD"},"content":{"rendered":"<p>Speichere mit der eufy HomeBase\u00a03 und der Samsung 870 EVO 1\u00a0TB SSD alle Aufnahmen deiner eufy Ger\u00e4te auf einer Festplatte ab. Dank der SSD erweiterst du deinen 16\u00a0GB gro\u00dfen Speicher um 1\u00a0TB. Die HomeBase\u00a03 nimmt dauerhaft auf, sodass dir nichts mehr entgeht. Sie ist smarter als ihre Vorg\u00e4ngerin, die HomeBase\u00a02. Das Ger\u00e4t erkennt Menschen, Tiere und Fahrzeuge. Au\u00dferdem verf\u00fcgt die Basisstation \u00fcber einen selbstlernenden Algorithmus, mit dem sie Gesichter unterscheidet. Dadurch erkennt die HomeBase, ob es sich um eine bekannte oder eine fremde Person im Bild handelt. Du verbindest die HomeBase mit deinem Router. So baust du eine stabile Verbindung zu deinen eufy Ger\u00e4ten auf.<\/p>\n","protected":false},"excerpt":{"rendered":"<p>Speichere mit der eufy HomeBase\u00a03 und der Samsung 870 EVO 1\u00a0TB SSD alle Aufnahmen deiner eufy Ger\u00e4te auf einer Festplatte ab. Dank der SSD erweiterst du deinen 16\u00a0GB gro\u00dfen Speicher um 1\u00a0TB. Die HomeBase\u00a03 nimmt dauerhaft auf, sodass dir nichts mehr entgeht. Sie ist smarter als ihre Vorg\u00e4ngerin, die HomeBase\u00a02. Das Ger\u00e4t erkennt Menschen, Tiere und Fahrzeuge. Au\u00dferdem verf\u00fcgt die Basisstation \u00fcber einen selbstlernenden Algorithmus, mit dem sie Gesichter unterscheidet. Dadurch erkennt die HomeBase, ob es sich um eine bekannte oder eine fremde Person im Bild handelt. Du verbindest die HomeBase mit deinem Router. So baust du eine stabile Verbindung zu deinen eufy Ger\u00e4ten auf.<\/p>\n","protected":false},"featured_media":0,"comment_status":"closed","ping_status":"open","template":"","meta":{"_acf_changed":false},"brand":[1165],"product_brand":[],"product_cat":[6949],"product_tag":[2958],"class_list":{"0":"post-79706","1":"product","2":"type-product","3":"status-publish","5":"brand-samsung","6":"product_cat-bridges","7":"product_tag-25-inch-ssd","8":"pa_condition-new","9":"pa_coolblue-de-verzending-morgen-gratis-geliefert","10":"pa_ean-20301","12":"first","13":"instock","14":"product-type-external"},"acf":[],"_links":{"self":[{"href":"https:\/\/onlinehardwareshop.de\/index.php\/wp-json\/wp\/v2\/product\/79706","targetHints":{"allow":["GET"]}}],"collection":[{"href":"https:\/\/onlinehardwareshop.de\/index.php\/wp-json\/wp\/v2\/product"}],"about":[{"href":"https:\/\/onlinehardwareshop.de\/index.php\/wp-json\/wp\/v2\/types\/product"}],"replies":[{"embeddable":true,"href":"https:\/\/onlinehardwareshop.de\/index.php\/wp-json\/wp\/v2\/comments?post=79706"}],"wp:attachment":[{"href":"https:\/\/onlinehardwareshop.de\/index.php\/wp-json\/wp\/v2\/media?parent=79706"}],"wp:term":[{"taxonomy":"brand","embeddable":true,"href":"https:\/\/onlinehardwareshop.de\/index.php\/wp-json\/wp\/v2\/brand?post=79706"},{"taxonomy":"product_brand","embeddable":true,"href":"https:\/\/onlinehardwareshop.de\/index.php\/wp-json\/wp\/v2\/product_brand?post=79706"},{"taxonomy":"product_cat","embeddable":true,"href":"https:\/\/onlinehardwareshop.de\/index.php\/wp-json\/wp\/v2\/product_cat?post=79706"},{"taxonomy":"product_tag","embeddable":true,"href":"https:\/\/onlinehardwareshop.de\/index.php\/wp-json\/wp\/v2\/product_tag?post=79706"}],"curies":[{"name":"wp","href":"https:\/\/api.w.org\/{rel}","templated":true}]}}