{"id":79705,"date":"2024-04-11T23:36:53","date_gmt":"2024-04-11T23:36:53","guid":{"rendered":"https:\/\/onlinehardwareshop.de\/index.php\/produkt\/eufy-homebase3-samsung-870-evo-500gb-ssd-2\/"},"modified":"2025-05-14T12:09:36","modified_gmt":"2025-05-14T12:09:36","slug":"eufy-homebase3-samsung-870-evo-500gb-ssd","status":"publish","type":"product","link":"https:\/\/onlinehardwareshop.de\/index.php\/produkt\/eufy-homebase3-samsung-870-evo-500gb-ssd\/","title":{"rendered":"eufy HomeBase&#xA0;3 + Samsung 870 EVO 500GB SSD"},"content":{"rendered":"<p>Speichere alle Aufnahmen deiner eufy Ger\u00e4te mit der eufy HomeBase\u00a03 und der Samsung 870 EVO 500\u00a0GB SSD. Dank dieser SSD erweiterst du deinen 16\u00a0GB gro\u00dfen Speicher um 500\u00a0GB. Die Basisstation nimmt jederzeit auf. So wei\u00dft du ganz genau, was in und um dein Haus herum passiert. Die HomeBase\u00a03 ist smarter als die HomeBase\u00a02. Sie erkennt Menschen, Tiere und Fahrzeuge. Au\u00dferdem verf\u00fcgt die Basisstation \u00fcber einen selbstlernenden Algorithmus, mit dem sie Gesichter unterscheidet. Die HomeBase teilt dir mit, ob es sich um eine bekannte oder eine fremde Person im Bild handelt. Du verbindest die Basisstation mit deinem Router. So baust du eine stabile Verbindung zu deinen eufy Ger\u00e4ten auf.<\/p>\n","protected":false},"excerpt":{"rendered":"<p>Speichere alle Aufnahmen deiner eufy Ger\u00e4te mit der eufy HomeBase\u00a03 und der Samsung 870 EVO 500\u00a0GB SSD. Dank dieser SSD erweiterst du deinen 16\u00a0GB gro\u00dfen Speicher um 500\u00a0GB. Die Basisstation nimmt jederzeit auf. So wei\u00dft du ganz genau, was in und um dein Haus herum passiert. Die HomeBase\u00a03 ist smarter als die HomeBase\u00a02. Sie erkennt Menschen, Tiere und Fahrzeuge. Au\u00dferdem verf\u00fcgt die Basisstation \u00fcber einen selbstlernenden Algorithmus, mit dem sie Gesichter unterscheidet. Die HomeBase teilt dir mit, ob es sich um eine bekannte oder eine fremde Person im Bild handelt. Du verbindest die Basisstation mit deinem Router. So baust du eine stabile Verbindung zu deinen eufy Ger\u00e4ten auf.<\/p>\n","protected":false},"featured_media":0,"comment_status":"closed","ping_status":"open","template":"","meta":{"_acf_changed":false},"brand":[1165],"product_brand":[],"product_cat":[6949],"product_tag":[2958],"class_list":{"0":"post-79705","1":"product","2":"type-product","3":"status-publish","5":"brand-samsung","6":"product_cat-bridges","7":"product_tag-25-inch-ssd","8":"pa_condition-new","9":"pa_coolblue-de-verzending-morgen-gratis-geliefert","10":"pa_ean-20300","12":"first","13":"instock","14":"product-type-external"},"acf":[],"_links":{"self":[{"href":"https:\/\/onlinehardwareshop.de\/index.php\/wp-json\/wp\/v2\/product\/79705","targetHints":{"allow":["GET"]}}],"collection":[{"href":"https:\/\/onlinehardwareshop.de\/index.php\/wp-json\/wp\/v2\/product"}],"about":[{"href":"https:\/\/onlinehardwareshop.de\/index.php\/wp-json\/wp\/v2\/types\/product"}],"replies":[{"embeddable":true,"href":"https:\/\/onlinehardwareshop.de\/index.php\/wp-json\/wp\/v2\/comments?post=79705"}],"wp:attachment":[{"href":"https:\/\/onlinehardwareshop.de\/index.php\/wp-json\/wp\/v2\/media?parent=79705"}],"wp:term":[{"taxonomy":"brand","embeddable":true,"href":"https:\/\/onlinehardwareshop.de\/index.php\/wp-json\/wp\/v2\/brand?post=79705"},{"taxonomy":"product_brand","embeddable":true,"href":"https:\/\/onlinehardwareshop.de\/index.php\/wp-json\/wp\/v2\/product_brand?post=79705"},{"taxonomy":"product_cat","embeddable":true,"href":"https:\/\/onlinehardwareshop.de\/index.php\/wp-json\/wp\/v2\/product_cat?post=79705"},{"taxonomy":"product_tag","embeddable":true,"href":"https:\/\/onlinehardwareshop.de\/index.php\/wp-json\/wp\/v2\/product_tag?post=79705"}],"curies":[{"name":"wp","href":"https:\/\/api.w.org\/{rel}","templated":true}]}}