{"id":79690,"date":"2025-02-12T21:42:50","date_gmt":"2025-02-12T21:42:50","guid":{"rendered":"https:\/\/onlinehardwareshop.de\/index.php\/produkt\/samsonite-scure-spinner-55-75-69cm-black-kofferset-2\/"},"modified":"2025-05-14T12:08:27","modified_gmt":"2025-05-14T12:08:27","slug":"samsonite-scure-spinner-55-75-69cm-black-kofferset","status":"publish","type":"product","link":"https:\/\/onlinehardwareshop.de\/index.php\/produkt\/samsonite-scure-spinner-55-75-69cm-black-kofferset\/","title":{"rendered":"Samsonite S&#8217;Cure Spinner 55 + 75 + 69&#xA0;cm Black Kofferset"},"content":{"rendered":"<p>Mit dem Samsonite S&#8217;Cure Spinner 69 + 55 + 75\u00a0cm Black Kofferset erh\u00e4ltst du ein robustes Reisekofferset. Dieses Set enth\u00e4lt einen Handgep\u00e4ckkoffer, einen mittelgro\u00dfen und einen gro\u00dfen Reisekoffer. Diese Koffer haben ein Fassungsverm\u00f6gen von 34, 79 und 102 Litern. Da sich die Rollen um 360\u00a0Grad drehen, fahren die Koffer in jede Richtung einfach mit. Zudem sind die Koffer aus Polypropylen. Dieses Material sch\u00fctzt sie vor Kratzern und St\u00f6\u00dfen. Mit Fachteilern und Innengurten bleiben deine Sachen organisiert an Ort und Stelle. Zudem verhindert die spezielle Dichtung das Eindringen von Feuchtigkeit in die S&#8217;Cure Spinner. Die Koffer sind auch mit einem praktischen TSA-Zahlenschloss ausgestattet. So ist dein Gep\u00e4ck auf Reisen sicher aufbewahrt.<\/p>\n","protected":false},"excerpt":{"rendered":"<p>Mit dem Samsonite S&#8217;Cure Spinner 69 + 55 + 75\u00a0cm Black Kofferset erh\u00e4ltst du ein robustes Reisekofferset. Dieses Set enth\u00e4lt einen Handgep\u00e4ckkoffer, einen mittelgro\u00dfen und einen gro\u00dfen Reisekoffer. Diese Koffer haben ein Fassungsverm\u00f6gen von 34, 79 und 102 Litern. Da sich die Rollen um 360\u00a0Grad drehen, fahren die Koffer in jede Richtung einfach mit. Zudem sind die Koffer aus Polypropylen. Dieses Material sch\u00fctzt sie vor Kratzern und St\u00f6\u00dfen. Mit Fachteilern und Innengurten bleiben deine Sachen organisiert an Ort und Stelle. Zudem verhindert die spezielle Dichtung das Eindringen von Feuchtigkeit in die S&#8217;Cure Spinner. Die Koffer sind auch mit einem praktischen TSA-Zahlenschloss ausgestattet. So ist dein Gep\u00e4ck auf Reisen sicher aufbewahrt.<\/p>\n","protected":false},"featured_media":0,"comment_status":"closed","ping_status":"open","template":"","meta":{"_acf_changed":false},"brand":[1260],"product_brand":[],"product_cat":[1261],"product_tag":[1271],"class_list":{"0":"post-79690","1":"product","2":"type-product","3":"status-publish","5":"brand-samsonite","6":"product_cat-koffer","7":"product_tag-handbagage-koffers","8":"pa_condition-new","9":"pa_coolblue-de-verzending-morgen-gratis-geliefert","10":"pa_ean-20274","12":"first","13":"instock","14":"product-type-external"},"acf":[],"_links":{"self":[{"href":"https:\/\/onlinehardwareshop.de\/index.php\/wp-json\/wp\/v2\/product\/79690","targetHints":{"allow":["GET"]}}],"collection":[{"href":"https:\/\/onlinehardwareshop.de\/index.php\/wp-json\/wp\/v2\/product"}],"about":[{"href":"https:\/\/onlinehardwareshop.de\/index.php\/wp-json\/wp\/v2\/types\/product"}],"replies":[{"embeddable":true,"href":"https:\/\/onlinehardwareshop.de\/index.php\/wp-json\/wp\/v2\/comments?post=79690"}],"wp:attachment":[{"href":"https:\/\/onlinehardwareshop.de\/index.php\/wp-json\/wp\/v2\/media?parent=79690"}],"wp:term":[{"taxonomy":"brand","embeddable":true,"href":"https:\/\/onlinehardwareshop.de\/index.php\/wp-json\/wp\/v2\/brand?post=79690"},{"taxonomy":"product_brand","embeddable":true,"href":"https:\/\/onlinehardwareshop.de\/index.php\/wp-json\/wp\/v2\/product_brand?post=79690"},{"taxonomy":"product_cat","embeddable":true,"href":"https:\/\/onlinehardwareshop.de\/index.php\/wp-json\/wp\/v2\/product_cat?post=79690"},{"taxonomy":"product_tag","embeddable":true,"href":"https:\/\/onlinehardwareshop.de\/index.php\/wp-json\/wp\/v2\/product_tag?post=79690"}],"curies":[{"name":"wp","href":"https:\/\/api.w.org\/{rel}","templated":true}]}}