{"id":79621,"date":"2025-05-08T09:20:03","date_gmt":"2025-05-08T09:20:03","guid":{"rendered":"https:\/\/onlinehardwareshop.de\/index.php\/produkt\/denon-perl-schwarz-2\/"},"modified":"2025-05-14T12:03:22","modified_gmt":"2025-05-14T12:03:22","slug":"denon-perl-schwarz","status":"publish","type":"product","link":"https:\/\/onlinehardwareshop.de\/index.php\/produkt\/denon-perl-schwarz\/","title":{"rendered":"Denon PerL Schwarz"},"content":{"rendered":"<p>Mit den Denon PerL Schwarz entscheidest du dich f\u00fcr ein pers\u00f6nliches Klangerlebnis. Diese In-Ear-Kopfh\u00f6rer sind mit der Masimo Adaptive Acoustic Technology ausgestattet. Mithilfe dieser Technologie messen die Kopfh\u00f6rer dein Geh\u00f6r und erstellen darauf abgestimmt ein Klangprofil. Dieses Profil sorgt daf\u00fcr, dass du alle T\u00f6ne in der Musik deutlich h\u00f6rst. Dank Hi-Res-Audio ist die Audiowiedergabe sehr detailliert. Da Hi-Res-Audiodateien gr\u00f6\u00dfer als MP3-Dateien sind, h\u00f6rst du mehr Details, zum Beispiel beim Bass. Das aktive Noise Cancelling sorgt daf\u00fcr, dass du wenig von deiner Umgebung h\u00f6rst. Wenn du deine Umgebungsger\u00e4usche doch h\u00f6ren m\u00f6chtest, ist das mit dieser Technologie nat\u00fcrlich auch m\u00f6glich.<\/p>\n","protected":false},"excerpt":{"rendered":"<p>Mit den Denon PerL Schwarz entscheidest du dich f\u00fcr ein pers\u00f6nliches Klangerlebnis. Diese In-Ear-Kopfh\u00f6rer sind mit der Masimo Adaptive Acoustic Technology ausgestattet. Mithilfe dieser Technologie messen die Kopfh\u00f6rer dein Geh\u00f6r und erstellen darauf abgestimmt ein Klangprofil. Dieses Profil sorgt daf\u00fcr, dass du alle T\u00f6ne in der Musik deutlich h\u00f6rst. Dank Hi-Res-Audio ist die Audiowiedergabe sehr detailliert. Da Hi-Res-Audiodateien gr\u00f6\u00dfer als MP3-Dateien sind, h\u00f6rst du mehr Details, zum Beispiel beim Bass. Das aktive Noise Cancelling sorgt daf\u00fcr, dass du wenig von deiner Umgebung h\u00f6rst. Wenn du deine Umgebungsger\u00e4usche doch h\u00f6ren m\u00f6chtest, ist das mit dieser Technologie nat\u00fcrlich auch m\u00f6glich.<\/p>\n","protected":false},"featured_media":0,"comment_status":"closed","ping_status":"open","template":"","meta":{"_acf_changed":false},"brand":[943],"product_brand":[],"product_cat":[563],"product_tag":[1210],"class_list":{"0":"post-79621","1":"product","2":"type-product","3":"status-publish","5":"brand-denon","6":"product_cat-in-ear-kopfhrer","7":"product_tag-non-apple-oordopjes","8":"pa_condition-new","9":"pa_coolblue-de-verzending-morgen-gratis-geliefert","10":"pa_ean-20107","11":"pa_mpn-ahc10plbkem","13":"first","14":"instock","15":"product-type-external"},"acf":[],"_links":{"self":[{"href":"https:\/\/onlinehardwareshop.de\/index.php\/wp-json\/wp\/v2\/product\/79621","targetHints":{"allow":["GET"]}}],"collection":[{"href":"https:\/\/onlinehardwareshop.de\/index.php\/wp-json\/wp\/v2\/product"}],"about":[{"href":"https:\/\/onlinehardwareshop.de\/index.php\/wp-json\/wp\/v2\/types\/product"}],"replies":[{"embeddable":true,"href":"https:\/\/onlinehardwareshop.de\/index.php\/wp-json\/wp\/v2\/comments?post=79621"}],"wp:attachment":[{"href":"https:\/\/onlinehardwareshop.de\/index.php\/wp-json\/wp\/v2\/media?parent=79621"}],"wp:term":[{"taxonomy":"brand","embeddable":true,"href":"https:\/\/onlinehardwareshop.de\/index.php\/wp-json\/wp\/v2\/brand?post=79621"},{"taxonomy":"product_brand","embeddable":true,"href":"https:\/\/onlinehardwareshop.de\/index.php\/wp-json\/wp\/v2\/product_brand?post=79621"},{"taxonomy":"product_cat","embeddable":true,"href":"https:\/\/onlinehardwareshop.de\/index.php\/wp-json\/wp\/v2\/product_cat?post=79621"},{"taxonomy":"product_tag","embeddable":true,"href":"https:\/\/onlinehardwareshop.de\/index.php\/wp-json\/wp\/v2\/product_tag?post=79621"}],"curies":[{"name":"wp","href":"https:\/\/api.w.org\/{rel}","templated":true}]}}