{"id":79550,"date":"2025-03-31T17:07:12","date_gmt":"2025-03-31T17:07:12","guid":{"rendered":"https:\/\/onlinehardwareshop.de\/index.php\/produkt\/samsonite-scure-spinner-55-69-75cm-black-2\/"},"modified":"2025-05-14T11:57:37","modified_gmt":"2025-05-14T11:57:37","slug":"samsonite-scure-spinner-55-69-75cm-black","status":"publish","type":"product","link":"https:\/\/onlinehardwareshop.de\/index.php\/produkt\/samsonite-scure-spinner-55-69-75cm-black\/","title":{"rendered":"Samsonite S&#8217;Cure Spinner 55 + 69 + 75&#xA0;cm Black"},"content":{"rendered":"<p>Mit dem Samsonite S&#8217;Cure Spinner 55 + 69 + 75\u00a0cm Black legst du dir ein Set robuster Reisekoffer zu.  Gro\u00dfer Koffer Der 75\u00a0cm gro\u00dfe Koffer hat ein Fassungsverm\u00f6gen von 102 Litern. Dies bietet dir genug Platz f\u00fcr eine zwei- bis dreiw\u00f6chige Reise. Dank der 360-Grad-Rollen ziehst du den Koffer m\u00fchelos hinter dir her. Die Au\u00dfenseite aus Polypropylen ist stabil, sodass der Koffer nicht so schnell Kratzer oder Dellen bekommt. Der Koffer ist au\u00dferdem mit einem TSA-Zahlenschloss versehen, sodass der Zoll in den USA deinen Koffer bei einer Kontrolle nicht besch\u00e4digt.  Mittelgro\u00dfer Koffer Der mittelgro\u00dfe Koffer ist 69\u00a0cm hoch. Nutze ihn selbst als zus\u00e4tzlichen Koffer oder f\u00fcr einen Mitreisenden. Das Fassungsverm\u00f6gen von 79 Litern bietet genug Platz f\u00fcr einen ein- bis zweiw\u00f6chigen Urlaub. Dank der 360-Grad-Rollen l\u00e4sst sich der Koffer reibungslos in jede Richtung bewegen. Dieser Koffer besteht wie der gro\u00dfe Koffer aus Polypropylen und hat ein TSA-Zahlenschloss.  Handgep\u00e4ckkoffer Der Handgep\u00e4ckkoffer ist 55\u00a0cm hoch und damit f\u00fcr dich oder ein Kind geeignet. Du nimmst ihn ohne Probleme im Flugzeug mit. Das Fassungsverm\u00f6gen von 34 Litern bietet genug Platz f\u00fcr Gep\u00e4ck f\u00fcr einen Wochenendausflug oder eine Dienstreise. Dank der 360-Grad-Rollen ziehst du den Koffer m\u00fchelos hinter dir her. Dieser Koffer besteht wie der gro\u00dfe und mittelgro\u00dfe Koffer aus Polypropylen und hat ein TSA-Zahlenschloss.<\/p>\n","protected":false},"excerpt":{"rendered":"<p>Mit dem Samsonite S&#8217;Cure Spinner 55 + 69 + 75\u00a0cm Black legst du dir ein Set robuster Reisekoffer zu.  Gro\u00dfer Koffer Der 75\u00a0cm gro\u00dfe Koffer hat ein Fassungsverm\u00f6gen von 102 Litern. Dies bietet dir genug Platz f\u00fcr eine zwei- bis dreiw\u00f6chige Reise. Dank der 360-Grad-Rollen ziehst du den Koffer m\u00fchelos hinter dir her. Die Au\u00dfenseite aus Polypropylen ist stabil, sodass der Koffer nicht so schnell Kratzer oder Dellen bekommt. Der Koffer ist au\u00dferdem mit einem TSA-Zahlenschloss versehen, sodass der Zoll in den USA deinen Koffer bei einer Kontrolle nicht besch\u00e4digt.  Mittelgro\u00dfer Koffer Der mittelgro\u00dfe Koffer ist 69\u00a0cm hoch. Nutze ihn selbst als zus\u00e4tzlichen Koffer oder f\u00fcr einen Mitreisenden. Das Fassungsverm\u00f6gen von 79 Litern bietet genug Platz f\u00fcr einen ein- bis zweiw\u00f6chigen Urlaub. Dank der 360-Grad-Rollen l\u00e4sst sich der Koffer reibungslos in jede Richtung bewegen. Dieser Koffer besteht wie der gro\u00dfe Koffer aus Polypropylen und hat ein TSA-Zahlenschloss.  Handgep\u00e4ckkoffer Der Handgep\u00e4ckkoffer ist 55\u00a0cm hoch und damit f\u00fcr dich oder ein Kind geeignet. Du nimmst ihn ohne Probleme im Flugzeug mit. Das Fassungsverm\u00f6gen von 34 Litern bietet genug Platz f\u00fcr Gep\u00e4ck f\u00fcr einen Wochenendausflug oder eine Dienstreise. Dank der 360-Grad-Rollen ziehst du den Koffer m\u00fchelos hinter dir her. Dieser Koffer besteht wie der gro\u00dfe und mittelgro\u00dfe Koffer aus Polypropylen und hat ein TSA-Zahlenschloss.<\/p>\n","protected":false},"featured_media":0,"comment_status":"closed","ping_status":"open","template":"","meta":{"_acf_changed":false},"brand":[1260],"product_brand":[],"product_cat":[1261],"product_tag":[1271],"class_list":{"0":"post-79550","1":"product","2":"type-product","3":"status-publish","5":"brand-samsonite","6":"product_cat-koffer","7":"product_tag-handbagage-koffers","8":"pa_condition-new","9":"pa_coolblue-de-verzending-morgen-gratis-geliefert","10":"pa_ean-19949","12":"first","13":"instock","14":"product-type-external"},"acf":[],"_links":{"self":[{"href":"https:\/\/onlinehardwareshop.de\/index.php\/wp-json\/wp\/v2\/product\/79550","targetHints":{"allow":["GET"]}}],"collection":[{"href":"https:\/\/onlinehardwareshop.de\/index.php\/wp-json\/wp\/v2\/product"}],"about":[{"href":"https:\/\/onlinehardwareshop.de\/index.php\/wp-json\/wp\/v2\/types\/product"}],"replies":[{"embeddable":true,"href":"https:\/\/onlinehardwareshop.de\/index.php\/wp-json\/wp\/v2\/comments?post=79550"}],"wp:attachment":[{"href":"https:\/\/onlinehardwareshop.de\/index.php\/wp-json\/wp\/v2\/media?parent=79550"}],"wp:term":[{"taxonomy":"brand","embeddable":true,"href":"https:\/\/onlinehardwareshop.de\/index.php\/wp-json\/wp\/v2\/brand?post=79550"},{"taxonomy":"product_brand","embeddable":true,"href":"https:\/\/onlinehardwareshop.de\/index.php\/wp-json\/wp\/v2\/product_brand?post=79550"},{"taxonomy":"product_cat","embeddable":true,"href":"https:\/\/onlinehardwareshop.de\/index.php\/wp-json\/wp\/v2\/product_cat?post=79550"},{"taxonomy":"product_tag","embeddable":true,"href":"https:\/\/onlinehardwareshop.de\/index.php\/wp-json\/wp\/v2\/product_tag?post=79550"}],"curies":[{"name":"wp","href":"https:\/\/api.w.org\/{rel}","templated":true}]}}