{"id":79547,"date":"2024-11-26T16:17:10","date_gmt":"2024-11-26T16:17:10","guid":{"rendered":"https:\/\/onlinehardwareshop.de\/index.php\/produkt\/kofferset-samsonite-scure-spinner-55-75cm-aqua-blue-2\/"},"modified":"2025-05-14T11:57:15","modified_gmt":"2025-05-14T11:57:15","slug":"kofferset-samsonite-scure-spinner-55-75cm-aqua-blue","status":"publish","type":"product","link":"https:\/\/onlinehardwareshop.de\/index.php\/produkt\/kofferset-samsonite-scure-spinner-55-75cm-aqua-blue\/","title":{"rendered":"Kofferset Samsonite S&#8217;cure Spinner 55 + 75&#xA0;cm Aqua Blue"},"content":{"rendered":"<p>Mit dem Kofferset Samsonite S&#8217;Cure Spinner 55 + 75\u00a0cm legst du dir ein stabiles Reisekofferset zu. Dieses Set besteht aus einem Handgep\u00e4ckkoffer und einem gro\u00dfen Reisekoffer mit einem Fassungsverm\u00f6gen von 102 Litern. So hast du genug Platz f\u00fcr Gep\u00e4ck f\u00fcr einen mehrw\u00f6chigen Sommerurlaub. Dank der inneren Trennwand und des Spanngurts bleiben deine Sachen sicher an ihrem Platz. Da sich die Rollen um 360 Grad drehen k\u00f6nnen, fahren die Koffer in jede Richtung einfach mit. Das ist zum Beispiel praktisch, wenn du beide Koffer mit einer Hand schieben m\u00f6chtest. Die Koffer bestehen aus Polypropylen, was sie besser vor Kratzern und St\u00f6\u00dfen sch\u00fctzt. Durch das praktische TSA-Nummernschloss macht der Zoll deinen Koffer bei einer m\u00f6glichen Kontrolle nicht kaputt.<\/p>\n","protected":false},"excerpt":{"rendered":"<p>Mit dem Kofferset Samsonite S&#8217;Cure Spinner 55 + 75\u00a0cm legst du dir ein stabiles Reisekofferset zu. Dieses Set besteht aus einem Handgep\u00e4ckkoffer und einem gro\u00dfen Reisekoffer mit einem Fassungsverm\u00f6gen von 102 Litern. So hast du genug Platz f\u00fcr Gep\u00e4ck f\u00fcr einen mehrw\u00f6chigen Sommerurlaub. Dank der inneren Trennwand und des Spanngurts bleiben deine Sachen sicher an ihrem Platz. Da sich die Rollen um 360 Grad drehen k\u00f6nnen, fahren die Koffer in jede Richtung einfach mit. Das ist zum Beispiel praktisch, wenn du beide Koffer mit einer Hand schieben m\u00f6chtest. Die Koffer bestehen aus Polypropylen, was sie besser vor Kratzern und St\u00f6\u00dfen sch\u00fctzt. Durch das praktische TSA-Nummernschloss macht der Zoll deinen Koffer bei einer m\u00f6glichen Kontrolle nicht kaputt.<\/p>\n","protected":false},"featured_media":0,"comment_status":"closed","ping_status":"open","template":"","meta":{"_acf_changed":false},"brand":[1260],"product_brand":[],"product_cat":[1261],"product_tag":[1271],"class_list":{"0":"post-79547","1":"product","2":"type-product","3":"status-publish","5":"brand-samsonite","6":"product_cat-koffer","7":"product_tag-handbagage-koffers","8":"pa_condition-new","9":"pa_coolblue-de-verzending-morgen-gratis-geliefert","10":"pa_ean-19946","12":"first","13":"instock","14":"product-type-external"},"acf":[],"_links":{"self":[{"href":"https:\/\/onlinehardwareshop.de\/index.php\/wp-json\/wp\/v2\/product\/79547","targetHints":{"allow":["GET"]}}],"collection":[{"href":"https:\/\/onlinehardwareshop.de\/index.php\/wp-json\/wp\/v2\/product"}],"about":[{"href":"https:\/\/onlinehardwareshop.de\/index.php\/wp-json\/wp\/v2\/types\/product"}],"replies":[{"embeddable":true,"href":"https:\/\/onlinehardwareshop.de\/index.php\/wp-json\/wp\/v2\/comments?post=79547"}],"wp:attachment":[{"href":"https:\/\/onlinehardwareshop.de\/index.php\/wp-json\/wp\/v2\/media?parent=79547"}],"wp:term":[{"taxonomy":"brand","embeddable":true,"href":"https:\/\/onlinehardwareshop.de\/index.php\/wp-json\/wp\/v2\/brand?post=79547"},{"taxonomy":"product_brand","embeddable":true,"href":"https:\/\/onlinehardwareshop.de\/index.php\/wp-json\/wp\/v2\/product_brand?post=79547"},{"taxonomy":"product_cat","embeddable":true,"href":"https:\/\/onlinehardwareshop.de\/index.php\/wp-json\/wp\/v2\/product_cat?post=79547"},{"taxonomy":"product_tag","embeddable":true,"href":"https:\/\/onlinehardwareshop.de\/index.php\/wp-json\/wp\/v2\/product_tag?post=79547"}],"curies":[{"name":"wp","href":"https:\/\/api.w.org\/{rel}","templated":true}]}}