{"id":79546,"date":"2025-04-15T09:03:50","date_gmt":"2025-04-15T09:03:50","guid":{"rendered":"https:\/\/onlinehardwareshop.de\/index.php\/produkt\/kofferset-samsonite-scure-spinner-55-69cm-aqua-blue-4\/"},"modified":"2025-05-14T11:57:10","modified_gmt":"2025-05-14T11:57:10","slug":"kofferset-samsonite-scure-spinner-55-69cm-aqua-blue-2","status":"publish","type":"product","link":"https:\/\/onlinehardwareshop.de\/index.php\/produkt\/kofferset-samsonite-scure-spinner-55-69cm-aqua-blue-2\/","title":{"rendered":"Kofferset Samsonite S&#8217;cure Spinner 55 + 69&#xA0;cm Aqua Blue"},"content":{"rendered":"<p>Mit dem Kofferset Samsonite S&#8217;Cure Spinner 69 +55\u00a0cm gehst du mit einem mittelgro\u00dfen Koffer und einem Handgep\u00e4ckkoffer auf Reisen. Der S&#8217;Cure 69\u00a0cm hat ein Fassungsverm\u00f6gen von 79 Litern und bietet damit genug Platz f\u00fcr ein bis zwei Wochen Urlaub. Wegen seines Fassungsverm\u00f6gens von 34 Litern kann der S&#8217;Cure 55\u00a0cm als Handgep\u00e4ck mit ins Flugzeug genommen werden. Dank der inneren Trennwand und des Spanngurts bleiben deine Sachen sicher an ihrem Platz. Die Koffer haben je vier R\u00e4der, die sich um 360 Grad drehen. Daher schiebst du beide Koffer problemlos vor dir her. Au\u00dferdem werden die Koffer aus Polypropylen hergestellt, was sie besser vor Kratzern und St\u00f6\u00dfen sch\u00fctzt. Durch das praktische TSA-Nummernschloss macht der Zoll deinen Koffer bei einer m\u00f6glichen Kontrolle nicht kaputt.<\/p>\n","protected":false},"excerpt":{"rendered":"<p>Mit dem Kofferset Samsonite S&#8217;Cure Spinner 69 +55\u00a0cm gehst du mit einem mittelgro\u00dfen Koffer und einem Handgep\u00e4ckkoffer auf Reisen. Der S&#8217;Cure 69\u00a0cm hat ein Fassungsverm\u00f6gen von 79 Litern und bietet damit genug Platz f\u00fcr ein bis zwei Wochen Urlaub. Wegen seines Fassungsverm\u00f6gens von 34 Litern kann der S&#8217;Cure 55\u00a0cm als Handgep\u00e4ck mit ins Flugzeug genommen werden. Dank der inneren Trennwand und des Spanngurts bleiben deine Sachen sicher an ihrem Platz. Die Koffer haben je vier R\u00e4der, die sich um 360 Grad drehen. Daher schiebst du beide Koffer problemlos vor dir her. Au\u00dferdem werden die Koffer aus Polypropylen hergestellt, was sie besser vor Kratzern und St\u00f6\u00dfen sch\u00fctzt. Durch das praktische TSA-Nummernschloss macht der Zoll deinen Koffer bei einer m\u00f6glichen Kontrolle nicht kaputt.<\/p>\n","protected":false},"featured_media":0,"comment_status":"closed","ping_status":"open","template":"","meta":{"_acf_changed":false},"brand":[1260],"product_brand":[],"product_cat":[1261],"product_tag":[1271],"class_list":{"0":"post-79546","1":"product","2":"type-product","3":"status-publish","5":"brand-samsonite","6":"product_cat-koffer","7":"product_tag-handbagage-koffers","8":"pa_condition-new","9":"pa_coolblue-de-verzending-morgen-gratis-geliefert","10":"pa_ean-19945","12":"first","13":"instock","14":"product-type-external"},"acf":[],"_links":{"self":[{"href":"https:\/\/onlinehardwareshop.de\/index.php\/wp-json\/wp\/v2\/product\/79546","targetHints":{"allow":["GET"]}}],"collection":[{"href":"https:\/\/onlinehardwareshop.de\/index.php\/wp-json\/wp\/v2\/product"}],"about":[{"href":"https:\/\/onlinehardwareshop.de\/index.php\/wp-json\/wp\/v2\/types\/product"}],"replies":[{"embeddable":true,"href":"https:\/\/onlinehardwareshop.de\/index.php\/wp-json\/wp\/v2\/comments?post=79546"}],"wp:attachment":[{"href":"https:\/\/onlinehardwareshop.de\/index.php\/wp-json\/wp\/v2\/media?parent=79546"}],"wp:term":[{"taxonomy":"brand","embeddable":true,"href":"https:\/\/onlinehardwareshop.de\/index.php\/wp-json\/wp\/v2\/brand?post=79546"},{"taxonomy":"product_brand","embeddable":true,"href":"https:\/\/onlinehardwareshop.de\/index.php\/wp-json\/wp\/v2\/product_brand?post=79546"},{"taxonomy":"product_cat","embeddable":true,"href":"https:\/\/onlinehardwareshop.de\/index.php\/wp-json\/wp\/v2\/product_cat?post=79546"},{"taxonomy":"product_tag","embeddable":true,"href":"https:\/\/onlinehardwareshop.de\/index.php\/wp-json\/wp\/v2\/product_tag?post=79546"}],"curies":[{"name":"wp","href":"https:\/\/api.w.org\/{rel}","templated":true}]}}