{"id":79537,"date":"2024-06-28T15:25:22","date_gmt":"2024-06-28T15:25:22","guid":{"rendered":"https:\/\/onlinehardwareshop.de\/index.php\/produkt\/samsonite-scure-spinner-5569cm-black-2\/"},"modified":"2025-05-14T11:56:41","modified_gmt":"2025-05-14T11:56:41","slug":"samsonite-scure-spinner-5569cm-black","status":"publish","type":"product","link":"https:\/\/onlinehardwareshop.de\/index.php\/produkt\/samsonite-scure-spinner-5569cm-black\/","title":{"rendered":"Samsonite S&#8217;Cure Spinner 55+69&#xA0;cm Black"},"content":{"rendered":"<p>Mit dem Samsonite S&#8217;Cure Spinner 55 + 69\u00a0cm Black legst du dir ein Set robuster Reisekoffer zu.  Mittelgro\u00dfer Koffer Der 69\u00a0cm gro\u00dfe Koffer hat ein Fassungsverm\u00f6gen von 79 Litern. Dies bietet dir genug Platz f\u00fcr eine ein- bis zweiw\u00f6chige Reise. Dank der 360-Grad-Rollen ziehst du den Koffer m\u00fchelos hinter dir her. Die Au\u00dfenseite aus Polypropylen ist stabil, sodass der Koffer nicht so schnell Kratzer oder Dellen bekommt. Der Koffer ist au\u00dferdem mit einem TSA-Zahlenschloss versehen, sodass der Zoll in den USA deinen Koffer bei einer Kontrolle nicht besch\u00e4digt.  Handgep\u00e4ckkoffer Der Handgep\u00e4ckkoffer ist 55\u00a0cm hoch und damit f\u00fcr dich oder ein Kind geeignet. Du nimmst ihn ohne Probleme im Flugzeug mit. Das Fassungsverm\u00f6gen von 34 Litern bietet genug Platz f\u00fcr Gep\u00e4ck f\u00fcr einen Wochenendausflug oder eine Dienstreise. Dank der 360-Grad-Rollen ziehst du den Koffer m\u00fchelos hinter dir her. Dieser Koffer besteht wie der mittelgro\u00dfe Koffer aus Polypropylen und hat ein TSA-Zahlenschloss.<\/p>\n","protected":false},"excerpt":{"rendered":"<p>Mit dem Samsonite S&#8217;Cure Spinner 55 + 69\u00a0cm Black legst du dir ein Set robuster Reisekoffer zu.  Mittelgro\u00dfer Koffer Der 69\u00a0cm gro\u00dfe Koffer hat ein Fassungsverm\u00f6gen von 79 Litern. Dies bietet dir genug Platz f\u00fcr eine ein- bis zweiw\u00f6chige Reise. Dank der 360-Grad-Rollen ziehst du den Koffer m\u00fchelos hinter dir her. Die Au\u00dfenseite aus Polypropylen ist stabil, sodass der Koffer nicht so schnell Kratzer oder Dellen bekommt. Der Koffer ist au\u00dferdem mit einem TSA-Zahlenschloss versehen, sodass der Zoll in den USA deinen Koffer bei einer Kontrolle nicht besch\u00e4digt.  Handgep\u00e4ckkoffer Der Handgep\u00e4ckkoffer ist 55\u00a0cm hoch und damit f\u00fcr dich oder ein Kind geeignet. Du nimmst ihn ohne Probleme im Flugzeug mit. Das Fassungsverm\u00f6gen von 34 Litern bietet genug Platz f\u00fcr Gep\u00e4ck f\u00fcr einen Wochenendausflug oder eine Dienstreise. Dank der 360-Grad-Rollen ziehst du den Koffer m\u00fchelos hinter dir her. Dieser Koffer besteht wie der mittelgro\u00dfe Koffer aus Polypropylen und hat ein TSA-Zahlenschloss.<\/p>\n","protected":false},"featured_media":0,"comment_status":"closed","ping_status":"open","template":"","meta":{"_acf_changed":false},"brand":[1260],"product_brand":[],"product_cat":[1261],"product_tag":[1271],"class_list":{"0":"post-79537","1":"product","2":"type-product","3":"status-publish","5":"brand-samsonite","6":"product_cat-koffer","7":"product_tag-handbagage-koffers","8":"pa_condition-new","9":"pa_coolblue-de-verzending-morgen-gratis-geliefert","10":"pa_ean-19933","12":"first","13":"instock","14":"product-type-external"},"acf":[],"_links":{"self":[{"href":"https:\/\/onlinehardwareshop.de\/index.php\/wp-json\/wp\/v2\/product\/79537","targetHints":{"allow":["GET"]}}],"collection":[{"href":"https:\/\/onlinehardwareshop.de\/index.php\/wp-json\/wp\/v2\/product"}],"about":[{"href":"https:\/\/onlinehardwareshop.de\/index.php\/wp-json\/wp\/v2\/types\/product"}],"replies":[{"embeddable":true,"href":"https:\/\/onlinehardwareshop.de\/index.php\/wp-json\/wp\/v2\/comments?post=79537"}],"wp:attachment":[{"href":"https:\/\/onlinehardwareshop.de\/index.php\/wp-json\/wp\/v2\/media?parent=79537"}],"wp:term":[{"taxonomy":"brand","embeddable":true,"href":"https:\/\/onlinehardwareshop.de\/index.php\/wp-json\/wp\/v2\/brand?post=79537"},{"taxonomy":"product_brand","embeddable":true,"href":"https:\/\/onlinehardwareshop.de\/index.php\/wp-json\/wp\/v2\/product_brand?post=79537"},{"taxonomy":"product_cat","embeddable":true,"href":"https:\/\/onlinehardwareshop.de\/index.php\/wp-json\/wp\/v2\/product_cat?post=79537"},{"taxonomy":"product_tag","embeddable":true,"href":"https:\/\/onlinehardwareshop.de\/index.php\/wp-json\/wp\/v2\/product_tag?post=79537"}],"curies":[{"name":"wp","href":"https:\/\/api.w.org\/{rel}","templated":true}]}}