{"id":79530,"date":"2025-03-19T16:46:00","date_gmt":"2025-03-19T16:46:00","guid":{"rendered":"https:\/\/onlinehardwareshop.de\/index.php\/produkt\/just-in-case-apple-ipad-air-11-zoll-2025-2024-kids-cover-rosa-2\/"},"modified":"2025-05-14T11:56:07","modified_gmt":"2025-05-14T11:56:07","slug":"just-in-case-apple-ipad-air-11-zoll-2025-2024-kids-cover-rosa","status":"publish","type":"product","link":"https:\/\/onlinehardwareshop.de\/index.php\/produkt\/just-in-case-apple-ipad-air-11-zoll-2025-2024-kids-cover-rosa\/","title":{"rendered":"Just in Case Apple iPad Air 11 Zoll (2025\/2024) Kids Cover Rosa"},"content":{"rendered":"<p>Stecke dein Tablet in die Just in Case Apple iPad Air 11 Zoll (2025\/2024) Kids Cover Rosa und \u00fcberlasse deinen Kindern unbesorgt dein Tablet. Die robuste Kunststoffh\u00fclle sch\u00fctzt dein Tablet vor Besch\u00e4digungen und Schmutz. Der besonders dicke Rand bedeckt das Ger\u00e4t an allen Seiten und f\u00e4ngt die Wucht auf, wenn deine Kinder das Tablet fallenlassen oder damit gegen etwas sto\u00dfen. An der Seite befindet sich ein praktischer Griff, sodass du das Apple iPad Air 11 Zoll (2025\/2024) einfach \u00fcberall mitnimmst. Neige den Griff, um das Tablet gerade hinzustellen. Dadurch schauen sich deine Kinder einen Film an, ohne dass sie das Tablet dabei festhalten m\u00fcssen. Die H\u00fclle ist ziemlich fest, weshalb das Tablet nicht so leicht herausf\u00e4llt. Dadurch ist es mitunter etwas knifflig, das Apple iPad Air 11 Zoll (2025\/2024) in die H\u00fclle hineinzubekommen oder wieder herauszuholen. Das Kids Case hat beispielsweise Aussparungen f\u00fcr den Ladeanschluss, sodass du das Tablet nicht aus der H\u00fclle nehmen musst, um dein Ger\u00e4t zu laden.  Hinweis: Bei der Lieferung befindet sich ein schwarzer Kunststoffrahmen in der H\u00fclle. Diesen musst du entfernen, bevor du das Tablet in die H\u00fclle steckst.<\/p>\n","protected":false},"excerpt":{"rendered":"<p>Stecke dein Tablet in die Just in Case Apple iPad Air 11 Zoll (2025\/2024) Kids Cover Rosa und \u00fcberlasse deinen Kindern unbesorgt dein Tablet. Die robuste Kunststoffh\u00fclle sch\u00fctzt dein Tablet vor Besch\u00e4digungen und Schmutz. Der besonders dicke Rand bedeckt das Ger\u00e4t an allen Seiten und f\u00e4ngt die Wucht auf, wenn deine Kinder das Tablet fallenlassen oder damit gegen etwas sto\u00dfen. An der Seite befindet sich ein praktischer Griff, sodass du das Apple iPad Air 11 Zoll (2025\/2024) einfach \u00fcberall mitnimmst. Neige den Griff, um das Tablet gerade hinzustellen. Dadurch schauen sich deine Kinder einen Film an, ohne dass sie das Tablet dabei festhalten m\u00fcssen. Die H\u00fclle ist ziemlich fest, weshalb das Tablet nicht so leicht herausf\u00e4llt. Dadurch ist es mitunter etwas knifflig, das Apple iPad Air 11 Zoll (2025\/2024) in die H\u00fclle hineinzubekommen oder wieder herauszuholen. Das Kids Case hat beispielsweise Aussparungen f\u00fcr den Ladeanschluss, sodass du das Tablet nicht aus der H\u00fclle nehmen musst, um dein Ger\u00e4t zu laden.  Hinweis: Bei der Lieferung befindet sich ein schwarzer Kunststoffrahmen in der H\u00fclle. Diesen musst du entfernen, bevor du das Tablet in die H\u00fclle steckst.<\/p>\n","protected":false},"featured_media":0,"comment_status":"closed","ping_status":"open","template":"","meta":{"_acf_changed":false},"brand":[4982],"product_brand":[],"product_cat":[4983],"product_tag":[4984],"class_list":{"0":"post-79530","1":"product","2":"type-product","3":"status-publish","5":"brand-just-in-case","6":"product_cat-tablethllen","7":"product_tag-tablet-hoezen-zonder-toetsenbord","8":"pa_condition-new","9":"pa_coolblue-de-verzending-morgen-gratis-geliefert","10":"pa_ean-33757","11":"pa_mpn-33758","13":"first","14":"instock","15":"product-type-external"},"acf":[],"_links":{"self":[{"href":"https:\/\/onlinehardwareshop.de\/index.php\/wp-json\/wp\/v2\/product\/79530","targetHints":{"allow":["GET"]}}],"collection":[{"href":"https:\/\/onlinehardwareshop.de\/index.php\/wp-json\/wp\/v2\/product"}],"about":[{"href":"https:\/\/onlinehardwareshop.de\/index.php\/wp-json\/wp\/v2\/types\/product"}],"replies":[{"embeddable":true,"href":"https:\/\/onlinehardwareshop.de\/index.php\/wp-json\/wp\/v2\/comments?post=79530"}],"wp:attachment":[{"href":"https:\/\/onlinehardwareshop.de\/index.php\/wp-json\/wp\/v2\/media?parent=79530"}],"wp:term":[{"taxonomy":"brand","embeddable":true,"href":"https:\/\/onlinehardwareshop.de\/index.php\/wp-json\/wp\/v2\/brand?post=79530"},{"taxonomy":"product_brand","embeddable":true,"href":"https:\/\/onlinehardwareshop.de\/index.php\/wp-json\/wp\/v2\/product_brand?post=79530"},{"taxonomy":"product_cat","embeddable":true,"href":"https:\/\/onlinehardwareshop.de\/index.php\/wp-json\/wp\/v2\/product_cat?post=79530"},{"taxonomy":"product_tag","embeddable":true,"href":"https:\/\/onlinehardwareshop.de\/index.php\/wp-json\/wp\/v2\/product_tag?post=79530"}],"curies":[{"name":"wp","href":"https:\/\/api.w.org\/{rel}","templated":true}]}}