{"id":79526,"date":"2024-10-03T15:48:09","date_gmt":"2024-10-03T15:48:09","guid":{"rendered":"https:\/\/onlinehardwareshop.de\/index.php\/produkt\/samsonite-scure-spinner-55-69-69cm-black-kofferset-2\/"},"modified":"2025-05-14T11:55:41","modified_gmt":"2025-05-14T11:55:41","slug":"samsonite-scure-spinner-55-69-69cm-black-kofferset","status":"publish","type":"product","link":"https:\/\/onlinehardwareshop.de\/index.php\/produkt\/samsonite-scure-spinner-55-69-69cm-black-kofferset\/","title":{"rendered":"Samsonite S&#8217;Cure Spinner 55 + 69 + 69&#xA0;cm Black Kofferset"},"content":{"rendered":"<p>Mit dem Samsonite S&#8217;Cure Spinner 55 + 69 + 69\u00a0cm Kofferset legst du dir ein stabiles Reisekofferset zu. Dieses Set besteht aus zwei mittelgro\u00dfen Koffern mit je 79 Litern Volumen und einem Handgep\u00e4ckkoffer mit 34 Litern Volumen. So hast du genug Platz f\u00fcr Gep\u00e4ck f\u00fcr einen einen ein- bis zweiw\u00f6chigen Urlaub. Dank der inneren Trennwand und des Spanngurts bleiben deine Sachen sicher an ihrem Platz. Da sich die Rollen um 360 Grad drehen, folgen die Koffer jeder Bewegung leichtg\u00e4ngig. Das ist zum Beispiel dann angenehm, wenn du beide Koffer mit einer Hand schiebst. Die Koffer bestehen aus Polypropylen, was sie besser vor Kratzern und St\u00f6\u00dfen sch\u00fctzt. Durch das praktische TSA-Zahlenschloss besch\u00e4digt der Zoll deinen Koffer bei einer m\u00f6glichen Kontrolle nicht.<\/p>\n","protected":false},"excerpt":{"rendered":"<p>Mit dem Samsonite S&#8217;Cure Spinner 55 + 69 + 69\u00a0cm Kofferset legst du dir ein stabiles Reisekofferset zu. Dieses Set besteht aus zwei mittelgro\u00dfen Koffern mit je 79 Litern Volumen und einem Handgep\u00e4ckkoffer mit 34 Litern Volumen. So hast du genug Platz f\u00fcr Gep\u00e4ck f\u00fcr einen einen ein- bis zweiw\u00f6chigen Urlaub. Dank der inneren Trennwand und des Spanngurts bleiben deine Sachen sicher an ihrem Platz. Da sich die Rollen um 360 Grad drehen, folgen die Koffer jeder Bewegung leichtg\u00e4ngig. Das ist zum Beispiel dann angenehm, wenn du beide Koffer mit einer Hand schiebst. Die Koffer bestehen aus Polypropylen, was sie besser vor Kratzern und St\u00f6\u00dfen sch\u00fctzt. Durch das praktische TSA-Zahlenschloss besch\u00e4digt der Zoll deinen Koffer bei einer m\u00f6glichen Kontrolle nicht.<\/p>\n","protected":false},"featured_media":0,"comment_status":"closed","ping_status":"open","template":"","meta":{"_acf_changed":false},"brand":[1260],"product_brand":[],"product_cat":[1261],"product_tag":[1271],"class_list":{"0":"post-79526","1":"product","2":"type-product","3":"status-publish","5":"brand-samsonite","6":"product_cat-koffer","7":"product_tag-handbagage-koffers","8":"pa_condition-new","9":"pa_coolblue-de-verzending-morgen-gratis-geliefert","10":"pa_ean-19908","12":"first","13":"instock","14":"product-type-external"},"acf":[],"_links":{"self":[{"href":"https:\/\/onlinehardwareshop.de\/index.php\/wp-json\/wp\/v2\/product\/79526","targetHints":{"allow":["GET"]}}],"collection":[{"href":"https:\/\/onlinehardwareshop.de\/index.php\/wp-json\/wp\/v2\/product"}],"about":[{"href":"https:\/\/onlinehardwareshop.de\/index.php\/wp-json\/wp\/v2\/types\/product"}],"replies":[{"embeddable":true,"href":"https:\/\/onlinehardwareshop.de\/index.php\/wp-json\/wp\/v2\/comments?post=79526"}],"wp:attachment":[{"href":"https:\/\/onlinehardwareshop.de\/index.php\/wp-json\/wp\/v2\/media?parent=79526"}],"wp:term":[{"taxonomy":"brand","embeddable":true,"href":"https:\/\/onlinehardwareshop.de\/index.php\/wp-json\/wp\/v2\/brand?post=79526"},{"taxonomy":"product_brand","embeddable":true,"href":"https:\/\/onlinehardwareshop.de\/index.php\/wp-json\/wp\/v2\/product_brand?post=79526"},{"taxonomy":"product_cat","embeddable":true,"href":"https:\/\/onlinehardwareshop.de\/index.php\/wp-json\/wp\/v2\/product_cat?post=79526"},{"taxonomy":"product_tag","embeddable":true,"href":"https:\/\/onlinehardwareshop.de\/index.php\/wp-json\/wp\/v2\/product_tag?post=79526"}],"curies":[{"name":"wp","href":"https:\/\/api.w.org\/{rel}","templated":true}]}}