{"id":79523,"date":"2025-01-20T02:36:23","date_gmt":"2025-01-20T02:36:23","guid":{"rendered":"https:\/\/onlinehardwareshop.de\/index.php\/produkt\/samsonite-scure-spinner-55cm-black-triple-kofferset-2\/"},"modified":"2025-05-14T11:55:26","modified_gmt":"2025-05-14T11:55:26","slug":"samsonite-scure-spinner-55cm-black-triple-kofferset","status":"publish","type":"product","link":"https:\/\/onlinehardwareshop.de\/index.php\/produkt\/samsonite-scure-spinner-55cm-black-triple-kofferset\/","title":{"rendered":"Samsonite S&#8217;Cure Spinner 55&#xA0;cm Black Triple Kofferset"},"content":{"rendered":"<p>Mit dem Samsonite S&#8217;Cure Spinner 55\u00a0cm Black Triple Kofferset holst du dir ein robustes Handgep\u00e4ckset ins Haus. Das Set besteht aus drei Handgep\u00e4ckkoffern mit einem Volumen von je 34 Litern. Somit hast du ausreichen Packvolumen f\u00fcr einen Wochenendtrip. Dank der um 360 Grad rotierenden Rollen folgen die Koffer deinen Bewegungen in jede Richtung. Dar\u00fcber hinaus bestehen die Koffer aus Polypropylen. Dadurch sind sie besser vor Kratzern und der Inhalt vor Ersch\u00fctterungen gesch\u00fctzt. Die Koffer haben au\u00dferdem ein praktisches TSA-Zahlenschloss. Neben der sicheren Verwahrung deines Inhalts muss der Zoll bei einer eventuellen Kontrolle in den USA das Schloss nicht aufbrechen. Des Weiteren verhindert die spezielle Dichtung, dass Wasser in den Koffer eindringt.<\/p>\n","protected":false},"excerpt":{"rendered":"<p>Mit dem Samsonite S&#8217;Cure Spinner 55\u00a0cm Black Triple Kofferset holst du dir ein robustes Handgep\u00e4ckset ins Haus. Das Set besteht aus drei Handgep\u00e4ckkoffern mit einem Volumen von je 34 Litern. Somit hast du ausreichen Packvolumen f\u00fcr einen Wochenendtrip. Dank der um 360 Grad rotierenden Rollen folgen die Koffer deinen Bewegungen in jede Richtung. Dar\u00fcber hinaus bestehen die Koffer aus Polypropylen. Dadurch sind sie besser vor Kratzern und der Inhalt vor Ersch\u00fctterungen gesch\u00fctzt. Die Koffer haben au\u00dferdem ein praktisches TSA-Zahlenschloss. Neben der sicheren Verwahrung deines Inhalts muss der Zoll bei einer eventuellen Kontrolle in den USA das Schloss nicht aufbrechen. Des Weiteren verhindert die spezielle Dichtung, dass Wasser in den Koffer eindringt.<\/p>\n","protected":false},"featured_media":0,"comment_status":"closed","ping_status":"open","template":"","meta":{"_acf_changed":false},"brand":[1260],"product_brand":[],"product_cat":[1261],"product_tag":[1271],"class_list":{"0":"post-79523","1":"product","2":"type-product","3":"status-publish","5":"brand-samsonite","6":"product_cat-koffer","7":"product_tag-handbagage-koffers","8":"pa_condition-new","9":"pa_coolblue-de-verzending-morgen-gratis-geliefert","10":"pa_ean-19905","12":"first","13":"instock","14":"product-type-external"},"acf":[],"_links":{"self":[{"href":"https:\/\/onlinehardwareshop.de\/index.php\/wp-json\/wp\/v2\/product\/79523","targetHints":{"allow":["GET"]}}],"collection":[{"href":"https:\/\/onlinehardwareshop.de\/index.php\/wp-json\/wp\/v2\/product"}],"about":[{"href":"https:\/\/onlinehardwareshop.de\/index.php\/wp-json\/wp\/v2\/types\/product"}],"replies":[{"embeddable":true,"href":"https:\/\/onlinehardwareshop.de\/index.php\/wp-json\/wp\/v2\/comments?post=79523"}],"wp:attachment":[{"href":"https:\/\/onlinehardwareshop.de\/index.php\/wp-json\/wp\/v2\/media?parent=79523"}],"wp:term":[{"taxonomy":"brand","embeddable":true,"href":"https:\/\/onlinehardwareshop.de\/index.php\/wp-json\/wp\/v2\/brand?post=79523"},{"taxonomy":"product_brand","embeddable":true,"href":"https:\/\/onlinehardwareshop.de\/index.php\/wp-json\/wp\/v2\/product_brand?post=79523"},{"taxonomy":"product_cat","embeddable":true,"href":"https:\/\/onlinehardwareshop.de\/index.php\/wp-json\/wp\/v2\/product_cat?post=79523"},{"taxonomy":"product_tag","embeddable":true,"href":"https:\/\/onlinehardwareshop.de\/index.php\/wp-json\/wp\/v2\/product_tag?post=79523"}],"curies":[{"name":"wp","href":"https:\/\/api.w.org\/{rel}","templated":true}]}}