{"id":79520,"date":"2025-04-06T02:37:15","date_gmt":"2025-04-06T02:37:15","guid":{"rendered":"https:\/\/onlinehardwareshop.de\/index.php\/produkt\/makita-djv184z-ohne-akku-2\/"},"modified":"2025-05-14T11:55:12","modified_gmt":"2025-05-14T11:55:12","slug":"makita-djv184z-ohne-akku","status":"publish","type":"product","link":"https:\/\/onlinehardwareshop.de\/index.php\/produkt\/makita-djv184z-ohne-akku\/","title":{"rendered":"Makita DJV184Z (ohne Akku)"},"content":{"rendered":"<p>S\u00e4ge mit der akkubetriebenen Makita DJV184Z (ohne Akku) vollkommen kabellos Kurven und krumme Linien in Holz und Metall. Mit dieser Stichs\u00e4ge sind Schnitte von bis zu 135\u00a0mm Tiefe in Holz und bis zu 20\u00a0mm Tiefe in Metall m\u00f6glich. Damit s\u00e4gst du also auch dicke Bretter und Platten pr\u00e4zise auf Ma\u00df. Mit den drei Pendelhubeinstellungen l\u00e4sst sich dein Werkst\u00fcck wie Butter schneiden. Die Geschwindigkeit der S\u00e4ge passt du dabei immer an das Material an, mit dem du arbeitest. Die gew\u00e4hlte Drehzahl bleibt dann immer konstant, sodass auch die Leistung w\u00e4hrend des S\u00e4gens immer gleich bleibt. Die DJV184Z geh\u00f6rt zum Makita LXT 18V Akkusystem. Besitzt du bereits einen Akku aus diesem System? Dann l\u00e4sst er sich auch in dieser Stichs\u00e4ge verwenden.<\/p>\n","protected":false},"excerpt":{"rendered":"<p>S\u00e4ge mit der akkubetriebenen Makita DJV184Z (ohne Akku) vollkommen kabellos Kurven und krumme Linien in Holz und Metall. Mit dieser Stichs\u00e4ge sind Schnitte von bis zu 135\u00a0mm Tiefe in Holz und bis zu 20\u00a0mm Tiefe in Metall m\u00f6glich. Damit s\u00e4gst du also auch dicke Bretter und Platten pr\u00e4zise auf Ma\u00df. Mit den drei Pendelhubeinstellungen l\u00e4sst sich dein Werkst\u00fcck wie Butter schneiden. Die Geschwindigkeit der S\u00e4ge passt du dabei immer an das Material an, mit dem du arbeitest. Die gew\u00e4hlte Drehzahl bleibt dann immer konstant, sodass auch die Leistung w\u00e4hrend des S\u00e4gens immer gleich bleibt. Die DJV184Z geh\u00f6rt zum Makita LXT 18V Akkusystem. Besitzt du bereits einen Akku aus diesem System? Dann l\u00e4sst er sich auch in dieser Stichs\u00e4ge verwenden.<\/p>\n","protected":false},"featured_media":0,"comment_status":"closed","ping_status":"open","template":"","meta":{"_acf_changed":false},"brand":[42],"product_brand":[],"product_cat":[43],"product_tag":[2773],"class_list":{"0":"post-79520","1":"product","2":"type-product","3":"status-publish","5":"brand-makita","6":"product_cat-stichsgen","7":"product_tag-accu-decoupeerzagen","8":"pa_condition-new","9":"pa_coolblue-de-verzending-morgen-gratis-geliefert","10":"pa_ean-19899","11":"pa_mpn-djv184z","13":"first","14":"instock","15":"product-type-external"},"acf":[],"_links":{"self":[{"href":"https:\/\/onlinehardwareshop.de\/index.php\/wp-json\/wp\/v2\/product\/79520","targetHints":{"allow":["GET"]}}],"collection":[{"href":"https:\/\/onlinehardwareshop.de\/index.php\/wp-json\/wp\/v2\/product"}],"about":[{"href":"https:\/\/onlinehardwareshop.de\/index.php\/wp-json\/wp\/v2\/types\/product"}],"replies":[{"embeddable":true,"href":"https:\/\/onlinehardwareshop.de\/index.php\/wp-json\/wp\/v2\/comments?post=79520"}],"wp:attachment":[{"href":"https:\/\/onlinehardwareshop.de\/index.php\/wp-json\/wp\/v2\/media?parent=79520"}],"wp:term":[{"taxonomy":"brand","embeddable":true,"href":"https:\/\/onlinehardwareshop.de\/index.php\/wp-json\/wp\/v2\/brand?post=79520"},{"taxonomy":"product_brand","embeddable":true,"href":"https:\/\/onlinehardwareshop.de\/index.php\/wp-json\/wp\/v2\/product_brand?post=79520"},{"taxonomy":"product_cat","embeddable":true,"href":"https:\/\/onlinehardwareshop.de\/index.php\/wp-json\/wp\/v2\/product_cat?post=79520"},{"taxonomy":"product_tag","embeddable":true,"href":"https:\/\/onlinehardwareshop.de\/index.php\/wp-json\/wp\/v2\/product_tag?post=79520"}],"curies":[{"name":"wp","href":"https:\/\/api.w.org\/{rel}","templated":true}]}}