{"id":79519,"date":"2024-10-23T20:48:57","date_gmt":"2024-10-23T20:48:57","guid":{"rendered":"https:\/\/onlinehardwareshop.de\/index.php\/produkt\/nikon-nikkor-z-26mm-f-2-8-2\/"},"modified":"2025-05-14T11:55:07","modified_gmt":"2025-05-14T11:55:07","slug":"nikon-nikkor-z-26mm-f-2-8","status":"publish","type":"product","link":"https:\/\/onlinehardwareshop.de\/index.php\/produkt\/nikon-nikkor-z-26mm-f-2-8\/","title":{"rendered":"Nikon Nikkor Z 26mm f\/2.8"},"content":{"rendered":"<p>Mache mit dem Nikon Nikkor Z 26mm f\/2.8 eindrucksvolle Weitwinkelfotos. Dieses Objektiv eignet sich f\u00fcr Nikon Vollformat-Systemkameras mit Z-Bajonett. Dank des Weitwinkels f\u00e4ngst du gekonnt weitl\u00e4ufige Landschaften wie etwa einen breiten Strand ein. Mit 26\u00a0mm Brennweite ist es au\u00dferdem f\u00fcr Innenraumfotografie geeignet. Du machst zum Beispiel beeindruckende Innenansichten f\u00fcr Immobilienanzeigen. Dank der gro\u00dfen maximalen Blende von f\/2.8 gelingen dir auch bei schwieriger Beleuchtung helle Fotos. Dar\u00fcber hinaus ist m\u00fchelos eine weiche Hintergrundunsch\u00e4rfe, Bokeh genannt, m\u00f6glich. Diese verleiht Portr\u00e4ts und Produktfotos einen besonderen Effekt. Das Objektiv hat eine L\u00e4nge von 2,35\u00a0cm, wodurch es sehr kompakt ist. Somit nimmt es wenig Platz in deiner Kameratasche ein. Dank des niedrigen Gewichts von 125\u00a0g tr\u00e4gst du es problemlos einen ganzen Tag mit dir herum.<\/p>\n","protected":false},"excerpt":{"rendered":"<p>Mache mit dem Nikon Nikkor Z 26mm f\/2.8 eindrucksvolle Weitwinkelfotos. Dieses Objektiv eignet sich f\u00fcr Nikon Vollformat-Systemkameras mit Z-Bajonett. Dank des Weitwinkels f\u00e4ngst du gekonnt weitl\u00e4ufige Landschaften wie etwa einen breiten Strand ein. Mit 26\u00a0mm Brennweite ist es au\u00dferdem f\u00fcr Innenraumfotografie geeignet. Du machst zum Beispiel beeindruckende Innenansichten f\u00fcr Immobilienanzeigen. Dank der gro\u00dfen maximalen Blende von f\/2.8 gelingen dir auch bei schwieriger Beleuchtung helle Fotos. Dar\u00fcber hinaus ist m\u00fchelos eine weiche Hintergrundunsch\u00e4rfe, Bokeh genannt, m\u00f6glich. Diese verleiht Portr\u00e4ts und Produktfotos einen besonderen Effekt. Das Objektiv hat eine L\u00e4nge von 2,35\u00a0cm, wodurch es sehr kompakt ist. Somit nimmt es wenig Platz in deiner Kameratasche ein. Dank des niedrigen Gewichts von 125\u00a0g tr\u00e4gst du es problemlos einen ganzen Tag mit dir herum.<\/p>\n","protected":false},"featured_media":0,"comment_status":"closed","ping_status":"open","template":"","meta":{"_acf_changed":false},"brand":[133],"product_brand":[],"product_cat":[187],"product_tag":[188],"class_list":{"0":"post-79519","1":"product","2":"type-product","3":"status-publish","5":"brand-nikon","6":"product_cat-kameraobjektive","7":"product_tag-lenzen-voor-slr-cameras","8":"pa_condition-new","9":"pa_coolblue-de-verzending-morgen-gratis-geliefert","10":"pa_ean-19897","11":"pa_mpn-jma108da","13":"first","14":"instock","15":"product-type-external"},"acf":[],"_links":{"self":[{"href":"https:\/\/onlinehardwareshop.de\/index.php\/wp-json\/wp\/v2\/product\/79519","targetHints":{"allow":["GET"]}}],"collection":[{"href":"https:\/\/onlinehardwareshop.de\/index.php\/wp-json\/wp\/v2\/product"}],"about":[{"href":"https:\/\/onlinehardwareshop.de\/index.php\/wp-json\/wp\/v2\/types\/product"}],"replies":[{"embeddable":true,"href":"https:\/\/onlinehardwareshop.de\/index.php\/wp-json\/wp\/v2\/comments?post=79519"}],"wp:attachment":[{"href":"https:\/\/onlinehardwareshop.de\/index.php\/wp-json\/wp\/v2\/media?parent=79519"}],"wp:term":[{"taxonomy":"brand","embeddable":true,"href":"https:\/\/onlinehardwareshop.de\/index.php\/wp-json\/wp\/v2\/brand?post=79519"},{"taxonomy":"product_brand","embeddable":true,"href":"https:\/\/onlinehardwareshop.de\/index.php\/wp-json\/wp\/v2\/product_brand?post=79519"},{"taxonomy":"product_cat","embeddable":true,"href":"https:\/\/onlinehardwareshop.de\/index.php\/wp-json\/wp\/v2\/product_cat?post=79519"},{"taxonomy":"product_tag","embeddable":true,"href":"https:\/\/onlinehardwareshop.de\/index.php\/wp-json\/wp\/v2\/product_tag?post=79519"}],"curies":[{"name":"wp","href":"https:\/\/api.w.org\/{rel}","templated":true}]}}