{"id":79500,"date":"2024-03-12T06:37:37","date_gmt":"2024-03-12T06:37:37","guid":{"rendered":"https:\/\/onlinehardwareshop.de\/index.php\/produkt\/bosch-universal-cut-18v-65-ohne-akku-2\/"},"modified":"2025-05-14T11:53:32","modified_gmt":"2025-05-14T11:53:32","slug":"bosch-universal-cut-18v-65-ohne-akku","status":"publish","type":"product","link":"https:\/\/onlinehardwareshop.de\/index.php\/produkt\/bosch-universal-cut-18v-65-ohne-akku\/","title":{"rendered":"Bosch Universal Cut 18V-65 (ohne Akku)"},"content":{"rendered":"<p>Die Bosch Universal Cut 18V-65 ist eine kleine und handliche Stichs\u00e4ge, die sich ideal f\u00fcr Freihandschnitte von bis zu 65\u00a0mm Tiefe in Holz oder Kunststoff eignet. Mit dieser S\u00e4ge setzt du auch einfach in der Mitte deines Werkst\u00fccks an, um zum Beispiel eine Aussparung f\u00fcr Fernseher-Kabel an der R\u00fcckwand deiner M\u00f6bel zu s\u00e4gen. Mit dem SDS-System gestaltet sich der S\u00e4geblattwechsel schnell und einfach. Passe au\u00dferdem die Geschwindigkeit der S\u00e4ge an die Art von Holz an, das du bearbeiten m\u00f6chtest. Die Universal Cut 18V-65 (ohne Akku) geh\u00f6rt zum Bosch Power For All 18V Akkusystem. Besitzt du bereits einen Akku aus diesem System? Dann l\u00e4sst er sich auch in dieser Stichs\u00e4ge verwenden.<\/p>\n","protected":false},"excerpt":{"rendered":"<p>Die Bosch Universal Cut 18V-65 ist eine kleine und handliche Stichs\u00e4ge, die sich ideal f\u00fcr Freihandschnitte von bis zu 65\u00a0mm Tiefe in Holz oder Kunststoff eignet. Mit dieser S\u00e4ge setzt du auch einfach in der Mitte deines Werkst\u00fccks an, um zum Beispiel eine Aussparung f\u00fcr Fernseher-Kabel an der R\u00fcckwand deiner M\u00f6bel zu s\u00e4gen. Mit dem SDS-System gestaltet sich der S\u00e4geblattwechsel schnell und einfach. Passe au\u00dferdem die Geschwindigkeit der S\u00e4ge an die Art von Holz an, das du bearbeiten m\u00f6chtest. Die Universal Cut 18V-65 (ohne Akku) geh\u00f6rt zum Bosch Power For All 18V Akkusystem. Besitzt du bereits einen Akku aus diesem System? Dann l\u00e4sst er sich auch in dieser Stichs\u00e4ge verwenden.<\/p>\n","protected":false},"featured_media":0,"comment_status":"closed","ping_status":"open","template":"","meta":{"_acf_changed":false},"brand":[250],"product_brand":[],"product_cat":[43],"product_tag":[2773],"class_list":{"0":"post-79500","1":"product","2":"type-product","3":"status-publish","5":"brand-bosch","6":"product_cat-stichsgen","7":"product_tag-accu-decoupeerzagen","8":"pa_condition-new","9":"pa_coolblue-de-verzending-morgen-gratis-geliefert","10":"pa_ean-19836","11":"pa_mpn-06033d5200","13":"first","14":"instock","15":"product-type-external"},"acf":[],"_links":{"self":[{"href":"https:\/\/onlinehardwareshop.de\/index.php\/wp-json\/wp\/v2\/product\/79500","targetHints":{"allow":["GET"]}}],"collection":[{"href":"https:\/\/onlinehardwareshop.de\/index.php\/wp-json\/wp\/v2\/product"}],"about":[{"href":"https:\/\/onlinehardwareshop.de\/index.php\/wp-json\/wp\/v2\/types\/product"}],"replies":[{"embeddable":true,"href":"https:\/\/onlinehardwareshop.de\/index.php\/wp-json\/wp\/v2\/comments?post=79500"}],"wp:attachment":[{"href":"https:\/\/onlinehardwareshop.de\/index.php\/wp-json\/wp\/v2\/media?parent=79500"}],"wp:term":[{"taxonomy":"brand","embeddable":true,"href":"https:\/\/onlinehardwareshop.de\/index.php\/wp-json\/wp\/v2\/brand?post=79500"},{"taxonomy":"product_brand","embeddable":true,"href":"https:\/\/onlinehardwareshop.de\/index.php\/wp-json\/wp\/v2\/product_brand?post=79500"},{"taxonomy":"product_cat","embeddable":true,"href":"https:\/\/onlinehardwareshop.de\/index.php\/wp-json\/wp\/v2\/product_cat?post=79500"},{"taxonomy":"product_tag","embeddable":true,"href":"https:\/\/onlinehardwareshop.de\/index.php\/wp-json\/wp\/v2\/product_tag?post=79500"}],"curies":[{"name":"wp","href":"https:\/\/api.w.org\/{rel}","templated":true}]}}