{"id":79483,"date":"2024-05-13T01:24:11","date_gmt":"2024-05-13T01:24:11","guid":{"rendered":"https:\/\/onlinehardwareshop.de\/index.php\/produkt\/hp-color-laserjet-3202dw-2\/"},"modified":"2025-05-14T11:51:40","modified_gmt":"2025-05-14T11:51:40","slug":"hp-color-laserjet-3202dw","status":"publish","type":"product","link":"https:\/\/onlinehardwareshop.de\/index.php\/produkt\/hp-color-laserjet-3202dw\/","title":{"rendered":"HP Color LaserJet 3202dw"},"content":{"rendered":"<p>Mit dem HP Color LaserJet 3202dw stattest du dein Homeoffice oder ein kleines B\u00fcro mit einem schnellen Farblaserdrucker aus. Dank der Druckgeschwindigkeit von 25 Seiten pro Minute druckst du einen gro\u00dfen Arbeitsbericht oder ein Handout im Handumdrehen aus. Da der Color LaserJet 3202dw auch in Farbe druckt, fallen deine Grafiken und Tabellen besonders auf. M\u00f6chtest du Papier sparen? Dann drucke automatisch beidseitig. Druckauftr\u00e4ge sendest du bequem \u00fcber ein USB-Kabel oder kabellos \u00fcber Apple AirPrint oder Wi-Fi Direct an den Drucker. Mit Wi-Fi Direct verbindest du dich mit dem Drucker-eigenen WLAN, wodurch du auch an Orten ohne Drahtlosnetzwerk druckst.   Drucker mit dynamischer Sicherheit  Bestimmte HP Drucker sind daf\u00fcr ausgelegt, nur mit Patronen zu funktionieren, die neue oder wiederverwendete HP Chips oder elektronische HP Schaltkreise aufweisen. Diese Drucker nutzen dynamische Sicherheitsfunktionen, um Patronen zu blockieren, die mit einem Chip oder einer elektronischen Schaltung ausgestattet sind, die nicht von HP stammen. Die Wirksamkeit dieser Funktionen wird durch regelm\u00e4\u00dfige Firmware-Updates garantiert, sodass auch Patronen blockiert werden, die fr\u00fcher durchaus funktioniert haben. Wiederverwendete HP Chips und elektronische HP Schaltungen erm\u00f6glichen die Nutzung wiederverwendeter, recycelter und neu bef\u00fcllter Patronen.<\/p>\n","protected":false},"excerpt":{"rendered":"<p>Mit dem HP Color LaserJet 3202dw stattest du dein Homeoffice oder ein kleines B\u00fcro mit einem schnellen Farblaserdrucker aus. Dank der Druckgeschwindigkeit von 25 Seiten pro Minute druckst du einen gro\u00dfen Arbeitsbericht oder ein Handout im Handumdrehen aus. Da der Color LaserJet 3202dw auch in Farbe druckt, fallen deine Grafiken und Tabellen besonders auf. M\u00f6chtest du Papier sparen? Dann drucke automatisch beidseitig. Druckauftr\u00e4ge sendest du bequem \u00fcber ein USB-Kabel oder kabellos \u00fcber Apple AirPrint oder Wi-Fi Direct an den Drucker. Mit Wi-Fi Direct verbindest du dich mit dem Drucker-eigenen WLAN, wodurch du auch an Orten ohne Drahtlosnetzwerk druckst.   Drucker mit dynamischer Sicherheit  Bestimmte HP Drucker sind daf\u00fcr ausgelegt, nur mit Patronen zu funktionieren, die neue oder wiederverwendete HP Chips oder elektronische HP Schaltkreise aufweisen. Diese Drucker nutzen dynamische Sicherheitsfunktionen, um Patronen zu blockieren, die mit einem Chip oder einer elektronischen Schaltung ausgestattet sind, die nicht von HP stammen. Die Wirksamkeit dieser Funktionen wird durch regelm\u00e4\u00dfige Firmware-Updates garantiert, sodass auch Patronen blockiert werden, die fr\u00fcher durchaus funktioniert haben. Wiederverwendete HP Chips und elektronische HP Schaltungen erm\u00f6glichen die Nutzung wiederverwendeter, recycelter und neu bef\u00fcllter Patronen.<\/p>\n","protected":false},"featured_media":0,"comment_status":"closed","ping_status":"open","template":"","meta":{"_acf_changed":false},"brand":[90],"product_brand":[],"product_cat":[2205],"product_tag":[4823],"class_list":{"0":"post-79483","1":"product","2":"type-product","3":"status-publish","5":"brand-hp","6":"product_cat-drucker","7":"product_tag-laserprinters","8":"pa_condition-new","9":"pa_coolblue-de-verzending-morgen-gratis-geliefert","10":"pa_ean-19797","11":"pa_mpn-499r0f","13":"first","14":"instock","15":"product-type-external"},"acf":[],"_links":{"self":[{"href":"https:\/\/onlinehardwareshop.de\/index.php\/wp-json\/wp\/v2\/product\/79483","targetHints":{"allow":["GET"]}}],"collection":[{"href":"https:\/\/onlinehardwareshop.de\/index.php\/wp-json\/wp\/v2\/product"}],"about":[{"href":"https:\/\/onlinehardwareshop.de\/index.php\/wp-json\/wp\/v2\/types\/product"}],"replies":[{"embeddable":true,"href":"https:\/\/onlinehardwareshop.de\/index.php\/wp-json\/wp\/v2\/comments?post=79483"}],"wp:attachment":[{"href":"https:\/\/onlinehardwareshop.de\/index.php\/wp-json\/wp\/v2\/media?parent=79483"}],"wp:term":[{"taxonomy":"brand","embeddable":true,"href":"https:\/\/onlinehardwareshop.de\/index.php\/wp-json\/wp\/v2\/brand?post=79483"},{"taxonomy":"product_brand","embeddable":true,"href":"https:\/\/onlinehardwareshop.de\/index.php\/wp-json\/wp\/v2\/product_brand?post=79483"},{"taxonomy":"product_cat","embeddable":true,"href":"https:\/\/onlinehardwareshop.de\/index.php\/wp-json\/wp\/v2\/product_cat?post=79483"},{"taxonomy":"product_tag","embeddable":true,"href":"https:\/\/onlinehardwareshop.de\/index.php\/wp-json\/wp\/v2\/product_tag?post=79483"}],"curies":[{"name":"wp","href":"https:\/\/api.w.org\/{rel}","templated":true}]}}