{"id":79472,"date":"2024-07-14T20:45:40","date_gmt":"2024-07-14T20:45:40","guid":{"rendered":"https:\/\/onlinehardwareshop.de\/index.php\/produkt\/demeyere-alu-industry-3-ceraforce-bratpfanne-28cm-2\/"},"modified":"2025-05-14T11:50:39","modified_gmt":"2025-05-14T11:50:39","slug":"demeyere-alu-industry-3-ceraforce-bratpfanne-28cm","status":"publish","type":"product","link":"https:\/\/onlinehardwareshop.de\/index.php\/produkt\/demeyere-alu-industry-3-ceraforce-bratpfanne-28cm\/","title":{"rendered":"Demeyere Alu Industry 3 Ceraforce Bratpfanne 28&#xA0;cm"},"content":{"rendered":"<p>In der Demeyere Alu Industry 3 Ceraforce Bratpfanne 28\u00a0cm br\u00e4tst du zwei gro\u00dfe Fleischst\u00fccke. Die Pfanne hat eine keramische Antihaftbeschichtung. Dadurch h\u00e4lt sie zum Beispiel l\u00e4nger als eine Bratpfanne mit Standard-Antihaftbeschichtung. Dank des glatten Bodens brauchst du nur wenig \u00d6l oder Butter. Das ist sch\u00f6n, denn so br\u00e4tst du fettarm. Du verwendest die Pfanne auf allen W\u00e4rmequellen und sie darf bei bis zu 230 Grad Celsius auch in den Backofen. Dank des robusten Bodens bleibt die Pfanne beim Braten ordentlich auf der Kochplatte stehen. Sie verrutscht oder kippt also nicht. An dem starken Edelstahlgriff tr\u00e4gst du die Pfanne sicher zum Esstisch. Wenn du fertiggegessen hast, reinigst du die Pfanne in der Sp\u00fclmaschine.<\/p>\n","protected":false},"excerpt":{"rendered":"<p>In der Demeyere Alu Industry 3 Ceraforce Bratpfanne 28\u00a0cm br\u00e4tst du zwei gro\u00dfe Fleischst\u00fccke. Die Pfanne hat eine keramische Antihaftbeschichtung. Dadurch h\u00e4lt sie zum Beispiel l\u00e4nger als eine Bratpfanne mit Standard-Antihaftbeschichtung. Dank des glatten Bodens brauchst du nur wenig \u00d6l oder Butter. Das ist sch\u00f6n, denn so br\u00e4tst du fettarm. Du verwendest die Pfanne auf allen W\u00e4rmequellen und sie darf bei bis zu 230 Grad Celsius auch in den Backofen. Dank des robusten Bodens bleibt die Pfanne beim Braten ordentlich auf der Kochplatte stehen. Sie verrutscht oder kippt also nicht. An dem starken Edelstahlgriff tr\u00e4gst du die Pfanne sicher zum Esstisch. Wenn du fertiggegessen hast, reinigst du die Pfanne in der Sp\u00fclmaschine.<\/p>\n","protected":false},"featured_media":0,"comment_status":"closed","ping_status":"open","template":"","meta":{"_acf_changed":false},"brand":[1791],"product_brand":[],"product_cat":[372],"product_tag":[384],"class_list":{"0":"post-79472","1":"product","2":"type-product","3":"status-publish","5":"brand-demeyere","6":"product_cat-tpfe-und-pfannen","7":"product_tag-koekenpannen","8":"pa_condition-new","9":"pa_coolblue-de-verzending-morgen-gratis-geliefert","10":"pa_ean-28089","11":"pa_mpn-28090","13":"first","14":"instock","15":"product-type-external"},"acf":[],"_links":{"self":[{"href":"https:\/\/onlinehardwareshop.de\/index.php\/wp-json\/wp\/v2\/product\/79472","targetHints":{"allow":["GET"]}}],"collection":[{"href":"https:\/\/onlinehardwareshop.de\/index.php\/wp-json\/wp\/v2\/product"}],"about":[{"href":"https:\/\/onlinehardwareshop.de\/index.php\/wp-json\/wp\/v2\/types\/product"}],"replies":[{"embeddable":true,"href":"https:\/\/onlinehardwareshop.de\/index.php\/wp-json\/wp\/v2\/comments?post=79472"}],"wp:attachment":[{"href":"https:\/\/onlinehardwareshop.de\/index.php\/wp-json\/wp\/v2\/media?parent=79472"}],"wp:term":[{"taxonomy":"brand","embeddable":true,"href":"https:\/\/onlinehardwareshop.de\/index.php\/wp-json\/wp\/v2\/brand?post=79472"},{"taxonomy":"product_brand","embeddable":true,"href":"https:\/\/onlinehardwareshop.de\/index.php\/wp-json\/wp\/v2\/product_brand?post=79472"},{"taxonomy":"product_cat","embeddable":true,"href":"https:\/\/onlinehardwareshop.de\/index.php\/wp-json\/wp\/v2\/product_cat?post=79472"},{"taxonomy":"product_tag","embeddable":true,"href":"https:\/\/onlinehardwareshop.de\/index.php\/wp-json\/wp\/v2\/product_tag?post=79472"}],"curies":[{"name":"wp","href":"https:\/\/api.w.org\/{rel}","templated":true}]}}