{"id":79471,"date":"2024-11-20T16:34:04","date_gmt":"2024-11-20T16:34:04","guid":{"rendered":"https:\/\/onlinehardwareshop.de\/index.php\/produkt\/demeyere-alu-industry-3-ceraforce-bratpfanne-24cm-2\/"},"modified":"2025-05-14T11:50:35","modified_gmt":"2025-05-14T11:50:35","slug":"demeyere-alu-industry-3-ceraforce-bratpfanne-24cm","status":"publish","type":"product","link":"https:\/\/onlinehardwareshop.de\/index.php\/produkt\/demeyere-alu-industry-3-ceraforce-bratpfanne-24cm\/","title":{"rendered":"Demeyere Alu Industry 3 Ceraforce Bratpfanne 24&#xA0;cm"},"content":{"rendered":"<p>In der Demeyere Alu Industry 3 Ceraforce Bratpfanne 24\u00a0 cm  br\u00e4tst du fettarm zwei Portionen Bratkartoffeln. Die Bratpfanne hat n\u00e4mlich eine glatte keramische Antihaftbeschichtung, sodass du wenig \u00d6l oder Butter ben\u00f6tigst. Au\u00dferdem verschlei\u00dft die Pfanne dank der Keramikbeschichtung weniger schnell als eine Pfanne mit Standard-Antihaftbeschichtung. Das ist praktisch, denn so h\u00e4lt sie l\u00e4nger. Du verwendest die Pfanne auf allen W\u00e4rmequellen und sie darf bei bis zu 230 Grad Celsius auch in den Backofen. Dank des robusten Bodens rutscht die Pfanne beim Braten nicht von der Kochplatte. Mit dem starken Griff tr\u00e4gst du die Pfanne sicher zum Tisch. Bist du mit dem Braten fertig? Stelle die Pfanne zur Reinigung einfach in die Sp\u00fclmaschine.<\/p>\n","protected":false},"excerpt":{"rendered":"<p>In der Demeyere Alu Industry 3 Ceraforce Bratpfanne 24\u00a0 cm  br\u00e4tst du fettarm zwei Portionen Bratkartoffeln. Die Bratpfanne hat n\u00e4mlich eine glatte keramische Antihaftbeschichtung, sodass du wenig \u00d6l oder Butter ben\u00f6tigst. Au\u00dferdem verschlei\u00dft die Pfanne dank der Keramikbeschichtung weniger schnell als eine Pfanne mit Standard-Antihaftbeschichtung. Das ist praktisch, denn so h\u00e4lt sie l\u00e4nger. Du verwendest die Pfanne auf allen W\u00e4rmequellen und sie darf bei bis zu 230 Grad Celsius auch in den Backofen. Dank des robusten Bodens rutscht die Pfanne beim Braten nicht von der Kochplatte. Mit dem starken Griff tr\u00e4gst du die Pfanne sicher zum Tisch. Bist du mit dem Braten fertig? Stelle die Pfanne zur Reinigung einfach in die Sp\u00fclmaschine.<\/p>\n","protected":false},"featured_media":0,"comment_status":"closed","ping_status":"open","template":"","meta":{"_acf_changed":false},"brand":[1791],"product_brand":[],"product_cat":[372],"product_tag":[384],"class_list":{"0":"post-79471","1":"product","2":"type-product","3":"status-publish","5":"brand-demeyere","6":"product_cat-tpfe-und-pfannen","7":"product_tag-koekenpannen","8":"pa_condition-new","9":"pa_coolblue-de-verzending-morgen-gratis-geliefert","10":"pa_ean-19766","11":"pa_mpn-19767","13":"first","14":"instock","15":"product-type-external"},"acf":[],"_links":{"self":[{"href":"https:\/\/onlinehardwareshop.de\/index.php\/wp-json\/wp\/v2\/product\/79471","targetHints":{"allow":["GET"]}}],"collection":[{"href":"https:\/\/onlinehardwareshop.de\/index.php\/wp-json\/wp\/v2\/product"}],"about":[{"href":"https:\/\/onlinehardwareshop.de\/index.php\/wp-json\/wp\/v2\/types\/product"}],"replies":[{"embeddable":true,"href":"https:\/\/onlinehardwareshop.de\/index.php\/wp-json\/wp\/v2\/comments?post=79471"}],"wp:attachment":[{"href":"https:\/\/onlinehardwareshop.de\/index.php\/wp-json\/wp\/v2\/media?parent=79471"}],"wp:term":[{"taxonomy":"brand","embeddable":true,"href":"https:\/\/onlinehardwareshop.de\/index.php\/wp-json\/wp\/v2\/brand?post=79471"},{"taxonomy":"product_brand","embeddable":true,"href":"https:\/\/onlinehardwareshop.de\/index.php\/wp-json\/wp\/v2\/product_brand?post=79471"},{"taxonomy":"product_cat","embeddable":true,"href":"https:\/\/onlinehardwareshop.de\/index.php\/wp-json\/wp\/v2\/product_cat?post=79471"},{"taxonomy":"product_tag","embeddable":true,"href":"https:\/\/onlinehardwareshop.de\/index.php\/wp-json\/wp\/v2\/product_tag?post=79471"}],"curies":[{"name":"wp","href":"https:\/\/api.w.org\/{rel}","templated":true}]}}