{"id":79385,"date":"2025-01-26T11:11:58","date_gmt":"2025-01-26T11:11:58","guid":{"rendered":"https:\/\/onlinehardwareshop.de\/index.php\/produkt\/samsung-mc32dg7646kke1-2\/"},"modified":"2025-05-14T11:43:11","modified_gmt":"2025-05-14T11:43:11","slug":"samsung-mc32dg7646kke1","status":"publish","type":"product","link":"https:\/\/onlinehardwareshop.de\/index.php\/produkt\/samsung-mc32dg7646kke1\/","title":{"rendered":"Samsung MC32DG7646KKE1"},"content":{"rendered":"<p>Mit der Samsung MC32DG7646KKE1 freistehenden Mikrowelle erw\u00e4rmst du auch gr\u00f6\u00dfere Gerichte. Der Drehteller l\u00e4sst sich abschalten, sodass du auch m\u00fchelos gro\u00dfe rechteckige Auflaufformen in die Kombi-Mikrowelle gibst. Dank der verschiedenen Funktionen bereitest du jedes Gericht schnell zu. Mit der Dampffunktion bereitest du zum Beispiel Gem\u00fcse und Fisch auf gesunde Weise zu. Die Crispfunktion sorgt daf\u00fcr, dass dein Pizzaboden oder die Ofenpommes lecker knusprig werden. Und mit der Grillfunktion bereitest du gegrilltes Gem\u00fcse zu. Verbinde die Mikrowelle \u00fcber SmartThings einfach mit deinem Smartphone. So kannst du vom Sofa aus beobachten, wie lange deine Mahlzeit noch in der Kombi-Mikrowelle braucht. Die Innenw\u00e4nde aus Keramik sparen dir au\u00dferdem Zeit beim Saubermachen. Fett und Schmutz bleiben daran n\u00e4mlich weniger kleben.<\/p>\n","protected":false},"excerpt":{"rendered":"<p>Mit der Samsung MC32DG7646KKE1 freistehenden Mikrowelle erw\u00e4rmst du auch gr\u00f6\u00dfere Gerichte. Der Drehteller l\u00e4sst sich abschalten, sodass du auch m\u00fchelos gro\u00dfe rechteckige Auflaufformen in die Kombi-Mikrowelle gibst. Dank der verschiedenen Funktionen bereitest du jedes Gericht schnell zu. Mit der Dampffunktion bereitest du zum Beispiel Gem\u00fcse und Fisch auf gesunde Weise zu. Die Crispfunktion sorgt daf\u00fcr, dass dein Pizzaboden oder die Ofenpommes lecker knusprig werden. Und mit der Grillfunktion bereitest du gegrilltes Gem\u00fcse zu. Verbinde die Mikrowelle \u00fcber SmartThings einfach mit deinem Smartphone. So kannst du vom Sofa aus beobachten, wie lange deine Mahlzeit noch in der Kombi-Mikrowelle braucht. Die Innenw\u00e4nde aus Keramik sparen dir au\u00dferdem Zeit beim Saubermachen. Fett und Schmutz bleiben daran n\u00e4mlich weniger kleben.<\/p>\n","protected":false},"featured_media":0,"comment_status":"closed","ping_status":"open","template":"","meta":{"_acf_changed":false},"brand":[1165],"product_brand":[],"product_cat":[927],"product_tag":[928],"class_list":{"0":"post-79385","1":"product","2":"type-product","3":"status-publish","5":"brand-samsung","6":"product_cat-mikrowellen","7":"product_tag-vrijstaande-combimagnetrons","8":"pa_condition-new","9":"pa_coolblue-de-verzending-morgen-gratis-geliefert","10":"pa_ean-19584","11":"pa_mpn-mc32dg7646kke1","13":"first","14":"instock","15":"product-type-external"},"acf":[],"_links":{"self":[{"href":"https:\/\/onlinehardwareshop.de\/index.php\/wp-json\/wp\/v2\/product\/79385","targetHints":{"allow":["GET"]}}],"collection":[{"href":"https:\/\/onlinehardwareshop.de\/index.php\/wp-json\/wp\/v2\/product"}],"about":[{"href":"https:\/\/onlinehardwareshop.de\/index.php\/wp-json\/wp\/v2\/types\/product"}],"replies":[{"embeddable":true,"href":"https:\/\/onlinehardwareshop.de\/index.php\/wp-json\/wp\/v2\/comments?post=79385"}],"wp:attachment":[{"href":"https:\/\/onlinehardwareshop.de\/index.php\/wp-json\/wp\/v2\/media?parent=79385"}],"wp:term":[{"taxonomy":"brand","embeddable":true,"href":"https:\/\/onlinehardwareshop.de\/index.php\/wp-json\/wp\/v2\/brand?post=79385"},{"taxonomy":"product_brand","embeddable":true,"href":"https:\/\/onlinehardwareshop.de\/index.php\/wp-json\/wp\/v2\/product_brand?post=79385"},{"taxonomy":"product_cat","embeddable":true,"href":"https:\/\/onlinehardwareshop.de\/index.php\/wp-json\/wp\/v2\/product_cat?post=79385"},{"taxonomy":"product_tag","embeddable":true,"href":"https:\/\/onlinehardwareshop.de\/index.php\/wp-json\/wp\/v2\/product_tag?post=79385"}],"curies":[{"name":"wp","href":"https:\/\/api.w.org\/{rel}","templated":true}]}}