{"id":79329,"date":"2024-06-17T12:56:17","date_gmt":"2024-06-17T12:56:17","guid":{"rendered":"https:\/\/onlinehardwareshop.de\/index.php\/produkt\/tefal-deckel-zubehr-xa7318-2\/"},"modified":"2025-05-14T11:38:49","modified_gmt":"2025-05-14T11:38:49","slug":"tefal-deckel-zubehr-xa7318","status":"publish","type":"product","link":"https:\/\/onlinehardwareshop.de\/index.php\/produkt\/tefal-deckel-zubehr-xa7318\/","title":{"rendered":"Tefal Deckel Zubeh&#xF6;r XA7318"},"content":{"rendered":"<p>Mit dem Tefal Deckel Zubeh\u00f6r XA7318 schlie\u00dft du dein Backblech komplett ab. So garst du Zutaten langsam f\u00fcr ein knuspriges und zartes Resultat. Nach der Nutzung reinigst du den Deckel in der Sp\u00fclmaschine.  Dieses Zubeh\u00f6r eignet sich nur f\u00fcr den Tefal OptiGrill GC774D und OptiGrill GC772D.<\/p>\n","protected":false},"excerpt":{"rendered":"<p>Mit dem Tefal Deckel Zubeh\u00f6r XA7318 schlie\u00dft du dein Backblech komplett ab. So garst du Zutaten langsam f\u00fcr ein knuspriges und zartes Resultat. Nach der Nutzung reinigst du den Deckel in der Sp\u00fclmaschine.  Dieses Zubeh\u00f6r eignet sich nur f\u00fcr den Tefal OptiGrill GC774D und OptiGrill GC772D.<\/p>\n","protected":false},"featured_media":0,"comment_status":"closed","ping_status":"open","template":"","meta":{"_acf_changed":false},"brand":[506],"product_brand":[],"product_cat":[300],"product_tag":[301],"class_list":{"0":"post-79329","1":"product","2":"type-product","3":"status-publish","5":"brand-tefal","6":"product_cat-kontaktgrills","7":"product_tag-contactgrills","8":"pa_condition-new","9":"pa_coolblue-de-verzending-morgen-gratis-geliefert","10":"pa_ean-19464","11":"pa_mpn-xa7318","13":"first","14":"instock","15":"product-type-external"},"acf":[],"_links":{"self":[{"href":"https:\/\/onlinehardwareshop.de\/index.php\/wp-json\/wp\/v2\/product\/79329","targetHints":{"allow":["GET"]}}],"collection":[{"href":"https:\/\/onlinehardwareshop.de\/index.php\/wp-json\/wp\/v2\/product"}],"about":[{"href":"https:\/\/onlinehardwareshop.de\/index.php\/wp-json\/wp\/v2\/types\/product"}],"replies":[{"embeddable":true,"href":"https:\/\/onlinehardwareshop.de\/index.php\/wp-json\/wp\/v2\/comments?post=79329"}],"wp:attachment":[{"href":"https:\/\/onlinehardwareshop.de\/index.php\/wp-json\/wp\/v2\/media?parent=79329"}],"wp:term":[{"taxonomy":"brand","embeddable":true,"href":"https:\/\/onlinehardwareshop.de\/index.php\/wp-json\/wp\/v2\/brand?post=79329"},{"taxonomy":"product_brand","embeddable":true,"href":"https:\/\/onlinehardwareshop.de\/index.php\/wp-json\/wp\/v2\/product_brand?post=79329"},{"taxonomy":"product_cat","embeddable":true,"href":"https:\/\/onlinehardwareshop.de\/index.php\/wp-json\/wp\/v2\/product_cat?post=79329"},{"taxonomy":"product_tag","embeddable":true,"href":"https:\/\/onlinehardwareshop.de\/index.php\/wp-json\/wp\/v2\/product_tag?post=79329"}],"curies":[{"name":"wp","href":"https:\/\/api.w.org\/{rel}","templated":true}]}}