{"id":79328,"date":"2024-12-11T17:53:14","date_gmt":"2024-12-11T17:53:14","guid":{"rendered":"https:\/\/onlinehardwareshop.de\/index.php\/produkt\/tefal-snacking-r-xa7328-2\/"},"modified":"2025-05-14T11:38:44","modified_gmt":"2025-05-14T11:38:44","slug":"tefal-snacking-r-xa7328","status":"publish","type":"product","link":"https:\/\/onlinehardwareshop.de\/index.php\/produkt\/tefal-snacking-r-xa7328\/","title":{"rendered":"Tefal Snacking &#038; Baking Zubeh&#xF6;r XA7328"},"content":{"rendered":"<p>Mit dem Tefal Snacking &#038; Baking Zubeh\u00f6r XA7328 erweiterst du die Zubereitungsm\u00f6glichkeiten deines Tefal OptiGrills. In dieser Backform bereitest du beispielsweise ganz einfach eine Pizza, Lasagne oder Kuchen f\u00fcr sechs Personen zu. Du l\u00e4sst das Zubeh\u00f6r schnell in den OptiGrill einrasten. Danach verwendest du den manuellen Modus, in dem du die Temperatur einstellst. Dank der hitzebest\u00e4ndigen Griffe tr\u00e4gst du die Backform sicher von der K\u00fcche zum Esstisch. Nach der Nutzung reinigst du das Zubeh\u00f6r in der Sp\u00fclmaschine.  Dieses Zubeh\u00f6r eignet sich nur f\u00fcr den Tefal OptiGrill GC774D und OptiGrill GC772D.<\/p>\n","protected":false},"excerpt":{"rendered":"<p>Mit dem Tefal Snacking &#038; Baking Zubeh\u00f6r XA7328 erweiterst du die Zubereitungsm\u00f6glichkeiten deines Tefal OptiGrills. In dieser Backform bereitest du beispielsweise ganz einfach eine Pizza, Lasagne oder Kuchen f\u00fcr sechs Personen zu. Du l\u00e4sst das Zubeh\u00f6r schnell in den OptiGrill einrasten. Danach verwendest du den manuellen Modus, in dem du die Temperatur einstellst. Dank der hitzebest\u00e4ndigen Griffe tr\u00e4gst du die Backform sicher von der K\u00fcche zum Esstisch. Nach der Nutzung reinigst du das Zubeh\u00f6r in der Sp\u00fclmaschine.  Dieses Zubeh\u00f6r eignet sich nur f\u00fcr den Tefal OptiGrill GC774D und OptiGrill GC772D.<\/p>\n","protected":false},"featured_media":0,"comment_status":"closed","ping_status":"open","template":"","meta":{"_acf_changed":false},"brand":[506],"product_brand":[],"product_cat":[300],"product_tag":[301],"class_list":{"0":"post-79328","1":"product","2":"type-product","3":"status-publish","5":"brand-tefal","6":"product_cat-kontaktgrills","7":"product_tag-contactgrills","8":"pa_condition-new","9":"pa_coolblue-de-verzending-morgen-gratis-geliefert","10":"pa_ean-19462","11":"pa_mpn-xa7328","13":"first","14":"instock","15":"product-type-external"},"acf":[],"_links":{"self":[{"href":"https:\/\/onlinehardwareshop.de\/index.php\/wp-json\/wp\/v2\/product\/79328","targetHints":{"allow":["GET"]}}],"collection":[{"href":"https:\/\/onlinehardwareshop.de\/index.php\/wp-json\/wp\/v2\/product"}],"about":[{"href":"https:\/\/onlinehardwareshop.de\/index.php\/wp-json\/wp\/v2\/types\/product"}],"replies":[{"embeddable":true,"href":"https:\/\/onlinehardwareshop.de\/index.php\/wp-json\/wp\/v2\/comments?post=79328"}],"wp:attachment":[{"href":"https:\/\/onlinehardwareshop.de\/index.php\/wp-json\/wp\/v2\/media?parent=79328"}],"wp:term":[{"taxonomy":"brand","embeddable":true,"href":"https:\/\/onlinehardwareshop.de\/index.php\/wp-json\/wp\/v2\/brand?post=79328"},{"taxonomy":"product_brand","embeddable":true,"href":"https:\/\/onlinehardwareshop.de\/index.php\/wp-json\/wp\/v2\/product_brand?post=79328"},{"taxonomy":"product_cat","embeddable":true,"href":"https:\/\/onlinehardwareshop.de\/index.php\/wp-json\/wp\/v2\/product_cat?post=79328"},{"taxonomy":"product_tag","embeddable":true,"href":"https:\/\/onlinehardwareshop.de\/index.php\/wp-json\/wp\/v2\/product_tag?post=79328"}],"curies":[{"name":"wp","href":"https:\/\/api.w.org\/{rel}","templated":true}]}}