{"id":79317,"date":"2024-08-22T14:59:13","date_gmt":"2024-08-22T14:59:13","guid":{"rendered":"https:\/\/onlinehardwareshop.de\/index.php\/produkt\/tefal-optigrill-gc7178-schwarz-2\/"},"modified":"2025-05-14T11:37:51","modified_gmt":"2025-05-14T11:37:51","slug":"tefal-optigrill-gc7178-schwarz","status":"publish","type":"product","link":"https:\/\/onlinehardwareshop.de\/index.php\/produkt\/tefal-optigrill-gc7178-schwarz\/","title":{"rendered":"Tefal OptiGrill+ GC7178 Schwarz"},"content":{"rendered":"<p>Mit dem Tefal OptiGrill+ GC7178 Schwarz legst du dir einen smarten Kontaktgrill zu. Der Kontaktgrill passt die Zubereitungszeit automatisch an die Dicke deiner Zutaten an. Das ist praktisch, denn so wird dein Essen immer zart. Dank der sechs vorprogrammierten Backprogramme nutzt du immer die richtigen Einstellungen. Es gibt beispielsweise ein Programm f\u00fcr Hamburger, Gem\u00fcse oder Fisch. Die Temperatur stellst du auch manuell \u00fcber den Drehknopf an der Seite des Grills ein. Zudem hat der Grill mit 2.000 Watt eine hohe Leistung, dank der die Backfl\u00e4chen schnell aufgew\u00e4rmt sind. Nach der Nutzung reinigst du die Backbleche in der Sp\u00fclmaschine.<\/p>\n","protected":false},"excerpt":{"rendered":"<p>Mit dem Tefal OptiGrill+ GC7178 Schwarz legst du dir einen smarten Kontaktgrill zu. Der Kontaktgrill passt die Zubereitungszeit automatisch an die Dicke deiner Zutaten an. Das ist praktisch, denn so wird dein Essen immer zart. Dank der sechs vorprogrammierten Backprogramme nutzt du immer die richtigen Einstellungen. Es gibt beispielsweise ein Programm f\u00fcr Hamburger, Gem\u00fcse oder Fisch. Die Temperatur stellst du auch manuell \u00fcber den Drehknopf an der Seite des Grills ein. Zudem hat der Grill mit 2.000 Watt eine hohe Leistung, dank der die Backfl\u00e4chen schnell aufgew\u00e4rmt sind. Nach der Nutzung reinigst du die Backbleche in der Sp\u00fclmaschine.<\/p>\n","protected":false},"featured_media":0,"comment_status":"closed","ping_status":"open","template":"","meta":{"_acf_changed":false},"brand":[506],"product_brand":[],"product_cat":[300],"product_tag":[301],"class_list":{"0":"post-79317","1":"product","2":"type-product","3":"status-publish","5":"brand-tefal","6":"product_cat-kontaktgrills","7":"product_tag-contactgrills","8":"pa_condition-new","9":"pa_coolblue-de-verzending-morgen-gratis-geliefert","10":"pa_ean-19439","11":"pa_mpn-gc7178","13":"first","14":"instock","15":"product-type-external"},"acf":[],"_links":{"self":[{"href":"https:\/\/onlinehardwareshop.de\/index.php\/wp-json\/wp\/v2\/product\/79317","targetHints":{"allow":["GET"]}}],"collection":[{"href":"https:\/\/onlinehardwareshop.de\/index.php\/wp-json\/wp\/v2\/product"}],"about":[{"href":"https:\/\/onlinehardwareshop.de\/index.php\/wp-json\/wp\/v2\/types\/product"}],"replies":[{"embeddable":true,"href":"https:\/\/onlinehardwareshop.de\/index.php\/wp-json\/wp\/v2\/comments?post=79317"}],"wp:attachment":[{"href":"https:\/\/onlinehardwareshop.de\/index.php\/wp-json\/wp\/v2\/media?parent=79317"}],"wp:term":[{"taxonomy":"brand","embeddable":true,"href":"https:\/\/onlinehardwareshop.de\/index.php\/wp-json\/wp\/v2\/brand?post=79317"},{"taxonomy":"product_brand","embeddable":true,"href":"https:\/\/onlinehardwareshop.de\/index.php\/wp-json\/wp\/v2\/product_brand?post=79317"},{"taxonomy":"product_cat","embeddable":true,"href":"https:\/\/onlinehardwareshop.de\/index.php\/wp-json\/wp\/v2\/product_cat?post=79317"},{"taxonomy":"product_tag","embeddable":true,"href":"https:\/\/onlinehardwareshop.de\/index.php\/wp-json\/wp\/v2\/product_tag?post=79317"}],"curies":[{"name":"wp","href":"https:\/\/api.w.org\/{rel}","templated":true}]}}