{"id":79242,"date":"2024-06-16T19:17:51","date_gmt":"2024-06-16T19:17:51","guid":{"rendered":"https:\/\/onlinehardwareshop.de\/index.php\/produkt\/elgato-facecam-mk-2-streaming-webcam-2\/"},"modified":"2025-05-14T11:31:06","modified_gmt":"2025-05-14T11:31:06","slug":"elgato-facecam-mk-2-streaming-webcam","status":"publish","type":"product","link":"https:\/\/onlinehardwareshop.de\/index.php\/produkt\/elgato-facecam-mk-2-streaming-webcam\/","title":{"rendered":"Elgato Facecam MK.2 Streaming Webcam"},"content":{"rendered":"<p>Mit der Elgato Facecam MK.2 Streaming Webcam erg\u00e4nzt du dein Streaming um deine Gesichtsausdr\u00fccke. Diese Streaming-Webcam filmt in Full HD mit 60 Bildern pro Sekunde. Du verwendest diese Streaming Webcam mit gleich welcher Belichtung durch HDR. Hierdurch werden unter- und \u00fcberbelichtete R\u00e4ume automatisch angepasst. Die Facecam Mk.2 hat eine Universalklemme, sodass du sie auf jeden Monitor setzt. Du schlie\u00dft diese Webcam \u00fcber das mitgelieferte USB-A-auf-USB-C-Kabel an, sodass du die Facecam Mk.2 unter Windows und MacOS verwendest. Du bist nicht zufrieden mit den Standardeinstellungen? Mit der Facecam-Pro-Software passt du viele Einstellungen wie Zoom, Farbe und Belichtung an. So hast du f\u00fcr jeden Stream die beste Kamera-Konfiguration.<\/p>\n","protected":false},"excerpt":{"rendered":"<p>Mit der Elgato Facecam MK.2 Streaming Webcam erg\u00e4nzt du dein Streaming um deine Gesichtsausdr\u00fccke. Diese Streaming-Webcam filmt in Full HD mit 60 Bildern pro Sekunde. Du verwendest diese Streaming Webcam mit gleich welcher Belichtung durch HDR. Hierdurch werden unter- und \u00fcberbelichtete R\u00e4ume automatisch angepasst. Die Facecam Mk.2 hat eine Universalklemme, sodass du sie auf jeden Monitor setzt. Du schlie\u00dft diese Webcam \u00fcber das mitgelieferte USB-A-auf-USB-C-Kabel an, sodass du die Facecam Mk.2 unter Windows und MacOS verwendest. Du bist nicht zufrieden mit den Standardeinstellungen? Mit der Facecam-Pro-Software passt du viele Einstellungen wie Zoom, Farbe und Belichtung an. So hast du f\u00fcr jeden Stream die beste Kamera-Konfiguration.<\/p>\n","protected":false},"featured_media":0,"comment_status":"closed","ping_status":"open","template":"","meta":{"_acf_changed":false},"brand":[3918],"product_brand":[],"product_cat":[999],"product_tag":[2383],"class_list":{"0":"post-79242","1":"product","2":"type-product","3":"status-publish","5":"brand-elgato","6":"product_cat-webcams","7":"product_tag-streaming-webcams","8":"pa_condition-new","9":"pa_coolblue-de-verzending-morgen-gratis-geliefert","10":"pa_ean-19327","11":"pa_mpn-10wac9901","13":"first","14":"instock","15":"product-type-external"},"acf":[],"_links":{"self":[{"href":"https:\/\/onlinehardwareshop.de\/index.php\/wp-json\/wp\/v2\/product\/79242","targetHints":{"allow":["GET"]}}],"collection":[{"href":"https:\/\/onlinehardwareshop.de\/index.php\/wp-json\/wp\/v2\/product"}],"about":[{"href":"https:\/\/onlinehardwareshop.de\/index.php\/wp-json\/wp\/v2\/types\/product"}],"replies":[{"embeddable":true,"href":"https:\/\/onlinehardwareshop.de\/index.php\/wp-json\/wp\/v2\/comments?post=79242"}],"wp:attachment":[{"href":"https:\/\/onlinehardwareshop.de\/index.php\/wp-json\/wp\/v2\/media?parent=79242"}],"wp:term":[{"taxonomy":"brand","embeddable":true,"href":"https:\/\/onlinehardwareshop.de\/index.php\/wp-json\/wp\/v2\/brand?post=79242"},{"taxonomy":"product_brand","embeddable":true,"href":"https:\/\/onlinehardwareshop.de\/index.php\/wp-json\/wp\/v2\/product_brand?post=79242"},{"taxonomy":"product_cat","embeddable":true,"href":"https:\/\/onlinehardwareshop.de\/index.php\/wp-json\/wp\/v2\/product_cat?post=79242"},{"taxonomy":"product_tag","embeddable":true,"href":"https:\/\/onlinehardwareshop.de\/index.php\/wp-json\/wp\/v2\/product_tag?post=79242"}],"curies":[{"name":"wp","href":"https:\/\/api.w.org\/{rel}","templated":true}]}}