{"id":79211,"date":"2024-11-18T01:17:18","date_gmt":"2024-11-18T01:17:18","guid":{"rendered":"https:\/\/onlinehardwareshop.de\/index.php\/produkt\/displayschutz-just-in-case-tempered-glass-motorola-moto-g14-g54-2\/"},"modified":"2025-05-14T11:28:41","modified_gmt":"2025-05-14T11:28:41","slug":"displayschutz-just-in-case-tempered-glass-motorola-moto-g14-g54","status":"publish","type":"product","link":"https:\/\/onlinehardwareshop.de\/index.php\/produkt\/displayschutz-just-in-case-tempered-glass-motorola-moto-g14-g54\/","title":{"rendered":"Displayschutz Just In Case Tempered Glass Motorola Moto G14\/G54"},"content":{"rendered":"<p>Mit dem Displayschutz Just In Case Tempered Motorola Moto G14\/G54 sch\u00fctzt du das Display deines Smartphones vor Besch\u00e4digungen. Daher kannst du dein Handy ruhig gemeinsam mit deinen Schl\u00fcsseln in deine Hosentasche stecken. Bei einem harten Schlag kann das Glas zwar brechen, das Display deines Smartphones wird dann allerdings gesch\u00fctzt. Der Case-freundliche Displayschutz reicht nicht ganz bis zu den Displaykanten. Dadurch wird verhindert, dass deine Handyh\u00fclle den Just In Case Displayschutz vom Display dr\u00fcckt. Dieses Panzerglas ist ma\u00dfgefertigt f\u00fcr dein Moto G14\/G54 und verf\u00fcgt \u00fcber eine Aussparung f\u00fcr die Selfiekamera.<\/p>\n","protected":false},"excerpt":{"rendered":"<p>Mit dem Displayschutz Just In Case Tempered Motorola Moto G14\/G54 sch\u00fctzt du das Display deines Smartphones vor Besch\u00e4digungen. Daher kannst du dein Handy ruhig gemeinsam mit deinen Schl\u00fcsseln in deine Hosentasche stecken. Bei einem harten Schlag kann das Glas zwar brechen, das Display deines Smartphones wird dann allerdings gesch\u00fctzt. Der Case-freundliche Displayschutz reicht nicht ganz bis zu den Displaykanten. Dadurch wird verhindert, dass deine Handyh\u00fclle den Just In Case Displayschutz vom Display dr\u00fcckt. Dieses Panzerglas ist ma\u00dfgefertigt f\u00fcr dein Moto G14\/G54 und verf\u00fcgt \u00fcber eine Aussparung f\u00fcr die Selfiekamera.<\/p>\n","protected":false},"featured_media":0,"comment_status":"closed","ping_status":"open","template":"","meta":{"_acf_changed":false},"brand":[4982],"product_brand":[],"product_cat":[5188],"product_tag":[13939],"class_list":{"0":"post-79211","1":"product","2":"type-product","3":"status-publish","5":"brand-just-in-case","6":"product_cat-displayschutzfolien-fr-mobiltelefone","7":"product_tag-screenprotectors-voor-motorola","8":"pa_condition-new","9":"pa_coolblue-de-verzending-morgen-gratis-geliefert","10":"pa_ean-19259","11":"pa_mpn-19260","13":"first","14":"instock","15":"product-type-external"},"acf":[],"_links":{"self":[{"href":"https:\/\/onlinehardwareshop.de\/index.php\/wp-json\/wp\/v2\/product\/79211","targetHints":{"allow":["GET"]}}],"collection":[{"href":"https:\/\/onlinehardwareshop.de\/index.php\/wp-json\/wp\/v2\/product"}],"about":[{"href":"https:\/\/onlinehardwareshop.de\/index.php\/wp-json\/wp\/v2\/types\/product"}],"replies":[{"embeddable":true,"href":"https:\/\/onlinehardwareshop.de\/index.php\/wp-json\/wp\/v2\/comments?post=79211"}],"wp:attachment":[{"href":"https:\/\/onlinehardwareshop.de\/index.php\/wp-json\/wp\/v2\/media?parent=79211"}],"wp:term":[{"taxonomy":"brand","embeddable":true,"href":"https:\/\/onlinehardwareshop.de\/index.php\/wp-json\/wp\/v2\/brand?post=79211"},{"taxonomy":"product_brand","embeddable":true,"href":"https:\/\/onlinehardwareshop.de\/index.php\/wp-json\/wp\/v2\/product_brand?post=79211"},{"taxonomy":"product_cat","embeddable":true,"href":"https:\/\/onlinehardwareshop.de\/index.php\/wp-json\/wp\/v2\/product_cat?post=79211"},{"taxonomy":"product_tag","embeddable":true,"href":"https:\/\/onlinehardwareshop.de\/index.php\/wp-json\/wp\/v2\/product_tag?post=79211"}],"curies":[{"name":"wp","href":"https:\/\/api.w.org\/{rel}","templated":true}]}}