{"id":79205,"date":"2024-07-18T13:46:55","date_gmt":"2024-07-18T13:46:55","guid":{"rendered":"https:\/\/onlinehardwareshop.de\/index.php\/produkt\/bluebuilt-lenkrder-fr-nintendo-switch-joy-cons-2\/"},"modified":"2025-05-14T11:28:05","modified_gmt":"2025-05-14T11:28:05","slug":"bluebuilt-lenkrder-fr-nintendo-switch-joy-cons","status":"publish","type":"product","link":"https:\/\/onlinehardwareshop.de\/index.php\/produkt\/bluebuilt-lenkrder-fr-nintendo-switch-joy-cons\/","title":{"rendered":"BlueBuilt Lenkr&#xE4;der f&#xFC;r Nintendo Switch Joy-Cons"},"content":{"rendered":"<p>Mit diesen BlueBuilt Lenkr\u00e4dern f\u00fcr Nintendo Switch Joy-Cons wird Mario Kart zum richtigen Erlebnis. Du klickst deine Joy-Cons einfach in eins dieser Lenkr\u00e4der und f\u00e4hrst in Mario Kart\u00a08 oder anderen Racing-Games um die Wette. Dank des herausklickbaren Designs sind diese Lenkr\u00e4der f\u00fcr gro\u00dfe und kleine H\u00e4nde geeignet. Du hast gro\u00dfe H\u00e4nde? Dann spielst du mit dem ganzen Lenkrad. F\u00fcr Spieler mit kleineren H\u00e4nden klickst du das Mittelteil aus dem Lenkrad heraus. Durch die L\u00e4mpchen in den Lenkr\u00e4dern siehst du schnell, welches Lenkrad zu welchem Spieler geh\u00f6rt. So erwischst du nie wieder versehentlich den Controller von deinem Freund oder deiner Freundin.   Hinweis: Diese Lenkr\u00e4der werden ohne Joy-Cons geliefert, die Controller sind separat erh\u00e4ltlich.<\/p>\n","protected":false},"excerpt":{"rendered":"<p>Mit diesen BlueBuilt Lenkr\u00e4dern f\u00fcr Nintendo Switch Joy-Cons wird Mario Kart zum richtigen Erlebnis. Du klickst deine Joy-Cons einfach in eins dieser Lenkr\u00e4der und f\u00e4hrst in Mario Kart\u00a08 oder anderen Racing-Games um die Wette. Dank des herausklickbaren Designs sind diese Lenkr\u00e4der f\u00fcr gro\u00dfe und kleine H\u00e4nde geeignet. Du hast gro\u00dfe H\u00e4nde? Dann spielst du mit dem ganzen Lenkrad. F\u00fcr Spieler mit kleineren H\u00e4nden klickst du das Mittelteil aus dem Lenkrad heraus. Durch die L\u00e4mpchen in den Lenkr\u00e4dern siehst du schnell, welches Lenkrad zu welchem Spieler geh\u00f6rt. So erwischst du nie wieder versehentlich den Controller von deinem Freund oder deiner Freundin.   Hinweis: Diese Lenkr\u00e4der werden ohne Joy-Cons geliefert, die Controller sind separat erh\u00e4ltlich.<\/p>\n","protected":false},"featured_media":0,"comment_status":"closed","ping_status":"open","template":"","meta":{"_acf_changed":false},"brand":[5893],"product_brand":[],"product_cat":[244],"product_tag":[245],"class_list":{"0":"post-79205","1":"product","2":"type-product","3":"status-publish","5":"brand-bluebuilt","6":"product_cat-lenkradaufstze","7":"product_tag-stuurwielen-voor-racesturen","8":"pa_condition-new","9":"pa_coolblue-de-verzending-morgen-gratis-geliefert","10":"pa_ean-29007","11":"pa_mpn-bbswns001","13":"first","14":"instock","15":"product-type-external"},"acf":[],"_links":{"self":[{"href":"https:\/\/onlinehardwareshop.de\/index.php\/wp-json\/wp\/v2\/product\/79205","targetHints":{"allow":["GET"]}}],"collection":[{"href":"https:\/\/onlinehardwareshop.de\/index.php\/wp-json\/wp\/v2\/product"}],"about":[{"href":"https:\/\/onlinehardwareshop.de\/index.php\/wp-json\/wp\/v2\/types\/product"}],"replies":[{"embeddable":true,"href":"https:\/\/onlinehardwareshop.de\/index.php\/wp-json\/wp\/v2\/comments?post=79205"}],"wp:attachment":[{"href":"https:\/\/onlinehardwareshop.de\/index.php\/wp-json\/wp\/v2\/media?parent=79205"}],"wp:term":[{"taxonomy":"brand","embeddable":true,"href":"https:\/\/onlinehardwareshop.de\/index.php\/wp-json\/wp\/v2\/brand?post=79205"},{"taxonomy":"product_brand","embeddable":true,"href":"https:\/\/onlinehardwareshop.de\/index.php\/wp-json\/wp\/v2\/product_brand?post=79205"},{"taxonomy":"product_cat","embeddable":true,"href":"https:\/\/onlinehardwareshop.de\/index.php\/wp-json\/wp\/v2\/product_cat?post=79205"},{"taxonomy":"product_tag","embeddable":true,"href":"https:\/\/onlinehardwareshop.de\/index.php\/wp-json\/wp\/v2\/product_tag?post=79205"}],"curies":[{"name":"wp","href":"https:\/\/api.w.org\/{rel}","templated":true}]}}