{"id":79179,"date":"2024-09-03T00:28:55","date_gmt":"2024-09-03T00:28:55","guid":{"rendered":"https:\/\/onlinehardwareshop.de\/index.php\/produkt\/decksaver-pioneer-dj-ddj-flx6-cover-2\/"},"modified":"2025-05-14T11:25:51","modified_gmt":"2025-05-14T11:25:51","slug":"decksaver-pioneer-dj-ddj-flx6-cover","status":"publish","type":"product","link":"https:\/\/onlinehardwareshop.de\/index.php\/produkt\/decksaver-pioneer-dj-ddj-flx6-cover\/","title":{"rendered":"Decksaver Pioneer DJ DDJ-FLX6 Cover"},"content":{"rendered":"<p>Mit dem Decksaver Pioneer DJ DDJ-FLX6 Cover sch\u00fctzt du deinen DJ-Controller. Das Cover wurde speziell f\u00fcr die DJ-Controller Pioneer DDJ-FLX6 und DDJ-FLX6-GT gemacht. Deshalb passt das Cover genau auf den Controller. so ist dein Controller gut vor Staub, Wasser und St\u00f6\u00dfen gesch\u00fctzt, sodass du es sicher mitnimmst, wenn du unterwegs bist.<\/p>\n","protected":false},"excerpt":{"rendered":"<p>Mit dem Decksaver Pioneer DJ DDJ-FLX6 Cover sch\u00fctzt du deinen DJ-Controller. Das Cover wurde speziell f\u00fcr die DJ-Controller Pioneer DDJ-FLX6 und DDJ-FLX6-GT gemacht. Deshalb passt das Cover genau auf den Controller. so ist dein Controller gut vor Staub, Wasser und St\u00f6\u00dfen gesch\u00fctzt, sodass du es sicher mitnimmst, wenn du unterwegs bist.<\/p>\n","protected":false},"featured_media":0,"comment_status":"closed","ping_status":"open","template":"","meta":{"_acf_changed":false},"brand":[19194],"product_brand":[],"product_cat":[14446],"product_tag":[14447],"class_list":{"0":"post-79179","1":"product","2":"type-product","3":"status-publish","5":"brand-decksaver","6":"product_cat-hllen-fr-dj-controller","7":"product_tag-beschermhoezen-voor-dj-controllers","8":"pa_condition-new","9":"pa_coolblue-de-verzending-morgen-gratis-geliefert","10":"pa_ean-19195","11":"pa_mpn-coverddjflx6","13":"first","14":"instock","15":"product-type-external"},"acf":[],"_links":{"self":[{"href":"https:\/\/onlinehardwareshop.de\/index.php\/wp-json\/wp\/v2\/product\/79179","targetHints":{"allow":["GET"]}}],"collection":[{"href":"https:\/\/onlinehardwareshop.de\/index.php\/wp-json\/wp\/v2\/product"}],"about":[{"href":"https:\/\/onlinehardwareshop.de\/index.php\/wp-json\/wp\/v2\/types\/product"}],"replies":[{"embeddable":true,"href":"https:\/\/onlinehardwareshop.de\/index.php\/wp-json\/wp\/v2\/comments?post=79179"}],"wp:attachment":[{"href":"https:\/\/onlinehardwareshop.de\/index.php\/wp-json\/wp\/v2\/media?parent=79179"}],"wp:term":[{"taxonomy":"brand","embeddable":true,"href":"https:\/\/onlinehardwareshop.de\/index.php\/wp-json\/wp\/v2\/brand?post=79179"},{"taxonomy":"product_brand","embeddable":true,"href":"https:\/\/onlinehardwareshop.de\/index.php\/wp-json\/wp\/v2\/product_brand?post=79179"},{"taxonomy":"product_cat","embeddable":true,"href":"https:\/\/onlinehardwareshop.de\/index.php\/wp-json\/wp\/v2\/product_cat?post=79179"},{"taxonomy":"product_tag","embeddable":true,"href":"https:\/\/onlinehardwareshop.de\/index.php\/wp-json\/wp\/v2\/product_tag?post=79179"}],"curies":[{"name":"wp","href":"https:\/\/api.w.org\/{rel}","templated":true}]}}