{"id":79178,"date":"2024-03-31T09:57:15","date_gmt":"2024-03-31T09:57:15","guid":{"rendered":"https:\/\/onlinehardwareshop.de\/index.php\/produkt\/decksaver-pioneer-ddj-200-cover-2\/"},"modified":"2025-05-14T11:25:46","modified_gmt":"2025-05-14T11:25:46","slug":"decksaver-pioneer-ddj-200-cover","status":"publish","type":"product","link":"https:\/\/onlinehardwareshop.de\/index.php\/produkt\/decksaver-pioneer-ddj-200-cover\/","title":{"rendered":"Decksaver Pioneer DDJ-200 Cover"},"content":{"rendered":"<p>Mit dem Decksaver Pioneer DDJ-200 Cover sch\u00fctzt du deinen DJ-Controller. Das Cover besteht aus robustem, hartem und transparentem Material. Es sch\u00fctzt deinen Controller vor Staub, Wasser und St\u00f6\u00dfen, wodurch er l\u00e4nger h\u00e4lt. Weil das Cover speziell f\u00fcr den Pioneer DDJ-200 entwickelt wurde, passt es gut auf den Controller. So kommt kein Staub oder Wasser darunter. Das flache Design sorgt daf\u00fcr, dass du den Controller mit dem Cover problemlos in eine Tasche oder einen Koffer steckst. So kannst du ihn gut gesch\u00fctzt auf Reisen mitnehmen.<\/p>\n","protected":false},"excerpt":{"rendered":"<p>Mit dem Decksaver Pioneer DDJ-200 Cover sch\u00fctzt du deinen DJ-Controller. Das Cover besteht aus robustem, hartem und transparentem Material. Es sch\u00fctzt deinen Controller vor Staub, Wasser und St\u00f6\u00dfen, wodurch er l\u00e4nger h\u00e4lt. Weil das Cover speziell f\u00fcr den Pioneer DDJ-200 entwickelt wurde, passt es gut auf den Controller. So kommt kein Staub oder Wasser darunter. Das flache Design sorgt daf\u00fcr, dass du den Controller mit dem Cover problemlos in eine Tasche oder einen Koffer steckst. So kannst du ihn gut gesch\u00fctzt auf Reisen mitnehmen.<\/p>\n","protected":false},"featured_media":0,"comment_status":"closed","ping_status":"open","template":"","meta":{"_acf_changed":false},"brand":[19194],"product_brand":[],"product_cat":[14446],"product_tag":[14447],"class_list":{"0":"post-79178","1":"product","2":"type-product","3":"status-publish","5":"brand-decksaver","6":"product_cat-hllen-fr-dj-controller","7":"product_tag-beschermhoezen-voor-dj-controllers","8":"pa_condition-new","9":"pa_coolblue-de-verzending-morgen-gratis-geliefert","10":"pa_ean-19192","11":"pa_mpn-coverddj200","13":"first","14":"instock","15":"product-type-external"},"acf":[],"_links":{"self":[{"href":"https:\/\/onlinehardwareshop.de\/index.php\/wp-json\/wp\/v2\/product\/79178","targetHints":{"allow":["GET"]}}],"collection":[{"href":"https:\/\/onlinehardwareshop.de\/index.php\/wp-json\/wp\/v2\/product"}],"about":[{"href":"https:\/\/onlinehardwareshop.de\/index.php\/wp-json\/wp\/v2\/types\/product"}],"replies":[{"embeddable":true,"href":"https:\/\/onlinehardwareshop.de\/index.php\/wp-json\/wp\/v2\/comments?post=79178"}],"wp:attachment":[{"href":"https:\/\/onlinehardwareshop.de\/index.php\/wp-json\/wp\/v2\/media?parent=79178"}],"wp:term":[{"taxonomy":"brand","embeddable":true,"href":"https:\/\/onlinehardwareshop.de\/index.php\/wp-json\/wp\/v2\/brand?post=79178"},{"taxonomy":"product_brand","embeddable":true,"href":"https:\/\/onlinehardwareshop.de\/index.php\/wp-json\/wp\/v2\/product_brand?post=79178"},{"taxonomy":"product_cat","embeddable":true,"href":"https:\/\/onlinehardwareshop.de\/index.php\/wp-json\/wp\/v2\/product_cat?post=79178"},{"taxonomy":"product_tag","embeddable":true,"href":"https:\/\/onlinehardwareshop.de\/index.php\/wp-json\/wp\/v2\/product_tag?post=79178"}],"curies":[{"name":"wp","href":"https:\/\/api.w.org\/{rel}","templated":true}]}}