{"id":79173,"date":"2025-04-27T02:01:01","date_gmt":"2025-04-27T02:01:01","guid":{"rendered":"https:\/\/onlinehardwareshop.de\/index.php\/produkt\/pocketbook-shell-inkpad-x-pro-blau-2\/"},"modified":"2025-05-14T11:25:16","modified_gmt":"2025-05-14T11:25:16","slug":"pocketbook-shell-inkpad-x-pro-blau","status":"publish","type":"product","link":"https:\/\/onlinehardwareshop.de\/index.php\/produkt\/pocketbook-shell-inkpad-x-pro-blau\/","title":{"rendered":"PocketBook Shell InkPad X Pro Blau"},"content":{"rendered":"<p>Sch\u00fctze deinen eBook-Reader mit dem PocketBook Shell InkPad X Pro Blau vor Dellen und Kratzern. Das Book Case sch\u00fctzt Vorder- und R\u00fcckseite deines eBook-Readers. Deshalb ist es kein Problem, wenn du zusammen mit deinen Schl\u00fcsseln in dieselbe Tasche steckst. Den Stylus bewahrst du in der H\u00fclle auf, sodass du ihn nicht verlierst. Wenn du die H\u00fclle aufklappst, schaltet sich der eBook-Reader sofort ein. Sobald du die H\u00fclle schlie\u00dft, wird das Ger\u00e4t in den Ruhemodus versetzt. Deshalb h\u00e4lt die Batterie deines eBook-Readers l\u00e4nger durch. Diese H\u00fclle ist exakt an den Shell InkPad X Pro angepasst.<\/p>\n","protected":false},"excerpt":{"rendered":"<p>Sch\u00fctze deinen eBook-Reader mit dem PocketBook Shell InkPad X Pro Blau vor Dellen und Kratzern. Das Book Case sch\u00fctzt Vorder- und R\u00fcckseite deines eBook-Readers. Deshalb ist es kein Problem, wenn du zusammen mit deinen Schl\u00fcsseln in dieselbe Tasche steckst. Den Stylus bewahrst du in der H\u00fclle auf, sodass du ihn nicht verlierst. Wenn du die H\u00fclle aufklappst, schaltet sich der eBook-Reader sofort ein. Sobald du die H\u00fclle schlie\u00dft, wird das Ger\u00e4t in den Ruhemodus versetzt. Deshalb h\u00e4lt die Batterie deines eBook-Readers l\u00e4nger durch. Diese H\u00fclle ist exakt an den Shell InkPad X Pro angepasst.<\/p>\n","protected":false},"featured_media":0,"comment_status":"closed","ping_status":"open","template":"","meta":{"_acf_changed":false},"brand":[8955],"product_brand":[],"product_cat":[19175],"product_tag":[19176],"class_list":{"0":"post-79173","1":"product","2":"type-product","3":"status-publish","5":"brand-pocketbook","6":"product_cat-hllen-fr-digitale-notizblcke","7":"product_tag-hoesjes-voor-digitale-notitieblokken","8":"pa_condition-new","9":"pa_coolblue-de-verzending-morgen-gratis-geliefert","10":"pa_ean-19173","11":"pa_mpn-h-s-1040d-db-ww","13":"first","14":"instock","15":"product-type-external"},"acf":[],"_links":{"self":[{"href":"https:\/\/onlinehardwareshop.de\/index.php\/wp-json\/wp\/v2\/product\/79173","targetHints":{"allow":["GET"]}}],"collection":[{"href":"https:\/\/onlinehardwareshop.de\/index.php\/wp-json\/wp\/v2\/product"}],"about":[{"href":"https:\/\/onlinehardwareshop.de\/index.php\/wp-json\/wp\/v2\/types\/product"}],"replies":[{"embeddable":true,"href":"https:\/\/onlinehardwareshop.de\/index.php\/wp-json\/wp\/v2\/comments?post=79173"}],"wp:attachment":[{"href":"https:\/\/onlinehardwareshop.de\/index.php\/wp-json\/wp\/v2\/media?parent=79173"}],"wp:term":[{"taxonomy":"brand","embeddable":true,"href":"https:\/\/onlinehardwareshop.de\/index.php\/wp-json\/wp\/v2\/brand?post=79173"},{"taxonomy":"product_brand","embeddable":true,"href":"https:\/\/onlinehardwareshop.de\/index.php\/wp-json\/wp\/v2\/product_brand?post=79173"},{"taxonomy":"product_cat","embeddable":true,"href":"https:\/\/onlinehardwareshop.de\/index.php\/wp-json\/wp\/v2\/product_cat?post=79173"},{"taxonomy":"product_tag","embeddable":true,"href":"https:\/\/onlinehardwareshop.de\/index.php\/wp-json\/wp\/v2\/product_tag?post=79173"}],"curies":[{"name":"wp","href":"https:\/\/api.w.org\/{rel}","templated":true}]}}