{"id":79138,"date":"2024-12-18T07:09:24","date_gmt":"2024-12-18T07:09:24","guid":{"rendered":"https:\/\/onlinehardwareshop.de\/index.php\/produkt\/kobo-libra-colour-wei-kobo-stylus-2-2\/"},"modified":"2025-05-14T11:22:35","modified_gmt":"2025-05-14T11:22:35","slug":"kobo-libra-colour-wei-kobo-stylus-2","status":"publish","type":"product","link":"https:\/\/onlinehardwareshop.de\/index.php\/produkt\/kobo-libra-colour-wei-kobo-stylus-2\/","title":{"rendered":"Kobo Libra Colour Wei&#xDF; + Kobo Stylus 2"},"content":{"rendered":"<p>Mit dem Kobo Libra Colour Wei\u00df + Kobo Stylus 2 erstellst du m\u00fchelos Aufzeichnungen in Farbe, w\u00e4hrend du liest. Dank des Farbdisplays wird den Abbildungen in B\u00fcchern mehr Leben eingehaucht. Dank ComfortLight Pro passt du selbst die Helligkeit und Farbtemperatur an. Zudem filtert das Ger\u00e4t blaues Licht und kannst du einen dunklen Modus w\u00e4hlen. Dadurch g\u00f6nnst du deinen Augen beim Lesen mehr Ruhe. Da der Libra wasserbest\u00e4ndig ist, liest du auch sicher am Strand oder beim Schwimmbad. Dank des ergonomischen Griffs h\u00e4ltst du ihn l\u00e4nger fest und anhand der Tasten bl\u00e4tterst du schnell Seiten um. Hast du keine Lust zu lesen? \u00dcber kabellose In-Ear-Kopfh\u00f6rer h\u00f6rst du H\u00f6rb\u00fccher. Du \u00fcbertr\u00e4gst eBooks \u00fcber den Kobo Store auf deinen eBook-Reader oder f\u00fcgst deine eigenen eBooks mit dem integrierten Google Drive und der Dropbox hinzu.<\/p>\n","protected":false},"excerpt":{"rendered":"<p>Mit dem Kobo Libra Colour Wei\u00df + Kobo Stylus 2 erstellst du m\u00fchelos Aufzeichnungen in Farbe, w\u00e4hrend du liest. Dank des Farbdisplays wird den Abbildungen in B\u00fcchern mehr Leben eingehaucht. Dank ComfortLight Pro passt du selbst die Helligkeit und Farbtemperatur an. Zudem filtert das Ger\u00e4t blaues Licht und kannst du einen dunklen Modus w\u00e4hlen. Dadurch g\u00f6nnst du deinen Augen beim Lesen mehr Ruhe. Da der Libra wasserbest\u00e4ndig ist, liest du auch sicher am Strand oder beim Schwimmbad. Dank des ergonomischen Griffs h\u00e4ltst du ihn l\u00e4nger fest und anhand der Tasten bl\u00e4tterst du schnell Seiten um. Hast du keine Lust zu lesen? \u00dcber kabellose In-Ear-Kopfh\u00f6rer h\u00f6rst du H\u00f6rb\u00fccher. Du \u00fcbertr\u00e4gst eBooks \u00fcber den Kobo Store auf deinen eBook-Reader oder f\u00fcgst deine eigenen eBooks mit dem integrierten Google Drive und der Dropbox hinzu.<\/p>\n","protected":false},"featured_media":0,"comment_status":"closed","ping_status":"open","template":"","meta":{"_acf_changed":false},"brand":[8608],"product_brand":[],"product_cat":[8609],"product_tag":[8610],"class_list":{"0":"post-79138","1":"product","2":"type-product","3":"status-publish","5":"brand-kobo","6":"product_cat-ebook-reader","7":"product_tag-e-readers","8":"pa_condition-new","9":"pa_coolblue-de-verzending-morgen-gratis-geliefert","10":"pa_ean-19093","12":"first","13":"instock","14":"product-type-external"},"acf":[],"_links":{"self":[{"href":"https:\/\/onlinehardwareshop.de\/index.php\/wp-json\/wp\/v2\/product\/79138","targetHints":{"allow":["GET"]}}],"collection":[{"href":"https:\/\/onlinehardwareshop.de\/index.php\/wp-json\/wp\/v2\/product"}],"about":[{"href":"https:\/\/onlinehardwareshop.de\/index.php\/wp-json\/wp\/v2\/types\/product"}],"replies":[{"embeddable":true,"href":"https:\/\/onlinehardwareshop.de\/index.php\/wp-json\/wp\/v2\/comments?post=79138"}],"wp:attachment":[{"href":"https:\/\/onlinehardwareshop.de\/index.php\/wp-json\/wp\/v2\/media?parent=79138"}],"wp:term":[{"taxonomy":"brand","embeddable":true,"href":"https:\/\/onlinehardwareshop.de\/index.php\/wp-json\/wp\/v2\/brand?post=79138"},{"taxonomy":"product_brand","embeddable":true,"href":"https:\/\/onlinehardwareshop.de\/index.php\/wp-json\/wp\/v2\/product_brand?post=79138"},{"taxonomy":"product_cat","embeddable":true,"href":"https:\/\/onlinehardwareshop.de\/index.php\/wp-json\/wp\/v2\/product_cat?post=79138"},{"taxonomy":"product_tag","embeddable":true,"href":"https:\/\/onlinehardwareshop.de\/index.php\/wp-json\/wp\/v2\/product_tag?post=79138"}],"curies":[{"name":"wp","href":"https:\/\/api.w.org\/{rel}","templated":true}]}}