{"id":79085,"date":"2025-05-11T07:37:11","date_gmt":"2025-05-11T07:37:11","guid":{"rendered":"https:\/\/onlinehardwareshop.de\/index.php\/produkt\/bluebuilt-umhngetasche-fr-15-und-16-zoll-laptops-2\/"},"modified":"2025-05-14T11:17:46","modified_gmt":"2025-05-14T11:17:46","slug":"bluebuilt-umhngetasche-fr-15-und-16-zoll-laptops","status":"publish","type":"product","link":"https:\/\/onlinehardwareshop.de\/index.php\/produkt\/bluebuilt-umhngetasche-fr-15-und-16-zoll-laptops\/","title":{"rendered":"BlueBuilt Umh&#xE4;ngetasche f&#xFC;r 15- und 16-Zoll-Laptops"},"content":{"rendered":"<p>Mit der BlueBuilt Umh\u00e4ngetasche f\u00fcr 15- und 16-Zoll-Laptops nimmst du deinen Laptop und all dein Zubeh\u00f6r \u00fcberall mit hin. Auch bei einem Regenschauer, denn das Material der Tasche ist spritzwassergesch\u00fctzt. So bleiben deine Sachen unterwegs trocken. Die Tasche hat ein Laptopfach, ein gro\u00dfes Zubeh\u00f6rfach und eine Fronttasche. So kannst du all deine Sachen ordentlich organisiert aufbewahren und neben deinem Laptop auch deine Maus und dein Mittagessen mitnehmen. Gro\u00dfe Ladeger\u00e4te oder Kabel passen ebenfalls problemlos in die Tasche. Das weiche Material im Inneren der Tasche verhindert Kratzer. Gehst du auf Reisen? Dann befestigst du die Tasche mit dem Band auf deren R\u00fcckseite an deinem Koffer oder Trolley. Au\u00dferdem ist der Schultergurt verstellbar, so dass du die Tasche in einer bequemen H\u00f6he tragen kannst.<\/p>\n","protected":false},"excerpt":{"rendered":"<p>Mit der BlueBuilt Umh\u00e4ngetasche f\u00fcr 15- und 16-Zoll-Laptops nimmst du deinen Laptop und all dein Zubeh\u00f6r \u00fcberall mit hin. Auch bei einem Regenschauer, denn das Material der Tasche ist spritzwassergesch\u00fctzt. So bleiben deine Sachen unterwegs trocken. Die Tasche hat ein Laptopfach, ein gro\u00dfes Zubeh\u00f6rfach und eine Fronttasche. So kannst du all deine Sachen ordentlich organisiert aufbewahren und neben deinem Laptop auch deine Maus und dein Mittagessen mitnehmen. Gro\u00dfe Ladeger\u00e4te oder Kabel passen ebenfalls problemlos in die Tasche. Das weiche Material im Inneren der Tasche verhindert Kratzer. Gehst du auf Reisen? Dann befestigst du die Tasche mit dem Band auf deren R\u00fcckseite an deinem Koffer oder Trolley. Au\u00dferdem ist der Schultergurt verstellbar, so dass du die Tasche in einer bequemen H\u00f6he tragen kannst.<\/p>\n","protected":false},"featured_media":0,"comment_status":"closed","ping_status":"open","template":"","meta":{"_acf_changed":false},"brand":[5893],"product_brand":[],"product_cat":[431],"product_tag":[432],"class_list":{"0":"post-79085","1":"product","2":"type-product","3":"status-publish","5":"brand-bluebuilt","6":"product_cat-umhngetaschen","7":"product_tag-niet-leren-schoudertassen","8":"pa_condition-new","9":"pa_coolblue-de-verzending-morgen-gratis-geliefert","10":"pa_ean-18994","11":"pa_mpn-bbsbs002","13":"first","14":"instock","15":"product-type-external"},"acf":[],"_links":{"self":[{"href":"https:\/\/onlinehardwareshop.de\/index.php\/wp-json\/wp\/v2\/product\/79085","targetHints":{"allow":["GET"]}}],"collection":[{"href":"https:\/\/onlinehardwareshop.de\/index.php\/wp-json\/wp\/v2\/product"}],"about":[{"href":"https:\/\/onlinehardwareshop.de\/index.php\/wp-json\/wp\/v2\/types\/product"}],"replies":[{"embeddable":true,"href":"https:\/\/onlinehardwareshop.de\/index.php\/wp-json\/wp\/v2\/comments?post=79085"}],"wp:attachment":[{"href":"https:\/\/onlinehardwareshop.de\/index.php\/wp-json\/wp\/v2\/media?parent=79085"}],"wp:term":[{"taxonomy":"brand","embeddable":true,"href":"https:\/\/onlinehardwareshop.de\/index.php\/wp-json\/wp\/v2\/brand?post=79085"},{"taxonomy":"product_brand","embeddable":true,"href":"https:\/\/onlinehardwareshop.de\/index.php\/wp-json\/wp\/v2\/product_brand?post=79085"},{"taxonomy":"product_cat","embeddable":true,"href":"https:\/\/onlinehardwareshop.de\/index.php\/wp-json\/wp\/v2\/product_cat?post=79085"},{"taxonomy":"product_tag","embeddable":true,"href":"https:\/\/onlinehardwareshop.de\/index.php\/wp-json\/wp\/v2\/product_tag?post=79085"}],"curies":[{"name":"wp","href":"https:\/\/api.w.org\/{rel}","templated":true}]}}