{"id":79069,"date":"2024-08-22T17:58:49","date_gmt":"2024-08-22T17:58:49","guid":{"rendered":"https:\/\/onlinehardwareshop.de\/index.php\/produkt\/pgytech-schultergurt-grn-2\/"},"modified":"2025-05-14T11:16:26","modified_gmt":"2025-05-14T11:16:26","slug":"pgytech-schultergurt-grn","status":"publish","type":"product","link":"https:\/\/onlinehardwareshop.de\/index.php\/produkt\/pgytech-schultergurt-grn\/","title":{"rendered":"PGYTECH Schultergurt Gr&#xFC;n"},"content":{"rendered":"<p>Mit dem PGYTECH Schultergurt Gr\u00fcn tr\u00e4gst du deine Kamera komfortabel einen ganzen Tag \u00fcber der Schulter. In der Mitte des Gurts befindest sich ein weiches Polster, weshalb er nicht an deinem Nacken scheuert. Du befestigst den Gurt mit dem Quick-Beads-Schnellwechselsystem an deiner Kamera. Dadurch l\u00f6st du den Gurt per Knopfdruck von deiner Kamera, was praktisch ist, wenn du sie eben nicht brauchst. Dank des einfachen Schnellwechselsystems wechselst du auch schnell zwischen verschiedenen PGYTECH Tragegurten. So tauschst du ihn beispielsweise gegen einen Handgelenksgurt aus.<\/p>\n","protected":false},"excerpt":{"rendered":"<p>Mit dem PGYTECH Schultergurt Gr\u00fcn tr\u00e4gst du deine Kamera komfortabel einen ganzen Tag \u00fcber der Schulter. In der Mitte des Gurts befindest sich ein weiches Polster, weshalb er nicht an deinem Nacken scheuert. Du befestigst den Gurt mit dem Quick-Beads-Schnellwechselsystem an deiner Kamera. Dadurch l\u00f6st du den Gurt per Knopfdruck von deiner Kamera, was praktisch ist, wenn du sie eben nicht brauchst. Dank des einfachen Schnellwechselsystems wechselst du auch schnell zwischen verschiedenen PGYTECH Tragegurten. So tauschst du ihn beispielsweise gegen einen Handgelenksgurt aus.<\/p>\n","protected":false},"featured_media":0,"comment_status":"closed","ping_status":"open","template":"","meta":{"_acf_changed":false},"brand":[4046],"product_brand":[],"product_cat":[2460],"product_tag":[2461],"class_list":{"0":"post-79069","1":"product","2":"type-product","3":"status-publish","5":"brand-pgytech","6":"product_cat-tragegurte","7":"product_tag-draagriemen-voor-fotocameras","8":"pa_condition-new","9":"pa_coolblue-de-verzending-morgen-gratis-geliefert","10":"pa_ean-18954","11":"pa_mpn-p-cb-120","13":"first","14":"instock","15":"product-type-external"},"acf":[],"_links":{"self":[{"href":"https:\/\/onlinehardwareshop.de\/index.php\/wp-json\/wp\/v2\/product\/79069","targetHints":{"allow":["GET"]}}],"collection":[{"href":"https:\/\/onlinehardwareshop.de\/index.php\/wp-json\/wp\/v2\/product"}],"about":[{"href":"https:\/\/onlinehardwareshop.de\/index.php\/wp-json\/wp\/v2\/types\/product"}],"replies":[{"embeddable":true,"href":"https:\/\/onlinehardwareshop.de\/index.php\/wp-json\/wp\/v2\/comments?post=79069"}],"wp:attachment":[{"href":"https:\/\/onlinehardwareshop.de\/index.php\/wp-json\/wp\/v2\/media?parent=79069"}],"wp:term":[{"taxonomy":"brand","embeddable":true,"href":"https:\/\/onlinehardwareshop.de\/index.php\/wp-json\/wp\/v2\/brand?post=79069"},{"taxonomy":"product_brand","embeddable":true,"href":"https:\/\/onlinehardwareshop.de\/index.php\/wp-json\/wp\/v2\/product_brand?post=79069"},{"taxonomy":"product_cat","embeddable":true,"href":"https:\/\/onlinehardwareshop.de\/index.php\/wp-json\/wp\/v2\/product_cat?post=79069"},{"taxonomy":"product_tag","embeddable":true,"href":"https:\/\/onlinehardwareshop.de\/index.php\/wp-json\/wp\/v2\/product_tag?post=79069"}],"curies":[{"name":"wp","href":"https:\/\/api.w.org\/{rel}","templated":true}]}}