{"id":79029,"date":"2024-03-25T12:56:54","date_gmt":"2024-03-25T12:56:54","guid":{"rendered":"https:\/\/onlinehardwareshop.de\/index.php\/produkt\/weber-master-touch-premium-e-5770-schwarz-abdeckung-2\/"},"modified":"2025-05-14T11:12:35","modified_gmt":"2025-05-14T11:12:35","slug":"weber-master-touch-premium-e-5770-schwarz-abdeckung","status":"publish","type":"product","link":"https:\/\/onlinehardwareshop.de\/index.php\/produkt\/weber-master-touch-premium-e-5770-schwarz-abdeckung\/","title":{"rendered":"Weber Master Touch Premium E-5770 Schwarz + Abdeckung"},"content":{"rendered":"<p>Ob Grillen, Braten oder R\u00e4uchern, mit dem Weber Master Touch Premium E-5570 Schwarz ist alles m\u00f6glich. Deshalb ist dieser Holzkohlegrill auch genau das Richtige f\u00fcr echte Grillfans. Der Grill verf\u00fcgt \u00fcber einen Holzkohlering, \u00fcber den du die Holzkohle ganz einfach an den Rand schiebst und somit indirekt grillst. Dank der beigef\u00fcgten Diffuser Plate h\u00e4ltst du die Temperatur beim R\u00e4uchern problemlos konstant. Der Grill hat das Weber GBS Grillrost, sodass du auf diesem Grill nicht nur grillst, sondern zum Beispiel auch Pizzen oder Wok-Gerichte zubereitest. Dazu ben\u00f6tigst du dann das Weber GBS Zubeh\u00f6r (nicht mitgeliefert). Der Deckel dieses Grills verf\u00fcgt \u00fcber ein Federscharnier, wodurch er sich leicht \u00f6ffnen und schlie\u00dfen l\u00e4sst. Steht dein Grill den Sommer \u00fcber drau\u00dfen? Mit der mitgelieferten Abdeckung sch\u00fctzt du den Grill vor Regen, Sonneneinstrahlung und Schmutz.<\/p>\n","protected":false},"excerpt":{"rendered":"<p>Ob Grillen, Braten oder R\u00e4uchern, mit dem Weber Master Touch Premium E-5570 Schwarz ist alles m\u00f6glich. Deshalb ist dieser Holzkohlegrill auch genau das Richtige f\u00fcr echte Grillfans. Der Grill verf\u00fcgt \u00fcber einen Holzkohlering, \u00fcber den du die Holzkohle ganz einfach an den Rand schiebst und somit indirekt grillst. Dank der beigef\u00fcgten Diffuser Plate h\u00e4ltst du die Temperatur beim R\u00e4uchern problemlos konstant. Der Grill hat das Weber GBS Grillrost, sodass du auf diesem Grill nicht nur grillst, sondern zum Beispiel auch Pizzen oder Wok-Gerichte zubereitest. Dazu ben\u00f6tigst du dann das Weber GBS Zubeh\u00f6r (nicht mitgeliefert). Der Deckel dieses Grills verf\u00fcgt \u00fcber ein Federscharnier, wodurch er sich leicht \u00f6ffnen und schlie\u00dfen l\u00e4sst. Steht dein Grill den Sommer \u00fcber drau\u00dfen? Mit der mitgelieferten Abdeckung sch\u00fctzt du den Grill vor Regen, Sonneneinstrahlung und Schmutz.<\/p>\n","protected":false},"featured_media":0,"comment_status":"closed","ping_status":"open","template":"","meta":{"_acf_changed":false},"brand":[698],"product_brand":[],"product_cat":[699],"product_tag":[700],"class_list":{"0":"post-79029","1":"product","2":"type-product","3":"status-publish","5":"brand-weber","6":"product_cat-grills","7":"product_tag-houtskool-barbecues","8":"pa_condition-new","9":"pa_coolblue-de-verzending-morgen-gratis-geliefert","10":"pa_ean-18872","12":"first","13":"instock","14":"product-type-external"},"acf":[],"_links":{"self":[{"href":"https:\/\/onlinehardwareshop.de\/index.php\/wp-json\/wp\/v2\/product\/79029","targetHints":{"allow":["GET"]}}],"collection":[{"href":"https:\/\/onlinehardwareshop.de\/index.php\/wp-json\/wp\/v2\/product"}],"about":[{"href":"https:\/\/onlinehardwareshop.de\/index.php\/wp-json\/wp\/v2\/types\/product"}],"replies":[{"embeddable":true,"href":"https:\/\/onlinehardwareshop.de\/index.php\/wp-json\/wp\/v2\/comments?post=79029"}],"wp:attachment":[{"href":"https:\/\/onlinehardwareshop.de\/index.php\/wp-json\/wp\/v2\/media?parent=79029"}],"wp:term":[{"taxonomy":"brand","embeddable":true,"href":"https:\/\/onlinehardwareshop.de\/index.php\/wp-json\/wp\/v2\/brand?post=79029"},{"taxonomy":"product_brand","embeddable":true,"href":"https:\/\/onlinehardwareshop.de\/index.php\/wp-json\/wp\/v2\/product_brand?post=79029"},{"taxonomy":"product_cat","embeddable":true,"href":"https:\/\/onlinehardwareshop.de\/index.php\/wp-json\/wp\/v2\/product_cat?post=79029"},{"taxonomy":"product_tag","embeddable":true,"href":"https:\/\/onlinehardwareshop.de\/index.php\/wp-json\/wp\/v2\/product_tag?post=79029"}],"curies":[{"name":"wp","href":"https:\/\/api.w.org\/{rel}","templated":true}]}}