{"id":79027,"date":"2024-06-01T17:23:49","date_gmt":"2024-06-01T17:23:49","guid":{"rendered":"https:\/\/onlinehardwareshop.de\/index.php\/produkt\/apple-macbook-air-15-2024-m3-8-10-24gb-2tb-mitternacht-qwertz-2\/"},"modified":"2025-05-14T11:12:30","modified_gmt":"2025-05-14T11:12:30","slug":"apple-macbook-air-15-2024-m3-8-10-24gb-2tb-mitternacht-qwertz","status":"publish","type":"product","link":"https:\/\/onlinehardwareshop.de\/index.php\/produkt\/apple-macbook-air-15-2024-m3-8-10-24gb-2tb-mitternacht-qwertz\/","title":{"rendered":"Apple MacBook Air 15&#34; (2024) M3 (8\/10) 24GB\/2TB Mitternacht QWERTZ"},"content":{"rendered":"<p>Mit dem Apple MacBook Air 15 Zoll (2024) M3 (8\/10) 24\u00a0GB\u00a0\/\u00a02\u00a0TB Mitternacht bearbeitest du reibungslos gro\u00dfe Filmprojekte und deine Videos rendern schnell. In der Zwischenzeit shoppst du online dein neues Outfit, schreibst Berichte in Pages und schaust deine Lieblingsserie. Der leistungsstarke M3-Chip und 24\u00a0GB Arbeitsspeicher erm\u00f6glichen dies. Egal, an welchem Projekt du arbeitest, Multitasking f\u00e4llt jetzt noch leichter. Am zugeklappten MacBook schlie\u00dft du n\u00e4mlich zwei externe Bildschirme an. Alle deine gro\u00dfen Foto- und Videodateien speicherst du auf der 2\u00a0TB gro\u00dfen SSD. Auf dem 15 Zoll gro\u00dfen Liquid Retina Bildschirm entgeht dir kein einziges Detail. Obwohl dieser Bildschirm gr\u00f6\u00dfer ist, hat das MacBook weiterhin ein geringes Gewicht: Mit 1,51 Kilogramm nimmst du dein MacBook nach wie vor m\u00fchelos unterwegs mit. Dank Wi-Fi 6E profitierst du von einem stabileren Netzwerk und arbeitest online reibungslos. \u00dcber zwischenzeitliches Laden musst du dir keine Gedanken machen, denn ein vollst\u00e4ndig aufgeladenes MacBook Air h\u00e4lt 18 Stunden oder l\u00e4nger durch.  Empfehlung unseres Apple-Experten Internet, E-Mail und Textverarbeitung: geeignet Filme und Serien ansehen: geeignet Fotobearbeitung: geeignet Videobearbeitung: geeignet 3D-Entw\u00fcrfe erstellen und rendern: ungeeignet, mindestens ein M3 Pro und 18\u00a0GB Arbeitsspeicher erforderlich Entwicklung von Apps in Xcode: ungeeignet, mindestens ein M3 Max Chip und 36\u00a0GB Arbeitsspeicher erforderlich Gaming: m\u00f6glich, aber haupts\u00e4chlich Low-End-Games. Es k\u00f6nnen aber alle Spiele von Apple Arcade gespielt werden<\/p>\n","protected":false},"excerpt":{"rendered":"<p>Mit dem Apple MacBook Air 15 Zoll (2024) M3 (8\/10) 24\u00a0GB\u00a0\/\u00a02\u00a0TB Mitternacht bearbeitest du reibungslos gro\u00dfe Filmprojekte und deine Videos rendern schnell. In der Zwischenzeit shoppst du online dein neues Outfit, schreibst Berichte in Pages und schaust deine Lieblingsserie. Der leistungsstarke M3-Chip und 24\u00a0GB Arbeitsspeicher erm\u00f6glichen dies. Egal, an welchem Projekt du arbeitest, Multitasking f\u00e4llt jetzt noch leichter. Am zugeklappten MacBook schlie\u00dft du n\u00e4mlich zwei externe Bildschirme an. Alle deine gro\u00dfen Foto- und Videodateien speicherst du auf der 2\u00a0TB gro\u00dfen SSD. Auf dem 15 Zoll gro\u00dfen Liquid Retina Bildschirm entgeht dir kein einziges Detail. Obwohl dieser Bildschirm gr\u00f6\u00dfer ist, hat das MacBook weiterhin ein geringes Gewicht: Mit 1,51 Kilogramm nimmst du dein MacBook nach wie vor m\u00fchelos unterwegs mit. Dank Wi-Fi 6E profitierst du von einem stabileren Netzwerk und arbeitest online reibungslos. \u00dcber zwischenzeitliches Laden musst du dir keine Gedanken machen, denn ein vollst\u00e4ndig aufgeladenes MacBook Air h\u00e4lt 18 Stunden oder l\u00e4nger durch.  Empfehlung unseres Apple-Experten Internet, E-Mail und Textverarbeitung: geeignet Filme und Serien ansehen: geeignet Fotobearbeitung: geeignet Videobearbeitung: geeignet 3D-Entw\u00fcrfe erstellen und rendern: ungeeignet, mindestens ein M3 Pro und 18\u00a0GB Arbeitsspeicher erforderlich Entwicklung von Apps in Xcode: ungeeignet, mindestens ein M3 Max Chip und 36\u00a0GB Arbeitsspeicher erforderlich Gaming: m\u00f6glich, aber haupts\u00e4chlich Low-End-Games. Es k\u00f6nnen aber alle Spiele von Apple Arcade gespielt werden<\/p>\n","protected":false},"featured_media":0,"comment_status":"closed","ping_status":"open","template":"","meta":{"_acf_changed":false},"brand":[148],"product_brand":[],"product_cat":[8884],"product_tag":[8885],"class_list":{"0":"post-79027","1":"product","2":"type-product","3":"status-publish","5":"brand-apple","6":"product_cat-laptops","7":"product_tag-macbooks-qwertz","8":"pa_condition-new","9":"pa_coolblue-de-verzending-morgen-gratis-geliefert","10":"pa_ean-18868","11":"pa_mpn-z1gg_344_de_cto","13":"first","14":"instock","15":"product-type-external"},"acf":[],"_links":{"self":[{"href":"https:\/\/onlinehardwareshop.de\/index.php\/wp-json\/wp\/v2\/product\/79027","targetHints":{"allow":["GET"]}}],"collection":[{"href":"https:\/\/onlinehardwareshop.de\/index.php\/wp-json\/wp\/v2\/product"}],"about":[{"href":"https:\/\/onlinehardwareshop.de\/index.php\/wp-json\/wp\/v2\/types\/product"}],"replies":[{"embeddable":true,"href":"https:\/\/onlinehardwareshop.de\/index.php\/wp-json\/wp\/v2\/comments?post=79027"}],"wp:attachment":[{"href":"https:\/\/onlinehardwareshop.de\/index.php\/wp-json\/wp\/v2\/media?parent=79027"}],"wp:term":[{"taxonomy":"brand","embeddable":true,"href":"https:\/\/onlinehardwareshop.de\/index.php\/wp-json\/wp\/v2\/brand?post=79027"},{"taxonomy":"product_brand","embeddable":true,"href":"https:\/\/onlinehardwareshop.de\/index.php\/wp-json\/wp\/v2\/product_brand?post=79027"},{"taxonomy":"product_cat","embeddable":true,"href":"https:\/\/onlinehardwareshop.de\/index.php\/wp-json\/wp\/v2\/product_cat?post=79027"},{"taxonomy":"product_tag","embeddable":true,"href":"https:\/\/onlinehardwareshop.de\/index.php\/wp-json\/wp\/v2\/product_tag?post=79027"}],"curies":[{"name":"wp","href":"https:\/\/api.w.org\/{rel}","templated":true}]}}