{"id":79012,"date":"2025-02-24T11:35:08","date_gmt":"2025-02-24T11:35:08","guid":{"rendered":"https:\/\/onlinehardwareshop.de\/index.php\/produkt\/kobo-libra-colour-notebook-sleep-cover-beige-2\/"},"modified":"2025-05-14T11:11:11","modified_gmt":"2025-05-14T11:11:11","slug":"kobo-libra-colour-notebook-sleep-cover-beige","status":"publish","type":"product","link":"https:\/\/onlinehardwareshop.de\/index.php\/produkt\/kobo-libra-colour-notebook-sleep-cover-beige\/","title":{"rendered":"Kobo Libra Colour Notebook Sleep Cover Beige"},"content":{"rendered":"<p>Sch\u00fctze deinen Libra Colour vor Dellen und Kratzern mit dem Kobo Notebook Colour Sleep Cover Beige. In der H\u00fclle ist zus\u00e4tzlicher Platz, um deinen Kobo Stylus aufzubewahren. So geht er nicht verloren und machst du schnell Notizen in deinen B\u00fcchern. Dank des Magnetverschlusses ist die H\u00fclle fest verschlossen, wenn du sie zuklappst. Dadurch sch\u00fctzt die H\u00fclle das Display sowie die Vorder- und R\u00fcckseite deines eBook-Readers. Deshalb steckst du deinen Libra Colour ruhigen Gewissens in die gleiche Tasche wie deine Schl\u00fcssel. Wenn du die H\u00fclle aufklappst, geht dein eBook-Reader direkt an. Sobald du ihn zuklappst, geht er in den Ruhemodus. Dadurch h\u00e4lt der Akku deines eBook-Readers l\u00e4nger. Mit diesem Notebook Sleep Cover h\u00e4ltst du deinen eBook-Reader beim Lesen immer fest. W\u00e4hle ein Sleep Cover, wenn du ihn auch mit einem St\u00e4nder hinstellen m\u00f6chtest.     Hinweis: Der Kobo Stylus 2 ist nicht im Lieferumfang enthalten. Bestelle ihn dir separat dazu.<\/p>\n","protected":false},"excerpt":{"rendered":"<p>Sch\u00fctze deinen Libra Colour vor Dellen und Kratzern mit dem Kobo Notebook Colour Sleep Cover Beige. In der H\u00fclle ist zus\u00e4tzlicher Platz, um deinen Kobo Stylus aufzubewahren. So geht er nicht verloren und machst du schnell Notizen in deinen B\u00fcchern. Dank des Magnetverschlusses ist die H\u00fclle fest verschlossen, wenn du sie zuklappst. Dadurch sch\u00fctzt die H\u00fclle das Display sowie die Vorder- und R\u00fcckseite deines eBook-Readers. Deshalb steckst du deinen Libra Colour ruhigen Gewissens in die gleiche Tasche wie deine Schl\u00fcssel. Wenn du die H\u00fclle aufklappst, geht dein eBook-Reader direkt an. Sobald du ihn zuklappst, geht er in den Ruhemodus. Dadurch h\u00e4lt der Akku deines eBook-Readers l\u00e4nger. Mit diesem Notebook Sleep Cover h\u00e4ltst du deinen eBook-Reader beim Lesen immer fest. W\u00e4hle ein Sleep Cover, wenn du ihn auch mit einem St\u00e4nder hinstellen m\u00f6chtest.     Hinweis: Der Kobo Stylus 2 ist nicht im Lieferumfang enthalten. Bestelle ihn dir separat dazu.<\/p>\n","protected":false},"featured_media":0,"comment_status":"closed","ping_status":"open","template":"","meta":{"_acf_changed":false},"brand":[8608],"product_brand":[],"product_cat":[13328],"product_tag":[13329],"class_list":{"0":"post-79012","1":"product","2":"type-product","3":"status-publish","5":"brand-kobo","6":"product_cat-hllen-fr-ebook-reader","7":"product_tag-cases-e-readers","8":"pa_condition-new","9":"pa_coolblue-de-verzending-morgen-gratis-geliefert","10":"pa_ean-18834","11":"pa_mpn-n428-ac-sb-n-pu","13":"first","14":"instock","15":"product-type-external"},"acf":[],"_links":{"self":[{"href":"https:\/\/onlinehardwareshop.de\/index.php\/wp-json\/wp\/v2\/product\/79012","targetHints":{"allow":["GET"]}}],"collection":[{"href":"https:\/\/onlinehardwareshop.de\/index.php\/wp-json\/wp\/v2\/product"}],"about":[{"href":"https:\/\/onlinehardwareshop.de\/index.php\/wp-json\/wp\/v2\/types\/product"}],"replies":[{"embeddable":true,"href":"https:\/\/onlinehardwareshop.de\/index.php\/wp-json\/wp\/v2\/comments?post=79012"}],"wp:attachment":[{"href":"https:\/\/onlinehardwareshop.de\/index.php\/wp-json\/wp\/v2\/media?parent=79012"}],"wp:term":[{"taxonomy":"brand","embeddable":true,"href":"https:\/\/onlinehardwareshop.de\/index.php\/wp-json\/wp\/v2\/brand?post=79012"},{"taxonomy":"product_brand","embeddable":true,"href":"https:\/\/onlinehardwareshop.de\/index.php\/wp-json\/wp\/v2\/product_brand?post=79012"},{"taxonomy":"product_cat","embeddable":true,"href":"https:\/\/onlinehardwareshop.de\/index.php\/wp-json\/wp\/v2\/product_cat?post=79012"},{"taxonomy":"product_tag","embeddable":true,"href":"https:\/\/onlinehardwareshop.de\/index.php\/wp-json\/wp\/v2\/product_tag?post=79012"}],"curies":[{"name":"wp","href":"https:\/\/api.w.org\/{rel}","templated":true}]}}