{"id":79010,"date":"2024-07-08T04:51:40","date_gmt":"2024-07-08T04:51:40","guid":{"rendered":"https:\/\/onlinehardwareshop.de\/index.php\/produkt\/kobo-libra-colour-sleep-cover-blau-2\/"},"modified":"2025-05-14T11:11:01","modified_gmt":"2025-05-14T11:11:01","slug":"kobo-libra-colour-sleep-cover-blau","status":"publish","type":"product","link":"https:\/\/onlinehardwareshop.de\/index.php\/produkt\/kobo-libra-colour-sleep-cover-blau\/","title":{"rendered":"Kobo Libra Colour Sleep Cover Blau"},"content":{"rendered":"<p>Sch\u00fctze deinen Libra Colour vor Dellen und Kratzern mit dem Kobo Colour Sleep Cover Blau. Dank des Magnetverschlusses ist die H\u00fclle fest verschlossen, wenn du sie zuklappst. Dadurch sch\u00fctzt die H\u00fclle das Display sowie die Vorder- und R\u00fcckseite deines eBook-Readers. Deshalb steckst du deinen Libra Colour ruhigen Gewissens in die gleiche Tasche wie deine Schl\u00fcssel. Du hast keine Lust, deinen eBook-Reader beim Lesen festzuhalten? Mit der Frontklappe mit integriertem St\u00e4nder stellst du den eBook-Reader aufrecht hin. Wenn du die H\u00fclle aufklappst, geht dein eBook-Reader direkt an. Sobald du sie zuklappst, geht er in den Ruhemodus. Dadurch h\u00e4lt der Akku deines eBook-Readers l\u00e4nger.  Hinweis: Der Kobo Stylus 2 ist nicht im Lieferumfang enthalten. Bestelle ihn dir separat dazu.<\/p>\n","protected":false},"excerpt":{"rendered":"<p>Sch\u00fctze deinen Libra Colour vor Dellen und Kratzern mit dem Kobo Colour Sleep Cover Blau. Dank des Magnetverschlusses ist die H\u00fclle fest verschlossen, wenn du sie zuklappst. Dadurch sch\u00fctzt die H\u00fclle das Display sowie die Vorder- und R\u00fcckseite deines eBook-Readers. Deshalb steckst du deinen Libra Colour ruhigen Gewissens in die gleiche Tasche wie deine Schl\u00fcssel. Du hast keine Lust, deinen eBook-Reader beim Lesen festzuhalten? Mit der Frontklappe mit integriertem St\u00e4nder stellst du den eBook-Reader aufrecht hin. Wenn du die H\u00fclle aufklappst, geht dein eBook-Reader direkt an. Sobald du sie zuklappst, geht er in den Ruhemodus. Dadurch h\u00e4lt der Akku deines eBook-Readers l\u00e4nger.  Hinweis: Der Kobo Stylus 2 ist nicht im Lieferumfang enthalten. Bestelle ihn dir separat dazu.<\/p>\n","protected":false},"featured_media":0,"comment_status":"closed","ping_status":"open","template":"","meta":{"_acf_changed":false},"brand":[8608],"product_brand":[],"product_cat":[13328],"product_tag":[13329],"class_list":{"0":"post-79010","1":"product","2":"type-product","3":"status-publish","5":"brand-kobo","6":"product_cat-hllen-fr-ebook-reader","7":"product_tag-cases-e-readers","8":"pa_condition-new","9":"pa_coolblue-de-verzending-morgen-gratis-geliefert","10":"pa_ean-18830","11":"pa_mpn-n428-ac-bl-e-pu","13":"first","14":"instock","15":"product-type-external"},"acf":[],"_links":{"self":[{"href":"https:\/\/onlinehardwareshop.de\/index.php\/wp-json\/wp\/v2\/product\/79010","targetHints":{"allow":["GET"]}}],"collection":[{"href":"https:\/\/onlinehardwareshop.de\/index.php\/wp-json\/wp\/v2\/product"}],"about":[{"href":"https:\/\/onlinehardwareshop.de\/index.php\/wp-json\/wp\/v2\/types\/product"}],"replies":[{"embeddable":true,"href":"https:\/\/onlinehardwareshop.de\/index.php\/wp-json\/wp\/v2\/comments?post=79010"}],"wp:attachment":[{"href":"https:\/\/onlinehardwareshop.de\/index.php\/wp-json\/wp\/v2\/media?parent=79010"}],"wp:term":[{"taxonomy":"brand","embeddable":true,"href":"https:\/\/onlinehardwareshop.de\/index.php\/wp-json\/wp\/v2\/brand?post=79010"},{"taxonomy":"product_brand","embeddable":true,"href":"https:\/\/onlinehardwareshop.de\/index.php\/wp-json\/wp\/v2\/product_brand?post=79010"},{"taxonomy":"product_cat","embeddable":true,"href":"https:\/\/onlinehardwareshop.de\/index.php\/wp-json\/wp\/v2\/product_cat?post=79010"},{"taxonomy":"product_tag","embeddable":true,"href":"https:\/\/onlinehardwareshop.de\/index.php\/wp-json\/wp\/v2\/product_tag?post=79010"}],"curies":[{"name":"wp","href":"https:\/\/api.w.org\/{rel}","templated":true}]}}