{"id":79005,"date":"2024-08-29T00:59:02","date_gmt":"2024-08-29T00:59:02","guid":{"rendered":"https:\/\/onlinehardwareshop.de\/index.php\/produkt\/kobo-clara-bw-colour-sleep-cover-grn-2\/"},"modified":"2025-05-14T11:10:29","modified_gmt":"2025-05-14T11:10:29","slug":"kobo-clara-bw-colour-sleep-cover-grn","status":"publish","type":"product","link":"https:\/\/onlinehardwareshop.de\/index.php\/produkt\/kobo-clara-bw-colour-sleep-cover-grn\/","title":{"rendered":"Kobo Clara BW \/ Colour Sleep Cover Gr&#xFC;n"},"content":{"rendered":"<p>Sch\u00fctze deinen Kobo Clara BW oder Clara Colour vor Dellen und Kratzern mit dem Kobo Clara BW \/ Colour Sleep Cover Gr\u00fcn. Dank des Magnetverschlusses ist die H\u00fclle fest verschlossen, wenn du sie zuklappst. Dadurch sch\u00fctzt die H\u00fclle das Display sowie die Vorder- und R\u00fcckseite deines eBook-Readers. Deshalb steckst du deinen Clara BW oder Clara Colour ruhigen Gewissens in die gleiche Tasche wie deine Schl\u00fcssel. Du hast keine Lust, deinen eBook-Reader beim Lesen festzuhalten? Mit der Frontklappe mit integriertem St\u00e4nder stellst du den eBook-Reader aufrecht hin. Wenn du die H\u00fclle aufklappst, geht dein eBook-Reader direkt an. Sobald du sie zuklappst, geht er in den Ruhemodus. Dadurch h\u00e4lt der Akku deines eBook-Readers l\u00e4nger.<\/p>\n","protected":false},"excerpt":{"rendered":"<p>Sch\u00fctze deinen Kobo Clara BW oder Clara Colour vor Dellen und Kratzern mit dem Kobo Clara BW \/ Colour Sleep Cover Gr\u00fcn. Dank des Magnetverschlusses ist die H\u00fclle fest verschlossen, wenn du sie zuklappst. Dadurch sch\u00fctzt die H\u00fclle das Display sowie die Vorder- und R\u00fcckseite deines eBook-Readers. Deshalb steckst du deinen Clara BW oder Clara Colour ruhigen Gewissens in die gleiche Tasche wie deine Schl\u00fcssel. Du hast keine Lust, deinen eBook-Reader beim Lesen festzuhalten? Mit der Frontklappe mit integriertem St\u00e4nder stellst du den eBook-Reader aufrecht hin. Wenn du die H\u00fclle aufklappst, geht dein eBook-Reader direkt an. Sobald du sie zuklappst, geht er in den Ruhemodus. Dadurch h\u00e4lt der Akku deines eBook-Readers l\u00e4nger.<\/p>\n","protected":false},"featured_media":0,"comment_status":"closed","ping_status":"open","template":"","meta":{"_acf_changed":false},"brand":[8608],"product_brand":[],"product_cat":[13328],"product_tag":[13329],"class_list":{"0":"post-79005","1":"product","2":"type-product","3":"status-publish","5":"brand-kobo","6":"product_cat-hllen-fr-ebook-reader","7":"product_tag-cases-e-readers","8":"pa_condition-new","9":"pa_coolblue-de-verzending-morgen-gratis-geliefert","10":"pa_ean-18818","11":"pa_mpn-n365-ac-gr-e-pu","13":"first","14":"instock","15":"product-type-external"},"acf":[],"_links":{"self":[{"href":"https:\/\/onlinehardwareshop.de\/index.php\/wp-json\/wp\/v2\/product\/79005","targetHints":{"allow":["GET"]}}],"collection":[{"href":"https:\/\/onlinehardwareshop.de\/index.php\/wp-json\/wp\/v2\/product"}],"about":[{"href":"https:\/\/onlinehardwareshop.de\/index.php\/wp-json\/wp\/v2\/types\/product"}],"replies":[{"embeddable":true,"href":"https:\/\/onlinehardwareshop.de\/index.php\/wp-json\/wp\/v2\/comments?post=79005"}],"wp:attachment":[{"href":"https:\/\/onlinehardwareshop.de\/index.php\/wp-json\/wp\/v2\/media?parent=79005"}],"wp:term":[{"taxonomy":"brand","embeddable":true,"href":"https:\/\/onlinehardwareshop.de\/index.php\/wp-json\/wp\/v2\/brand?post=79005"},{"taxonomy":"product_brand","embeddable":true,"href":"https:\/\/onlinehardwareshop.de\/index.php\/wp-json\/wp\/v2\/product_brand?post=79005"},{"taxonomy":"product_cat","embeddable":true,"href":"https:\/\/onlinehardwareshop.de\/index.php\/wp-json\/wp\/v2\/product_cat?post=79005"},{"taxonomy":"product_tag","embeddable":true,"href":"https:\/\/onlinehardwareshop.de\/index.php\/wp-json\/wp\/v2\/product_tag?post=79005"}],"curies":[{"name":"wp","href":"https:\/\/api.w.org\/{rel}","templated":true}]}}