{"id":79003,"date":"2024-01-29T11:19:24","date_gmt":"2024-01-29T11:19:24","guid":{"rendered":"https:\/\/onlinehardwareshop.de\/index.php\/produkt\/philips-hr3030-00-2\/"},"modified":"2025-05-14T11:10:20","modified_gmt":"2025-05-14T11:10:20","slug":"philips-hr3030-00","status":"publish","type":"product","link":"https:\/\/onlinehardwareshop.de\/index.php\/produkt\/philips-hr3030-00\/","title":{"rendered":"Philips HR3030\/00"},"content":{"rendered":"<p>Mit dem Philips HR3030\/00 Standmixer verarbeitest du m\u00fchelos sowohl harte als auch weiche Zutaten. Daf\u00fcr sorgt der leistungsstarke 1200-Watt-Motor. Mit dem mitgelieferten Stampfer dr\u00fcckst du dickere Zutaten nach unten, um alles gleichm\u00e4\u00dfig zu mixen. Der Mixbeh\u00e4lter aus Glas ist hitzebest\u00e4ndig und nimmt keine Ger\u00fcche, Farben oder Aromen an. Praktisch, so bereitest du auch warme So\u00dfen oder Suppen zu und er h\u00e4lt l\u00e4nger. Du bedienst den Standmixer mit den drei Geschwindigkeitsstufen. M\u00f6chtest du keine gro\u00dfen St\u00fccke in deinem Getr\u00e4nk haben? Dann w\u00e4hlst du die Impulsfunktion. Der Mixbeh\u00e4lter hat ein Fassungsverm\u00f6gen von zwei Litern. Das reicht f\u00fcr etwa sieben bis acht Gl\u00e4ser. Nach dem Gebrauch reinigst du die einzelnen Teile in der Sp\u00fclmaschine.<\/p>\n","protected":false},"excerpt":{"rendered":"<p>Mit dem Philips HR3030\/00 Standmixer verarbeitest du m\u00fchelos sowohl harte als auch weiche Zutaten. Daf\u00fcr sorgt der leistungsstarke 1200-Watt-Motor. Mit dem mitgelieferten Stampfer dr\u00fcckst du dickere Zutaten nach unten, um alles gleichm\u00e4\u00dfig zu mixen. Der Mixbeh\u00e4lter aus Glas ist hitzebest\u00e4ndig und nimmt keine Ger\u00fcche, Farben oder Aromen an. Praktisch, so bereitest du auch warme So\u00dfen oder Suppen zu und er h\u00e4lt l\u00e4nger. Du bedienst den Standmixer mit den drei Geschwindigkeitsstufen. M\u00f6chtest du keine gro\u00dfen St\u00fccke in deinem Getr\u00e4nk haben? Dann w\u00e4hlst du die Impulsfunktion. Der Mixbeh\u00e4lter hat ein Fassungsverm\u00f6gen von zwei Litern. Das reicht f\u00fcr etwa sieben bis acht Gl\u00e4ser. Nach dem Gebrauch reinigst du die einzelnen Teile in der Sp\u00fclmaschine.<\/p>\n","protected":false},"featured_media":0,"comment_status":"closed","ping_status":"open","template":"","meta":{"_acf_changed":false},"brand":[1382],"product_brand":[],"product_cat":[1606],"product_tag":[1607],"class_list":{"0":"post-79003","1":"product","2":"type-product","3":"status-publish","5":"brand-philips","6":"product_cat-standmixer","7":"product_tag-blenders","8":"pa_condition-new","9":"pa_coolblue-de-verzending-morgen-gratis-geliefert","10":"pa_ean-18814","11":"pa_mpn-hr3030-00","13":"first","14":"instock","15":"product-type-external"},"acf":[],"_links":{"self":[{"href":"https:\/\/onlinehardwareshop.de\/index.php\/wp-json\/wp\/v2\/product\/79003","targetHints":{"allow":["GET"]}}],"collection":[{"href":"https:\/\/onlinehardwareshop.de\/index.php\/wp-json\/wp\/v2\/product"}],"about":[{"href":"https:\/\/onlinehardwareshop.de\/index.php\/wp-json\/wp\/v2\/types\/product"}],"replies":[{"embeddable":true,"href":"https:\/\/onlinehardwareshop.de\/index.php\/wp-json\/wp\/v2\/comments?post=79003"}],"wp:attachment":[{"href":"https:\/\/onlinehardwareshop.de\/index.php\/wp-json\/wp\/v2\/media?parent=79003"}],"wp:term":[{"taxonomy":"brand","embeddable":true,"href":"https:\/\/onlinehardwareshop.de\/index.php\/wp-json\/wp\/v2\/brand?post=79003"},{"taxonomy":"product_brand","embeddable":true,"href":"https:\/\/onlinehardwareshop.de\/index.php\/wp-json\/wp\/v2\/product_brand?post=79003"},{"taxonomy":"product_cat","embeddable":true,"href":"https:\/\/onlinehardwareshop.de\/index.php\/wp-json\/wp\/v2\/product_cat?post=79003"},{"taxonomy":"product_tag","embeddable":true,"href":"https:\/\/onlinehardwareshop.de\/index.php\/wp-json\/wp\/v2\/product_tag?post=79003"}],"curies":[{"name":"wp","href":"https:\/\/api.w.org\/{rel}","templated":true}]}}