{"id":79002,"date":"2024-10-22T03:42:18","date_gmt":"2024-10-22T03:42:18","guid":{"rendered":"https:\/\/onlinehardwareshop.de\/index.php\/produkt\/philips-hr2765-00-2\/"},"modified":"2025-05-14T11:10:15","modified_gmt":"2025-05-14T11:10:15","slug":"philips-hr2765-00","status":"publish","type":"product","link":"https:\/\/onlinehardwareshop.de\/index.php\/produkt\/philips-hr2765-00\/","title":{"rendered":"Philips HR2765\/00"},"content":{"rendered":"<p>Mit dem Philips HR2765\/00 Standmixer trinkst du dank des mitgelieferten To-go-Deckels direkt aus dem Mixbeh\u00e4lter. Das ist praktisch, denn so musst du nicht umf\u00fcllen und versch\u00fcttest nichts. Der Standmixer verf\u00fcgt \u00fcber eine hohe Leistung von 800 Watt. Damit verarbeitest du harte und weiche Zutaten wie N\u00fcsse und gefrorene Fr\u00fcchte m\u00fchelos. Dank des speziellen ProBlend Plus Mixbeh\u00e4lters wird das Mixgut nach unten gedr\u00fcckt, sodass ein besonders cremiges Ergebnis entsteht. Der Mixbeh\u00e4lter aus Tritan ist leicht und robuster als ein Mixbeh\u00e4lter aus Kunststoff. Praktisch, denn so h\u00e4lt er l\u00e4nger. Nach dem Gebrauch reinigst du die einzelnen Teile in der Sp\u00fclmaschine.<\/p>\n","protected":false},"excerpt":{"rendered":"<p>Mit dem Philips HR2765\/00 Standmixer trinkst du dank des mitgelieferten To-go-Deckels direkt aus dem Mixbeh\u00e4lter. Das ist praktisch, denn so musst du nicht umf\u00fcllen und versch\u00fcttest nichts. Der Standmixer verf\u00fcgt \u00fcber eine hohe Leistung von 800 Watt. Damit verarbeitest du harte und weiche Zutaten wie N\u00fcsse und gefrorene Fr\u00fcchte m\u00fchelos. Dank des speziellen ProBlend Plus Mixbeh\u00e4lters wird das Mixgut nach unten gedr\u00fcckt, sodass ein besonders cremiges Ergebnis entsteht. Der Mixbeh\u00e4lter aus Tritan ist leicht und robuster als ein Mixbeh\u00e4lter aus Kunststoff. Praktisch, denn so h\u00e4lt er l\u00e4nger. Nach dem Gebrauch reinigst du die einzelnen Teile in der Sp\u00fclmaschine.<\/p>\n","protected":false},"featured_media":0,"comment_status":"closed","ping_status":"open","template":"","meta":{"_acf_changed":false},"brand":[1382],"product_brand":[],"product_cat":[1606],"product_tag":[1607],"class_list":{"0":"post-79002","1":"product","2":"type-product","3":"status-publish","5":"brand-philips","6":"product_cat-standmixer","7":"product_tag-blenders","8":"pa_condition-new","9":"pa_coolblue-de-verzending-morgen-gratis-geliefert","10":"pa_ean-27387","11":"pa_mpn-hr2765-00","13":"first","14":"instock","15":"product-type-external"},"acf":[],"_links":{"self":[{"href":"https:\/\/onlinehardwareshop.de\/index.php\/wp-json\/wp\/v2\/product\/79002","targetHints":{"allow":["GET"]}}],"collection":[{"href":"https:\/\/onlinehardwareshop.de\/index.php\/wp-json\/wp\/v2\/product"}],"about":[{"href":"https:\/\/onlinehardwareshop.de\/index.php\/wp-json\/wp\/v2\/types\/product"}],"replies":[{"embeddable":true,"href":"https:\/\/onlinehardwareshop.de\/index.php\/wp-json\/wp\/v2\/comments?post=79002"}],"wp:attachment":[{"href":"https:\/\/onlinehardwareshop.de\/index.php\/wp-json\/wp\/v2\/media?parent=79002"}],"wp:term":[{"taxonomy":"brand","embeddable":true,"href":"https:\/\/onlinehardwareshop.de\/index.php\/wp-json\/wp\/v2\/brand?post=79002"},{"taxonomy":"product_brand","embeddable":true,"href":"https:\/\/onlinehardwareshop.de\/index.php\/wp-json\/wp\/v2\/product_brand?post=79002"},{"taxonomy":"product_cat","embeddable":true,"href":"https:\/\/onlinehardwareshop.de\/index.php\/wp-json\/wp\/v2\/product_cat?post=79002"},{"taxonomy":"product_tag","embeddable":true,"href":"https:\/\/onlinehardwareshop.de\/index.php\/wp-json\/wp\/v2\/product_tag?post=79002"}],"curies":[{"name":"wp","href":"https:\/\/api.w.org\/{rel}","templated":true}]}}