{"id":78915,"date":"2024-07-29T13:29:34","date_gmt":"2024-07-29T13:29:34","guid":{"rendered":"https:\/\/onlinehardwareshop.de\/index.php\/produkt\/samsung-microsdxc-evo-plus-2024-512gb-2\/"},"modified":"2025-05-14T11:03:10","modified_gmt":"2025-05-14T11:03:10","slug":"samsung-microsdxc-evo-plus-2024-512gb","status":"publish","type":"product","link":"https:\/\/onlinehardwareshop.de\/index.php\/produkt\/samsung-microsdxc-evo-plus-2024-512gb\/","title":{"rendered":"Samsung microSDXC EVO Plus (2024) 512GB"},"content":{"rendered":"<p>Speichere die Fotos und Videos deiner Kamera, deines Telefons, Tablets oder deiner Drohe auf der Samsung EVO Plus (2024) microSD 512\u00a0GB Speicherkarte. Diese Speicherkarte bietet dir mit etwa 120.000 Full-HD-Fotos oder 70 Stunden an Full-HD-Material immer ausreichend Platz, um deine langen Reisen auf Bildern festzuhalten. Beispielsweise eine Safari oder die n\u00e4chste Kreuzfahrt. Mit der Lesegeschwindigkeit von 160 Megabytes \u00f6ffnest du Dateien innerhalb weniger Sekunden. Zu dieser Speicherkarte erh\u00e4ltst du einen SD-Karten-Adapter, mit dem du deine Karte problemlos in einen gr\u00f6\u00dferen Kartenslot einschiebst. Du erh\u00e4ltst von Samsung au\u00dferdem zehn Jahre Garantie auf diese Speicherkarte.<\/p>\n","protected":false},"excerpt":{"rendered":"<p>Speichere die Fotos und Videos deiner Kamera, deines Telefons, Tablets oder deiner Drohe auf der Samsung EVO Plus (2024) microSD 512\u00a0GB Speicherkarte. Diese Speicherkarte bietet dir mit etwa 120.000 Full-HD-Fotos oder 70 Stunden an Full-HD-Material immer ausreichend Platz, um deine langen Reisen auf Bildern festzuhalten. Beispielsweise eine Safari oder die n\u00e4chste Kreuzfahrt. Mit der Lesegeschwindigkeit von 160 Megabytes \u00f6ffnest du Dateien innerhalb weniger Sekunden. Zu dieser Speicherkarte erh\u00e4ltst du einen SD-Karten-Adapter, mit dem du deine Karte problemlos in einen gr\u00f6\u00dferen Kartenslot einschiebst. Du erh\u00e4ltst von Samsung au\u00dferdem zehn Jahre Garantie auf diese Speicherkarte.<\/p>\n","protected":false},"featured_media":0,"comment_status":"closed","ping_status":"open","template":"","meta":{"_acf_changed":false},"brand":[1165],"product_brand":[],"product_cat":[1848],"product_tag":[1849],"class_list":{"0":"post-78915","1":"product","2":"type-product","3":"status-publish","5":"brand-samsung","6":"product_cat-speicherkarten","7":"product_tag-micro-sd-geheugenkaarten","8":"pa_condition-new","9":"pa_coolblue-de-verzending-morgen-gratis-geliefert","10":"pa_ean-18637","11":"pa_mpn-mb-mc512sa-eu","13":"first","14":"instock","15":"product-type-external"},"acf":[],"_links":{"self":[{"href":"https:\/\/onlinehardwareshop.de\/index.php\/wp-json\/wp\/v2\/product\/78915","targetHints":{"allow":["GET"]}}],"collection":[{"href":"https:\/\/onlinehardwareshop.de\/index.php\/wp-json\/wp\/v2\/product"}],"about":[{"href":"https:\/\/onlinehardwareshop.de\/index.php\/wp-json\/wp\/v2\/types\/product"}],"replies":[{"embeddable":true,"href":"https:\/\/onlinehardwareshop.de\/index.php\/wp-json\/wp\/v2\/comments?post=78915"}],"wp:attachment":[{"href":"https:\/\/onlinehardwareshop.de\/index.php\/wp-json\/wp\/v2\/media?parent=78915"}],"wp:term":[{"taxonomy":"brand","embeddable":true,"href":"https:\/\/onlinehardwareshop.de\/index.php\/wp-json\/wp\/v2\/brand?post=78915"},{"taxonomy":"product_brand","embeddable":true,"href":"https:\/\/onlinehardwareshop.de\/index.php\/wp-json\/wp\/v2\/product_brand?post=78915"},{"taxonomy":"product_cat","embeddable":true,"href":"https:\/\/onlinehardwareshop.de\/index.php\/wp-json\/wp\/v2\/product_cat?post=78915"},{"taxonomy":"product_tag","embeddable":true,"href":"https:\/\/onlinehardwareshop.de\/index.php\/wp-json\/wp\/v2\/product_tag?post=78915"}],"curies":[{"name":"wp","href":"https:\/\/api.w.org\/{rel}","templated":true}]}}